{"id":3784,"date":"2016-07-19T21:14:37","date_gmt":"2016-07-19T21:14:37","guid":{"rendered":"http:\/\/equipomedicocentral.com\/wordpress\/product\/spacelabs-ultraview-1700\/"},"modified":"2023-08-23T06:00:14","modified_gmt":"2023-08-23T10:00:14","slug":"spacelabs-ultraview-1700","status":"publish","type":"product","link":"https:\/\/www.somatechnology.com\/spanish\/equipo-medico-usado-remanufacturado\/monitores-de-signos-vitales\/monitores-multiparametros\/spacelabs-ultraview-1700\/","title":{"rendered":"Spacelabs Ultraview 1700"},"content":{"rendered":"<h3>Caracter\u00edsticas del Spacelabs Ultraview 1700<\/h3>\n<ul>\n<li>L\u00edmites de alarma predeterminados y ajustes de par\u00e1metros personalizables<\/li>\n<li>Arquitectura modular y escalable<\/li>\n<li>Compatible con UltraView \u00ae, monitores y m\u00f3dulos UltraView SL y PCMS &#x2122;<\/li>\n<li>Capacidad para configurar como monitor de cabecera<\/li>\n<li>Las interfaces del sistema FlexPort \u00ae enlazan alarmas desde dispositivos aut\u00f3nomos al lado de la cama<\/li>\n<li>Control de acceso de tono<\/li>\n<li>Alarma reloj ofrece notificaci\u00f3n de alarma de cama a central<\/li>\n<li>Visi\u00f3n central, control, revisi\u00f3n y registro de los datos del paciente para pacientes monitoreados<\/li>\n<li>WinDNA<\/li>\n<li>Intesys Clinical Suite (ICS) ofrece soluciones empresariales para la divulgaci\u00f3n completa, la organigrama electr\u00f3nica y la impresi\u00f3n l\u00e1ser en red<\/li>\n<li>Interfaces HL7 a sus aplicaciones<\/li>\n<li>Monitor multipar\u00e1metro<\/li>\n<\/ul>\n<h2>Especificaciones del Spacelabs Ultraview 1700<\/h2>\n<h3>Dimensiones<\/h3>\n<ul>\n<li>Altura: 8.3 pulgadas<\/li>\n<li>Longitud: 6.2 pulgadas<\/li>\n<li>Peso: 9,5 lbs<\/li>\n<li>Anchura: 11.7 in<\/li>\n<\/ul>\n<h3>Fuente de Alimentaci\u00f3n<\/h3>\n<ul>\n<li>Energ\u00eda necesaria, VAC (energ\u00eda): 100-120, 220-240<\/li>\n<li>Bater\u00eda (necesidad de la energ\u00eda): recargable<\/li>\n<\/ul>\n<h3>ECG<\/h3>\n<ul>\n<li>Exhibici\u00f3n de la hora, BPM (ECG) 30-300<\/li>\n<li>Precisi\u00f3n (longitud de onda, nan\u00f3metro) 1% o 2 BPM<\/li>\n<li>Alertas (configuraci\u00f3n) s\u00ed<\/li>\n<li>N\u00famero de conductores visualizados simult\u00e1neamente (ECG) 12<\/li>\n<li>La arritmia detecta (ECG) la cabecera basada<\/li>\n<li>An\u00e1lisis del St (ECG) basado en la cabecera<\/li>\n<\/ul>\n<h3>Redes\/Conexiones<\/h3>\n<ul>\n<li>Cableado\/inal\u00e1mbrico (ECG) cableado<\/li>\n<li>Max no. de camas (ECG) 250<\/li>\n<li>Interfaz de perif\u00e9ricos (oximetr\u00eda de pulso) FlexPort (interfaz en serie)<\/li>\n<li>Oximetr\u00eda de pulso<\/li>\n<li>Clase de punta de prueba (temperatura) Spacelabs, Nellcor, Novametrix<\/li>\n<li>Desechables\/reutilizables (oximetr\u00eda de pulso) s\u00ed\/s\u00ed<\/li>\n<li>Tipo del registrador (salida auxiliar) arsenal termal<\/li>\n<li>Canales (energ\u00eda necesaria) 2<\/li>\n<\/ul>\n<h3>Monitor<\/h3>\n<ul>\n<li>El tama\u00f1o, cm (adentro) (objeto m\u00e1ximo) var\u00eda<\/li>\n<li>Trazas (salida auxiliar) 4, 5, 6, 7, 8<\/li>\n<li>Respiraci\u00f3n (medidas del canal)<\/li>\n<li>Impedancia de la t\u00e9cnica<\/li>\n<li>Forma de onda mostrada (respiraci\u00f3n) s\u00ed<\/li>\n<li>Control del umbral (respiraci\u00f3n) s\u00ed<\/li>\n<\/ul>\n<p>&nbsp;<\/p>\n","protected":false},"excerpt":{"rendered":"<p>Monitor Multiparametro<\/p>\n","protected":false},"featured_media":11477,"template":"","meta":{"_acf_changed":false,"_relevanssi_hide_post":"","_relevanssi_hide_content":"","_relevanssi_pin_for_all":"","_relevanssi_pin_keywords":"","_relevanssi_unpin_keywords":"","_relevanssi_related_keywords":"","_relevanssi_related_include_ids":"","_relevanssi_related_exclude_ids":"","_relevanssi_related_no_append":"","_relevanssi_related_not_related":"","_relevanssi_related_posts":"","_relevanssi_noindex_reason":"","inline_featured_image":false},"pwb-brand":[1137],"product_brand":[],"product_cat":[50],"product_tag":[3614,4478,4479,4492,4493],"class_list":{"0":"post-3784","1":"product","2":"type-product","3":"status-publish","4":"has-post-thumbnail","6":"pwb-brand-equipo-medico-spacelabs","7":"product_cat-monitores-multiparametros","8":"product_tag-monitores-multiparametros","9":"product_tag-monitores-multiparametros-spacelabs","10":"product_tag-spacelabs-monitores-multiparametros","11":"product_tag-spacelabs-ultraview-1700","12":"product_tag-spacelabs-ultraview-1700-monitores-multiparametros","14":"first","15":"instock","16":"purchasable","17":"product-type-simple"},"acf":[],"brands":[{"id":1137,"name":"Spacelabs","slug":"equipo-medico-spacelabs"}],"_links":{"self":[{"href":"https:\/\/www.somatechnology.com\/spanish\/wp-json\/wp\/v2\/product\/3784","targetHints":{"allow":["GET"]}}],"collection":[{"href":"https:\/\/www.somatechnology.com\/spanish\/wp-json\/wp\/v2\/product"}],"about":[{"href":"https:\/\/www.somatechnology.com\/spanish\/wp-json\/wp\/v2\/types\/product"}],"wp:featuredmedia":[{"embeddable":true,"href":"https:\/\/www.somatechnology.com\/spanish\/wp-json\/wp\/v2\/media\/11477"}],"wp:attachment":[{"href":"https:\/\/www.somatechnology.com\/spanish\/wp-json\/wp\/v2\/media?parent=3784"}],"wp:term":[{"taxonomy":"pwb-brand","embeddable":true,"href":"https:\/\/www.somatechnology.com\/spanish\/wp-json\/wp\/v2\/pwb-brand?post=3784"},{"taxonomy":"product_brand","embeddable":true,"href":"https:\/\/www.somatechnology.com\/spanish\/wp-json\/wp\/v2\/product_brand?post=3784"},{"taxonomy":"product_cat","embeddable":true,"href":"https:\/\/www.somatechnology.com\/spanish\/wp-json\/wp\/v2\/product_cat?post=3784"},{"taxonomy":"product_tag","embeddable":true,"href":"https:\/\/www.somatechnology.com\/spanish\/wp-json\/wp\/v2\/product_tag?post=3784"}],"curies":[{"name":"wp","href":"https:\/\/api.w.org\/{rel}","templated":true}]}}