{"id":3791,"date":"2016-07-19T21:14:37","date_gmt":"2016-07-19T21:14:37","guid":{"rendered":"http:\/\/equipomedicocentral.com\/wordpress\/product\/csz-hemotherm-400\/"},"modified":"2023-08-23T06:00:36","modified_gmt":"2023-08-23T10:00:36","slug":"csz-hemotherm-400","status":"publish","type":"product","link":"https:\/\/www.somatechnology.com\/spanish\/equipo-medico-usado-remanufacturado\/cardiovascular\/calentador-enfriador\/csz-hemotherm-400\/","title":{"rendered":"CSZ Hemotherm 400 CE"},"content":{"rendered":"<h2>Caracter\u00edsticas del CSZ Hemotherm 400 CE<\/h2>\n<p>El sistema de enfriamiento\/calentador <strong>Hemotherm<\/strong> \u00ae es una unidad de doble reservorio que simplifica la funci\u00f3n de control de la temperatura sangu\u00ednea durante los procedimientos cardiovasculares. Es un sistema m\u00f3vil y silencioso que entrega el agua heated\/refrescada a un cambiador de calor de la sangre.<\/p>\n<h2>Eficiente Sistema de Calefacci\u00f3n\/Enfriamiento<\/h2>\n<p>Los dep\u00f3sitos duales duplican su eficacia. Los reservorios independientes de refrigeraci\u00f3n y calefacci\u00f3n permiten el cambio instant\u00e1neo de un ba\u00f1o a otro. Cada reservorio tiene su propio mecanismo de control y visualizaci\u00f3n de la temperatura. La bomba eficiente produce un caudal m\u00e1s alto que las unidades de cualquier competidor. El Hemotherm \u00ae baja las temperaturas del agua del reservorio a un ritmo que produce r\u00e1pidamente una reducci\u00f3n significativa de la temperatura de la sangre.<\/p>\n<ul>\n<li>Refrigeraci\u00f3n mec\u00e1nica para sustituir el hielo desordenado e inmanejable<\/li>\n<li>Reservorios independientes de calefacci\u00f3n y refrigeraci\u00f3n, cada uno con su propio controlador y pantalla de temperatura<\/li>\n<li>Microprocesador autoverificador<\/li>\n<li>Suministra agua a un intercambiador de temperatura sangu\u00ednea\/oxigenador o manta de hiper-hipotermia<\/li>\n<li>Interfaz f\u00e1cil de utilizar<\/li>\n<li>Opci\u00f3n del control remoto<\/li>\n<\/ul>\n<p>&nbsp;<\/p>\n","protected":false},"excerpt":{"rendered":"<p>Calentador\/Enfriador<\/p>\n","protected":false},"featured_media":11085,"template":"","meta":{"_acf_changed":false,"_relevanssi_hide_post":"","_relevanssi_hide_content":"","_relevanssi_pin_for_all":"","_relevanssi_pin_keywords":"","_relevanssi_unpin_keywords":"","_relevanssi_related_keywords":"","_relevanssi_related_include_ids":"","_relevanssi_related_exclude_ids":"","_relevanssi_related_no_append":"","_relevanssi_related_not_related":"","_relevanssi_related_posts":"","_relevanssi_noindex_reason":"","inline_featured_image":false},"pwb-brand":[1111],"product_brand":[],"product_cat":[82],"product_tag":[3932,4133,574,575,3252,4135,4134,3253,3254],"class_list":{"0":"post-3791","1":"product","2":"type-product","3":"status-publish","4":"has-post-thumbnail","6":"pwb-brand-equipo-medico-csz","7":"product_cat-calentador-enfriador","8":"product_tag-calentador-enfriador","9":"product_tag-csz-calentador-enfriador","10":"product_tag-csz-hemotherm","11":"product_tag-csz-hemotherm-400","12":"product_tag-csz-hemotherm-400-ce","13":"product_tag-csz-hemotherm-400-ce-calentador-enfriador","14":"product_tag-csz-hemotherm-calentador-enfriador","15":"product_tag-hemotherm","16":"product_tag-hemotherm-400-ce","18":"first","19":"instock","20":"purchasable","21":"product-type-simple"},"acf":[],"brands":[{"id":1111,"name":"CSZ","slug":"equipo-medico-csz"}],"_links":{"self":[{"href":"https:\/\/www.somatechnology.com\/spanish\/wp-json\/wp\/v2\/product\/3791","targetHints":{"allow":["GET"]}}],"collection":[{"href":"https:\/\/www.somatechnology.com\/spanish\/wp-json\/wp\/v2\/product"}],"about":[{"href":"https:\/\/www.somatechnology.com\/spanish\/wp-json\/wp\/v2\/types\/product"}],"wp:featuredmedia":[{"embeddable":true,"href":"https:\/\/www.somatechnology.com\/spanish\/wp-json\/wp\/v2\/media\/11085"}],"wp:attachment":[{"href":"https:\/\/www.somatechnology.com\/spanish\/wp-json\/wp\/v2\/media?parent=3791"}],"wp:term":[{"taxonomy":"pwb-brand","embeddable":true,"href":"https:\/\/www.somatechnology.com\/spanish\/wp-json\/wp\/v2\/pwb-brand?post=3791"},{"taxonomy":"product_brand","embeddable":true,"href":"https:\/\/www.somatechnology.com\/spanish\/wp-json\/wp\/v2\/product_brand?post=3791"},{"taxonomy":"product_cat","embeddable":true,"href":"https:\/\/www.somatechnology.com\/spanish\/wp-json\/wp\/v2\/product_cat?post=3791"},{"taxonomy":"product_tag","embeddable":true,"href":"https:\/\/www.somatechnology.com\/spanish\/wp-json\/wp\/v2\/product_tag?post=3791"}],"curies":[{"name":"wp","href":"https:\/\/api.w.org\/{rel}","templated":true}]}}