{"id":3795,"date":"2016-07-19T21:14:37","date_gmt":"2016-07-19T21:14:37","guid":{"rendered":"http:\/\/equipomedicocentral.com\/wordpress\/product\/olympus-cv-100-system\/"},"modified":"2023-08-23T06:00:48","modified_gmt":"2023-08-23T10:00:48","slug":"olympus-cv-100-system","status":"publish","type":"product","link":"https:\/\/www.somatechnology.com\/spanish\/equipo-medico-usado-remanufacturado\/sistema-de-video-endoscopia\/procesadores-de-video\/olympus-cv-100-system\/","title":{"rendered":"Olympus CV 100 System"},"content":{"rendered":"<h2>Olympus CV-100 Video ProcessorFeatures<\/h2>\n<p>El procesador de v\u00eddeo Olympus CV-100 proporciona una alta resoluci\u00f3n, imagen de v\u00eddeo de color verdadero sin imagen \u00abruptura\u00bb debido a la evoluci\u00f3n de la tecnolog\u00eda instant\u00e1nea de un solo plato de chip de color.<\/p>\n<ul>\n<li>El control autom\u00e1tico de ganancia (AGC) mantiene un brillo \u00f3ptimo de la imagen incluso en situaciones de menor luminosidad.<\/li>\n<\/ul>\n<ul>\n<li>La selecci\u00f3n del modo iris permite seleccionar la medici\u00f3n de la exposici\u00f3n media o m\u00e1xima. Normalmente, se utiliza la configuraci\u00f3n media. Sin embargo, en ciertas situaciones, como la observaci\u00f3n del \u00e1ngulo g\u00e1strico, se puede seleccionar el ajuste del pico. Este ajuste reduce la luz en la parte m\u00e1s brillante de la imagen, permitiendo as\u00ed una observaci\u00f3n y un diagn\u00f3stico m\u00e1s precisos.<\/li>\n<li>Obturador r\u00e1pido para la mayor\u00eda de las observaciones, se utiliza la velocidad del obturador de 1\/60 segundos. Sin embargo, para eliminar fotograf\u00edas borrosas cuando el sujeto o el videoscopio se mueven, puede seleccionar una velocidad de obturaci\u00f3n m\u00e1s alta de 1\/250 segundos<\/li>\n<li>Indicador de nivel de ajuste de matiz este control para rojo y azul proporciona una amplia gama de ajustes para ajustar la imagen de forma que satisfaga sus preferencias individuales.<\/li>\n<\/ul>\n<p>Modo<\/p>\n<ul>\n<li>Se puede seleccionar el campo o el fotograma. Normalmente, el modo archivado se utiliza para obtener im\u00e1genes congeladas sin movimiento. Sin embargo, el modo Frame mejora la resoluci\u00f3n vertical y se puede preferir para la observaci\u00f3n diagn\u00f3stica de \u00e1reas peque\u00f1as.<\/li>\n<\/ul>\n<p>Selector de Intensificaci\u00f3n<\/p>\n<ul>\n<li>Proporciona tres niveles de contorno o realce del borde, que pueden ser \u00fatiles para alcanzar im\u00e1genes m\u00e1s claras de partes que sobresalen de la imagen y para la observaci\u00f3n detallada<\/li>\n<\/ul>\n<p>Sub pantalla<\/p>\n<ul>\n<li>Cuando se establece en ON, aparece una imagen subsidiaria en la parte inferior izquierda del monitor cuando el bot\u00f3n FREEZE se activa en el \u00e1mbito de v\u00eddeo. Esta caracter\u00edstica le permite mantener una imagen en vivo en todo momento, mientras que al mismo tiempo la observaci\u00f3n de la imagen congelada en detalle.<\/li>\n<\/ul>\n<p>Interruptor VTR (Inicio\/Detener)<\/p>\n<ul>\n<li>Para grabar la imagen del monitor en la cinta de v\u00eddeo. (El VTR debe estar en el modo Record \u00abPAUSE\u00bb)<\/li>\n<\/ul>\n<p>Interruptor del lanzamiento de la impresora video<\/p>\n<ul>\n<li>Para imprimir la imagen del monitor<\/li>\n<\/ul>\n<p>Selector de salida de monitor<\/p>\n<ul>\n<li>Permite la selecci\u00f3n de la se\u00f1al video (RGB, Y\/C, NTSC) para hacia fuera a los varios tipos de dispositivos auxiliares del monitor y del v\u00eddeo. La salida de y\/C proporciona la utilizaci\u00f3n \u00f3ptima de los registradores de cinta de v\u00eddeo S-VHS.<\/li>\n<\/ul>\n<p>Pantalla de funci\u00f3n de control remoto<\/p>\n<ul>\n<li>El \u00e1mbito de v\u00eddeo tiene cuatro interruptores remotos y la pantalla iluminada indica qu\u00e9 funciones han sido pre-seleccionadas.<\/li>\n<\/ul>\n<p>Selector de Destino de Registro<\/p>\n<p>Este selector puede conectar y controlar un m\u00e1ximo de cuatro sistemas de grabaci\u00f3n de im\u00e1genes fijas (grabadora de im\u00e1genes de v\u00eddeo, disco magn\u00e9tico, videodisco y filtro digital). Esto no controla la funci\u00f3n de la impresora de v\u00eddeo.<\/p>\n<p>Sostenedor del cable del Videoscopio<\/p>\n<ul>\n<li>Provee seguridad al conector del cable del videoscopio cuando no est\u00e1 conectado al videoscopio para evitar da\u00f1os accidentales.<\/li>\n<\/ul>\n<p>&nbsp;<\/p>\n","protected":false},"excerpt":{"rendered":"<p>Sistema de Endoscopia<\/p>\n","protected":false},"featured_media":9345,"template":"","meta":{"_acf_changed":false,"_relevanssi_hide_post":"","_relevanssi_hide_content":"","_relevanssi_pin_for_all":"","_relevanssi_pin_keywords":"","_relevanssi_unpin_keywords":"","_relevanssi_related_keywords":"","_relevanssi_related_include_ids":"","_relevanssi_related_exclude_ids":"","_relevanssi_related_no_append":"","_relevanssi_related_not_related":"","_relevanssi_related_posts":"","_relevanssi_noindex_reason":"","inline_featured_image":false},"pwb-brand":[1080],"product_brand":[],"product_cat":[7016,84],"product_tag":[1318,138,611,1317,1316],"class_list":{"0":"post-3795","1":"product","2":"type-product","3":"status-publish","4":"has-post-thumbnail","6":"pwb-brand-equipo-medico-olympus","7":"product_cat-procesadores-de-video","8":"product_cat-sistema-de-video-endoscopia","9":"product_tag-cv-100-system","10":"product_tag-olympus","11":"product_tag-olympus-cv","12":"product_tag-olympus-cv-100","13":"product_tag-olympus-cv-100-system","15":"first","16":"instock","17":"purchasable","18":"product-type-simple"},"acf":[],"brands":[{"id":1080,"name":"Olympus","slug":"equipo-medico-olympus"}],"_links":{"self":[{"href":"https:\/\/www.somatechnology.com\/spanish\/wp-json\/wp\/v2\/product\/3795","targetHints":{"allow":["GET"]}}],"collection":[{"href":"https:\/\/www.somatechnology.com\/spanish\/wp-json\/wp\/v2\/product"}],"about":[{"href":"https:\/\/www.somatechnology.com\/spanish\/wp-json\/wp\/v2\/types\/product"}],"wp:featuredmedia":[{"embeddable":true,"href":"https:\/\/www.somatechnology.com\/spanish\/wp-json\/wp\/v2\/media\/9345"}],"wp:attachment":[{"href":"https:\/\/www.somatechnology.com\/spanish\/wp-json\/wp\/v2\/media?parent=3795"}],"wp:term":[{"taxonomy":"pwb-brand","embeddable":true,"href":"https:\/\/www.somatechnology.com\/spanish\/wp-json\/wp\/v2\/pwb-brand?post=3795"},{"taxonomy":"product_brand","embeddable":true,"href":"https:\/\/www.somatechnology.com\/spanish\/wp-json\/wp\/v2\/product_brand?post=3795"},{"taxonomy":"product_cat","embeddable":true,"href":"https:\/\/www.somatechnology.com\/spanish\/wp-json\/wp\/v2\/product_cat?post=3795"},{"taxonomy":"product_tag","embeddable":true,"href":"https:\/\/www.somatechnology.com\/spanish\/wp-json\/wp\/v2\/product_tag?post=3795"}],"curies":[{"name":"wp","href":"https:\/\/api.w.org\/{rel}","templated":true}]}}