{"id":3797,"date":"2016-07-19T21:14:37","date_gmt":"2016-07-19T21:14:37","guid":{"rendered":"http:\/\/equipomedicocentral.com\/wordpress\/product\/olympus-cv-200-system\/"},"modified":"2023-08-23T06:00:52","modified_gmt":"2023-08-23T10:00:52","slug":"olympus-cv-200-system","status":"publish","type":"product","link":"https:\/\/www.somatechnology.com\/spanish\/equipo-medico-usado-remanufacturado\/sistema-de-video-endoscopia\/procesadores-de-video\/olympus-cv-200-system\/","title":{"rendered":"Olympus CV 200 System"},"content":{"rendered":"<h2><strong>Olympus CV-200 Video Processor <\/strong><\/h2>\n<p>Este producto es compatible con endoscopios est\u00e1ndar y de gran tama\u00f1o. Permite al usuario mejorar, congelar y ajustar la configuraci\u00f3n de color para proporcionar im\u00e1genes claras y precisas desde el interior del cuerpo. Requiere clv-u20 \/ u40.<\/p>\n<ul>\n<li>El procesador es totalmente compatible con la fuente de luz universal Olympus EVIS<\/li>\n<li>Compatible con la serie EVIS Video scope 200<\/li>\n<li>Compatible con la fuente de luz EVIS CLV-U20<\/li>\n<li>Requisitos de energ\u00eda: 120V AC, 50 \/ 60Hz<\/li>\n<li>Dimensiones: (W) 450 mm x (H) 90 mm x (D) 485 mm<\/li>\n<li>Peso: 33.10 lbs.<\/li>\n<\/ul>\n","protected":false},"excerpt":{"rendered":"<p>Sistema de Endoscopia<\/p>\n","protected":false},"featured_media":12566,"template":"","meta":{"_acf_changed":false,"_relevanssi_hide_post":"","_relevanssi_hide_content":"","_relevanssi_pin_for_all":"","_relevanssi_pin_keywords":"","_relevanssi_unpin_keywords":"","_relevanssi_related_keywords":"","_relevanssi_related_include_ids":"","_relevanssi_related_exclude_ids":"","_relevanssi_related_no_append":"","_relevanssi_related_not_related":"","_relevanssi_related_posts":"","_relevanssi_noindex_reason":"","inline_featured_image":false},"pwb-brand":[1080],"product_brand":[],"product_cat":[7016,84],"product_tag":[138,614,611,613],"class_list":{"0":"post-3797","1":"product","2":"type-product","3":"status-publish","4":"has-post-thumbnail","6":"pwb-brand-equipo-medico-olympus","7":"product_cat-procesadores-de-video","8":"product_cat-sistema-de-video-endoscopia","9":"product_tag-olympus","10":"product_tag-olympus-200","11":"product_tag-olympus-cv","12":"product_tag-olympus-cv-200","14":"first","15":"instock","16":"purchasable","17":"product-type-simple"},"acf":[],"brands":[{"id":1080,"name":"Olympus","slug":"equipo-medico-olympus"}],"_links":{"self":[{"href":"https:\/\/www.somatechnology.com\/spanish\/wp-json\/wp\/v2\/product\/3797","targetHints":{"allow":["GET"]}}],"collection":[{"href":"https:\/\/www.somatechnology.com\/spanish\/wp-json\/wp\/v2\/product"}],"about":[{"href":"https:\/\/www.somatechnology.com\/spanish\/wp-json\/wp\/v2\/types\/product"}],"wp:featuredmedia":[{"embeddable":true,"href":"https:\/\/www.somatechnology.com\/spanish\/wp-json\/wp\/v2\/media\/12566"}],"wp:attachment":[{"href":"https:\/\/www.somatechnology.com\/spanish\/wp-json\/wp\/v2\/media?parent=3797"}],"wp:term":[{"taxonomy":"pwb-brand","embeddable":true,"href":"https:\/\/www.somatechnology.com\/spanish\/wp-json\/wp\/v2\/pwb-brand?post=3797"},{"taxonomy":"product_brand","embeddable":true,"href":"https:\/\/www.somatechnology.com\/spanish\/wp-json\/wp\/v2\/product_brand?post=3797"},{"taxonomy":"product_cat","embeddable":true,"href":"https:\/\/www.somatechnology.com\/spanish\/wp-json\/wp\/v2\/product_cat?post=3797"},{"taxonomy":"product_tag","embeddable":true,"href":"https:\/\/www.somatechnology.com\/spanish\/wp-json\/wp\/v2\/product_tag?post=3797"}],"curies":[{"name":"wp","href":"https:\/\/api.w.org\/{rel}","templated":true}]}}