{"id":3799,"date":"2016-07-19T21:14:37","date_gmt":"2016-07-19T21:14:37","guid":{"rendered":"http:\/\/equipomedicocentral.com\/wordpress\/product\/pentax-epm-3300-system\/"},"modified":"2025-12-11T03:54:58","modified_gmt":"2025-12-11T08:54:58","slug":"pentax-epm-3300-system","status":"publish","type":"product","link":"https:\/\/www.somatechnology.com\/spanish\/equipo-medico-usado-remanufacturado\/sistema-de-video-endoscopia\/sistemas-completos-de-endoscopia\/pentax-epm-3300-system\/","title":{"rendered":"Pentax EPM 3300 System"},"content":{"rendered":"<div class=\"wpb-content-wrapper\"><p>[vc_row][vc_column][vc_column_text css=\u00bb\u00bb]<strong>Pentax EPM 3300 Procesador de Video <\/strong><\/p>\n<ul>\n<li>Imagen de alta resoluci\u00f3n con mil millones de colores a trav\u00e9s del procesamiento digital de las se\u00f1ales RGB con una profundidad de sombra de 10 bits por canal.<\/li>\n<li>Reproducci\u00f3n de color exactamente diferenciada y mejora del contorno controlable digitalmente para \u00f3ptimas posibilidades de evaluaci\u00f3n \u00f3ptica.<\/li>\n<li>Excelente iluminaci\u00f3n con fuente de luz de xen\u00f3n de alto rendimiento y control de brillo digital.<\/li>\n<li>Gesti\u00f3n de datos f\u00e1cil e intuitiva para el almacenamiento y la gesti\u00f3n r\u00e1pida de los datos del paciente y del usuario.<\/li>\n<li>Extensas conexiones posibles para equipos perif\u00e9ricos.<\/li>\n<li>Opciones de configuraci\u00f3n de monitor individual.<\/li>\n<\/ul>\n<h3><strong>La mayoria del sistema de endoscopia Pentax EPM 3300 tiene:<\/strong><\/h3>\n<ul>\n<li>Procesador Pentax EPM-3300<\/li>\n<li>Fuente de luz de xen\u00f3n<\/li>\n<li>Video Gastroscopio<\/li>\n<li>Video colonoscopio<\/li>\n<li>Monitor de alta resoluci\u00f3n<\/li>\n<\/ul>\n<p>[\/vc_column_text][\/vc_column][\/vc_row]<\/p>\n<\/div>","protected":false},"excerpt":{"rendered":"<p>Sistema de Endoscopia<\/p>\n","protected":false},"featured_media":20528,"template":"","meta":{"_acf_changed":false,"_relevanssi_hide_post":"","_relevanssi_hide_content":"","_relevanssi_pin_for_all":"","_relevanssi_pin_keywords":"","_relevanssi_unpin_keywords":"","_relevanssi_related_keywords":"","_relevanssi_related_include_ids":"","_relevanssi_related_exclude_ids":"","_relevanssi_related_no_append":"","_relevanssi_related_not_related":"","_relevanssi_related_posts":"","_relevanssi_noindex_reason":"","inline_featured_image":false},"pwb-brand":[1314],"product_brand":[],"product_cat":[7012,84],"product_tag":[627,622,626,6772,625,624,4012,3557],"class_list":{"0":"post-3799","1":"product","2":"type-product","3":"status-publish","4":"has-post-thumbnail","6":"pwb-brand-equipo-de-endoscopia-pentax","7":"product_cat-sistemas-completos-de-endoscopia","8":"product_cat-sistema-de-video-endoscopia","9":"product_tag-epm-3300","10":"product_tag-pentax","11":"product_tag-pentax-3300","12":"product_tag-pentax-3300-sistema-de-video-endoscopia","13":"product_tag-pentax-epm","14":"product_tag-pentax-epm-3300","15":"product_tag-pentax-sistema-de-video-endoscopia","16":"product_tag-sistema-de-video-endoscopia","18":"first","19":"instock","20":"purchasable","21":"product-type-simple"},"acf":[],"brands":[{"id":1314,"name":"Pentax","slug":"equipo-de-endoscopia-pentax"}],"_links":{"self":[{"href":"https:\/\/www.somatechnology.com\/spanish\/wp-json\/wp\/v2\/product\/3799","targetHints":{"allow":["GET"]}}],"collection":[{"href":"https:\/\/www.somatechnology.com\/spanish\/wp-json\/wp\/v2\/product"}],"about":[{"href":"https:\/\/www.somatechnology.com\/spanish\/wp-json\/wp\/v2\/types\/product"}],"wp:featuredmedia":[{"embeddable":true,"href":"https:\/\/www.somatechnology.com\/spanish\/wp-json\/wp\/v2\/media\/20528"}],"wp:attachment":[{"href":"https:\/\/www.somatechnology.com\/spanish\/wp-json\/wp\/v2\/media?parent=3799"}],"wp:term":[{"taxonomy":"pwb-brand","embeddable":true,"href":"https:\/\/www.somatechnology.com\/spanish\/wp-json\/wp\/v2\/pwb-brand?post=3799"},{"taxonomy":"product_brand","embeddable":true,"href":"https:\/\/www.somatechnology.com\/spanish\/wp-json\/wp\/v2\/product_brand?post=3799"},{"taxonomy":"product_cat","embeddable":true,"href":"https:\/\/www.somatechnology.com\/spanish\/wp-json\/wp\/v2\/product_cat?post=3799"},{"taxonomy":"product_tag","embeddable":true,"href":"https:\/\/www.somatechnology.com\/spanish\/wp-json\/wp\/v2\/product_tag?post=3799"}],"curies":[{"name":"wp","href":"https:\/\/api.w.org\/{rel}","templated":true}]}}