{"id":3809,"date":"2016-07-19T21:15:10","date_gmt":"2016-07-19T21:15:10","guid":{"rendered":"http:\/\/equipomedicocentral.com\/wordpress\/product\/respironics-bipap-st-d-30\/"},"modified":"2025-12-10T23:39:57","modified_gmt":"2025-12-11T04:39:57","slug":"philips-respironics-bipap-st-d-30","status":"publish","type":"product","link":"https:\/\/www.somatechnology.com\/spanish\/equipo-medico-usado-remanufacturado\/bipap\/philips-respironics-bipap-st-d-30\/","title":{"rendered":"Philips Respironics BiPAP S\/T-D 30"},"content":{"rendered":"<div class=\"wpb-content-wrapper\"><p>[vc_row][vc_column][vc_column_text css=\u00bb\u00bb]<\/p>\n<h2>Philips Respironics BiPAP S\/T-D 30<\/h2>\n<p>El sistema de hospital Philips Respironics BiPAP S\/T-D 30 es el primer ventilador de soporte de presi\u00f3n dise\u00f1ado para una sensibilidad inspiratoria y espiratoria \u00f3ptima en presencia de fugas de mascarilla. Es completamente autom\u00e1tico, simplificando la ventilaci\u00f3n no invasiva.<\/p>\n<ul>\n<li>Sensibilidad Auto-Trak la respuesta \u00f3ptima autom\u00e1ticamente&#8230; permite que el BiPAP S\/T-D 30 responda autom\u00e1ticamente a los patrones de respiraci\u00f3n cambiantes y a las fugas de circuito mediante la identificaci\u00f3n de fugas y el ajuste de umbrales de sensibilidad variable para una respuesta \u00f3ptima con cada aliento.<\/li>\n<li>Rangos de presi\u00f3n y flujo m\u00e1s altos un rango de presi\u00f3n de hasta 30 cm H2O y capacidades de flujo m\u00e1s altas permiten niveles de soporte de presi\u00f3n m\u00e1s altos para acomodar a m\u00e1s pacientes.<\/li>\n<li>Monitoreo completo del paciente el monitor de presi\u00f3n de la v\u00eda a\u00e9rea muestra la presi\u00f3n en tiempo real de las v\u00edas respiratorias y ofrece alarmas ajustables de alta, media y baja presi\u00f3n. Las exhibiciones digitales en el panel de control desmontable proporcionan la supervisi\u00f3n continua del volumen de marea exhalado, de la p\u00e9rdida, y de los niveles IPAP y EPAP.<\/li>\n<\/ul>\n<h3>Dimensiones<\/h3>\n<ul>\n<li>Tama\u00f1o: 20 x 23 x 46 (cm)<\/li>\n<li>Peso: 8,16 (kilogramo)<\/li>\n<\/ul>\n<h3>Voltaje<\/h3>\n<ul>\n<li>100 \u2013 132 (60 Hz) o 200 \u2013 253 (50 Hz) VAC<\/li>\n<li>Consumo de corriente \u2022 1.4 a m\u00e1ximo para 100 \u2013 130 VAC<\/li>\n<li>M\u00e1ximo de 700 mA para 200 \u2013 260 VAC<\/li>\n<\/ul>\n<h3>Triggering<\/h3>\n<ul>\n<li>Spontaneous Trigger Sensitivity: Shape Trigger, Volume 6 cc above V leak<\/li>\n<\/ul>\n<h3>Operating Range<\/h3>\n<ul>\n<li>Tarifa de la respiraci\u00f3n: BPM de 4 a 30<\/li>\n<li>IPAP: 4 cm H2O a 30 cm H2O a \u00b1 60\/100 L\/min Flow<\/li>\n<li>EPAP: 4 cm H2O a 30 cm H2O a \u00b1 60\/100 L\/min Flow<\/li>\n<li>% IPAP: 10 a 90<\/li>\n<\/ul>\n<h3>Modes (Non-Invasive)<\/h3>\n<ul>\n<li>Espont\u00e1nea<\/li>\n<li>Espont\u00e1neo\/tiempo<\/li>\n<li>Tiempo<\/li>\n<li>CPAP<\/li>\n<\/ul>\n<p>&nbsp;<\/p>\n<h3>Ventilador<\/h3>\n<ul>\n<li>Presi\u00f3n positiva<\/li>\n<li>No invasivo<\/li>\n<li>Convencional<\/li>\n<\/ul>\n<h3>Rango de poblaci\u00f3n del paciente<\/h3>\n<ul>\n<li>Adulto<\/li>\n<li>Agudo<\/li>\n<\/ul>\n<p>&nbsp;<\/p>\n<p>[\/vc_column_text][\/vc_column][\/vc_row]<\/p>\n<\/div>","protected":false},"excerpt":{"rendered":"<p>El sistema de hospital Philips Respironics BiPAP S\/T-D 30 es el primer ventilador de soporte de presi\u00f3n dise\u00f1ado para una sensibilidad inspiratoria y espiratoria \u00f3ptima en presencia de fugas de mascarilla. Es completamente autom\u00e1tico, simplificando la ventilaci\u00f3n no invasiva.<\/p>\n","protected":false},"featured_media":9728,"template":"","meta":{"_acf_changed":false,"_relevanssi_hide_post":"","_relevanssi_hide_content":"","_relevanssi_pin_for_all":"","_relevanssi_pin_keywords":"","_relevanssi_unpin_keywords":"","_relevanssi_related_keywords":"","_relevanssi_related_include_ids":"","_relevanssi_related_exclude_ids":"","_relevanssi_related_no_append":"","_relevanssi_related_not_related":"","_relevanssi_related_posts":"","_relevanssi_noindex_reason":"","inline_featured_image":false},"pwb-brand":[1102],"product_brand":[],"product_cat":[88,51],"product_tag":[1546,273,1792,1530,1791,1790,1032,1469,1028,6885],"class_list":{"0":"post-3809","1":"product","2":"type-product","3":"status-publish","4":"has-post-thumbnail","6":"pwb-brand-equipo-medico-philips","7":"product_cat-bipap","8":"product_cat-ventiladores","9":"product_tag-bipap","10":"product_tag-philips","11":"product_tag-philips-respironics-bipap-s-t-d-30","12":"product_tag-respironics","13":"product_tag-s-t-d-30","14":"product_tag-std-30","15":"product_tag-ventilador","16":"product_tag-ventiladore","17":"product_tag-ventiladores","18":"product_tag-ventiladores-philips","20":"first","21":"instock","22":"purchasable","23":"product-type-simple"},"acf":[],"brands":[{"id":1102,"name":"Philips","slug":"equipo-medico-philips"}],"_links":{"self":[{"href":"https:\/\/www.somatechnology.com\/spanish\/wp-json\/wp\/v2\/product\/3809","targetHints":{"allow":["GET"]}}],"collection":[{"href":"https:\/\/www.somatechnology.com\/spanish\/wp-json\/wp\/v2\/product"}],"about":[{"href":"https:\/\/www.somatechnology.com\/spanish\/wp-json\/wp\/v2\/types\/product"}],"wp:featuredmedia":[{"embeddable":true,"href":"https:\/\/www.somatechnology.com\/spanish\/wp-json\/wp\/v2\/media\/9728"}],"wp:attachment":[{"href":"https:\/\/www.somatechnology.com\/spanish\/wp-json\/wp\/v2\/media?parent=3809"}],"wp:term":[{"taxonomy":"pwb-brand","embeddable":true,"href":"https:\/\/www.somatechnology.com\/spanish\/wp-json\/wp\/v2\/pwb-brand?post=3809"},{"taxonomy":"product_brand","embeddable":true,"href":"https:\/\/www.somatechnology.com\/spanish\/wp-json\/wp\/v2\/product_brand?post=3809"},{"taxonomy":"product_cat","embeddable":true,"href":"https:\/\/www.somatechnology.com\/spanish\/wp-json\/wp\/v2\/product_cat?post=3809"},{"taxonomy":"product_tag","embeddable":true,"href":"https:\/\/www.somatechnology.com\/spanish\/wp-json\/wp\/v2\/product_tag?post=3809"}],"curies":[{"name":"wp","href":"https:\/\/api.w.org\/{rel}","templated":true}]}}