{"id":3814,"date":"2016-07-19T21:15:10","date_gmt":"2016-07-19T21:15:10","guid":{"rendered":"http:\/\/equipomedicocentral.com\/wordpress\/product\/valleylab-cusa-200\/"},"modified":"2025-09-23T15:35:19","modified_gmt":"2025-09-23T19:35:19","slug":"valleylab-cusa-200","status":"publish","type":"product","link":"https:\/\/www.somatechnology.com\/spanish\/equipo-medico-usado-remanufacturado\/neurocirugia\/valleylab-cusa-200\/","title":{"rendered":"Medtronic Covidien Valleylab CUSA 200"},"content":{"rendered":"<h2>CARACTER\u00cdSTICAS DE VALLEYLAB CUSA 200<\/h2>\n<p>El <strong>Valleylab CUSA 200<\/strong> es un sistema quir\u00fargico ultras\u00f3nico. El CUSA 200 ofrecido por Soma Tech Intl est\u00e1 hasta un 50% por debajo de los precios OEM con los mismos contratos de servicio y garant\u00eda disponibles. Este sistema ultras\u00f3nico proporciona una gran fragmentaci\u00f3n del tejido con un rendimiento constante.<\/p>\n<ul>\n<li>Proporciona una fragmentaci\u00f3n r\u00e1pida y selectiva del tejido.<\/li>\n<li>Respuesta t\u00e1ctil y visualizaci\u00f3n excepcional del lugar de la operaci\u00f3n.<\/li>\n<li>Gran integridad de la punta que proporciona un rendimiento consistente y una m\u00ednima posibilidad de da\u00f1ar el tejido.<\/li>\n<li>Succi\u00f3n e irrigaci\u00f3n integradas que permiten el lavado y la aspiraci\u00f3n sin introducir otros instrumentos en el lugar de la operaci\u00f3n.<\/li>\n<\/ul>\n","protected":false},"excerpt":{"rendered":"<p>El Valleylab CUSA 200 es un sistema quir\u00fargico ultras\u00f3nico. El CUSA 200 ofrecido por Soma Tech Intl est\u00e1 hasta un 50% por debajo de los precios OEM con los mismos contratos de servicio y garant\u00eda disponibles. Este sistema ultras\u00f3nico proporciona una gran fragmentaci\u00f3n del tejido con un rendimiento constante.<\/p>\n","protected":false},"featured_media":25303,"template":"","meta":{"_acf_changed":false,"_relevanssi_hide_post":"","_relevanssi_hide_content":"","_relevanssi_pin_for_all":"","_relevanssi_pin_keywords":"","_relevanssi_unpin_keywords":"","_relevanssi_related_keywords":"","_relevanssi_related_include_ids":"","_relevanssi_related_exclude_ids":"","_relevanssi_related_no_append":"","_relevanssi_related_not_related":"","_relevanssi_related_posts":"","_relevanssi_noindex_reason":"","inline_featured_image":false},"pwb-brand":[1107],"product_brand":[],"product_cat":[90],"product_tag":[4306,3459,3462,4308,4305,466,1631,1630,3461,3458,3407,3460,4307],"class_list":{"0":"post-3814","1":"product","2":"type-product","3":"status-publish","4":"has-post-thumbnail","6":"pwb-brand-equipo-medico-medtronic","7":"product_cat-neurocirugia","8":"product_tag-covidien-neurocirugia","9":"product_tag-covidien-valleylab-cusa-200","10":"product_tag-cusa-200","11":"product_tag-meditronic-covidien-valleylab-neurocirugia","12":"product_tag-meditronic-neurocirugia","13":"product_tag-medtronic","14":"product_tag-medtronic-covidien","15":"product_tag-medtronic-covidien-valleylab","16":"product_tag-medtronic-covidien-valleylab-cusa","17":"product_tag-medtronic-covidien-valleylab-cusa-200","18":"product_tag-neurocirugia","19":"product_tag-valleylab-cusa-200","20":"product_tag-valleylab-neurocirugia","22":"first","23":"instock","24":"purchasable","25":"product-type-simple"},"acf":[],"brands":[{"id":1107,"name":"Medtronic","slug":"equipo-medico-medtronic"}],"_links":{"self":[{"href":"https:\/\/www.somatechnology.com\/spanish\/wp-json\/wp\/v2\/product\/3814","targetHints":{"allow":["GET"]}}],"collection":[{"href":"https:\/\/www.somatechnology.com\/spanish\/wp-json\/wp\/v2\/product"}],"about":[{"href":"https:\/\/www.somatechnology.com\/spanish\/wp-json\/wp\/v2\/types\/product"}],"wp:featuredmedia":[{"embeddable":true,"href":"https:\/\/www.somatechnology.com\/spanish\/wp-json\/wp\/v2\/media\/25303"}],"wp:attachment":[{"href":"https:\/\/www.somatechnology.com\/spanish\/wp-json\/wp\/v2\/media?parent=3814"}],"wp:term":[{"taxonomy":"pwb-brand","embeddable":true,"href":"https:\/\/www.somatechnology.com\/spanish\/wp-json\/wp\/v2\/pwb-brand?post=3814"},{"taxonomy":"product_brand","embeddable":true,"href":"https:\/\/www.somatechnology.com\/spanish\/wp-json\/wp\/v2\/product_brand?post=3814"},{"taxonomy":"product_cat","embeddable":true,"href":"https:\/\/www.somatechnology.com\/spanish\/wp-json\/wp\/v2\/product_cat?post=3814"},{"taxonomy":"product_tag","embeddable":true,"href":"https:\/\/www.somatechnology.com\/spanish\/wp-json\/wp\/v2\/product_tag?post=3814"}],"curies":[{"name":"wp","href":"https:\/\/api.w.org\/{rel}","templated":true}]}}