{"id":3835,"date":"2016-07-19T21:15:10","date_gmt":"2016-07-19T21:15:10","guid":{"rendered":"http:\/\/equipomedicocentral.com\/wordpress\/product\/ge-vivid-5\/"},"modified":"2025-12-11T02:37:47","modified_gmt":"2025-12-11T07:37:47","slug":"ge-vivid-s5","status":"publish","type":"product","link":"https:\/\/www.somatechnology.com\/spanish\/equipo-medico-usado-remanufacturado\/imagenologia-radiologia\/ultrasonidos\/ge-vivid-s5\/","title":{"rendered":"GE Vivid S5"},"content":{"rendered":"<div class=\"wpb-content-wrapper\"><p>[vc_row][vc_column][vc_column_text css=\u00bb\u00bb]<\/p>\n<h2>GE Vivid S5<\/h2>\n<p>La m\u00e1quina de ultrasonido GE Vivid S5 se utiliza en muchos hospitales y establecimientos m\u00e9dicos, y por una buena raz\u00f3n. Proporciona un nivel incre\u00edble de calidad de imagen. La calidad de imagen inicial general, as\u00ed como las capacidades de mejora de imagen disponibles de esta m\u00e1quina, les brinda a los t\u00e9cnicos las herramientas necesarias para obtener informaci\u00f3n incre\u00edblemente precisa a partir de los datos brutos. La imagen de contraste es una caracter\u00edstica de la m\u00e1quina GE Vivid S5 que es bastante \u00fatil. Esto aumenta la intensidad del eco, lo que permite una evaluaci\u00f3n superior incluso en pacientes con problemas de imagen. El Vivid S5 tambi\u00e9n ofrece im\u00e1genes cuantitativas de la velocidad del tejido, que captura im\u00e1genes en movimiento de forma din\u00e1mica para mantenerlas como im\u00e1genes de alta calidad y colores vivos. Una de las caracter\u00edsticas sobresalientes del S5 es su generaci\u00f3n de informes personalizados. Los informes de datos y pacientes pueden presentarse, almacenarse y generarse, sin embargo, al usuario de ultrasonido le gustar\u00eda. Esta informaci\u00f3n se puede personalizar en la m\u00e1quina del esc\u00e1ner o en una estaci\u00f3n de trabajo separada.<\/p>\n<ul>\n<li>Ultrasonido Doppler Color<\/li>\n<li>2-D, M-Mode, PW \/ CW Doppler<\/li>\n<li>Im\u00e1genes de Octave Codificadas (Arm\u00f3nicos)<\/li>\n<li>M\u00f3dulo de ECG y cable de 3 derivaciones<\/li>\n<li>Anatom\u00eda del color del modo M Angio<\/li>\n<li>Posprocesamiento del sistema EchoPac y archivo de datos<\/li>\n<li>Monitor de alta resoluci\u00f3n de 15 \u00ab<\/li>\n<li>Totalmente digital<\/li>\n<li>Eco de esfuerzo digital integrado (opcional)<\/li>\n<\/ul>\n<h3>Caracter\u00edsticas del sistema<\/h3>\n<ul>\n<li>Monitor (pulgadas): 15 \u00abTFT LCD<\/li>\n<li>Inclinar \/ girar el monitor ajustable: s\u00ed<\/li>\n<li>Resoluci\u00f3n del monitor: 1024 * 768<\/li>\n<li>Resoluci\u00f3n del tama\u00f1o de la imagen: 800 * 600<\/li>\n<li>Pantalla t\u00e1ctil (pulgadas): no<\/li>\n<li>Trackball o Trackpad: Trackball<\/li>\n<li>Contraluz CP: S\u00ed<\/li>\n<li>Peso: 154 libras (70 kg)<\/li>\n<li>Puertos de sonda: 3<\/li>\n<li>Bater\u00eda: no<\/li>\n<li>Tiempo de arranque: modo de reposo (inicio r\u00e1pido)<\/li>\n<li>Profundidad m\u00e1xima de campo: 30cm<\/li>\n<li>Profundidad m\u00ednima de campo: 0-2cm<\/li>\n<li>Carro (HCU): no<\/li>\n<li>Direcci\u00f3n independiente y ruedas bloqueables: S\u00ed<\/li>\n<\/ul>\n<h3>Conectividad<\/h3>\n<ul>\n<li>DICOM 3.0: s\u00ed<\/li>\n<li>DICOM SR_Cardiac: s\u00ed<\/li>\n<li>DICOM SR_Vascular: S\u00ed<\/li>\n<li>DICOM SR_OB \/ GYN: S\u00ed<\/li>\n<li>JPEG, WMV y AVI: s\u00ed<\/li>\n<li>USB: s\u00ed<\/li>\n<li>HDD \/ SDD: 80GB<\/li>\n<li>DVD \/ CD RW: S\u00ed<\/li>\n<li>LAN inal\u00e1mbrica: S\u00ed<\/li>\n<\/ul>\n<p>[\/vc_column_text][\/vc_column][\/vc_row]<\/p>\n<\/div>","protected":false},"excerpt":{"rendered":"<p>Ultrasonidos<\/p>\n","protected":false},"featured_media":25534,"template":"","meta":{"_acf_changed":false,"_relevanssi_hide_post":"","_relevanssi_hide_content":"","_relevanssi_pin_for_all":"","_relevanssi_pin_keywords":"","_relevanssi_unpin_keywords":"","_relevanssi_related_keywords":"","_relevanssi_related_include_ids":"","_relevanssi_related_exclude_ids":"","_relevanssi_related_no_append":"","_relevanssi_related_not_related":"","_relevanssi_related_posts":"","_relevanssi_noindex_reason":"","inline_featured_image":false},"pwb-brand":[1100],"product_brand":[],"product_cat":[91],"product_tag":[224,2257,1991,504,1901,1900,1992,2256],"class_list":{"0":"post-3835","1":"product","2":"type-product","3":"status-publish","4":"has-post-thumbnail","6":"pwb-brand-equipo-medico-ge","7":"product_cat-ultrasonidos","8":"product_tag-ge","9":"product_tag-ge-s5","10":"product_tag-ge-vivid","11":"product_tag-s5","12":"product_tag-ultrasonido","13":"product_tag-ultrasonidos","14":"product_tag-vivid","15":"product_tag-vivid-s5","17":"first","18":"instock","19":"purchasable","20":"product-type-simple"},"acf":[],"brands":[{"id":1100,"name":"GE","slug":"equipo-medico-ge"}],"_links":{"self":[{"href":"https:\/\/www.somatechnology.com\/spanish\/wp-json\/wp\/v2\/product\/3835","targetHints":{"allow":["GET"]}}],"collection":[{"href":"https:\/\/www.somatechnology.com\/spanish\/wp-json\/wp\/v2\/product"}],"about":[{"href":"https:\/\/www.somatechnology.com\/spanish\/wp-json\/wp\/v2\/types\/product"}],"wp:featuredmedia":[{"embeddable":true,"href":"https:\/\/www.somatechnology.com\/spanish\/wp-json\/wp\/v2\/media\/25534"}],"wp:attachment":[{"href":"https:\/\/www.somatechnology.com\/spanish\/wp-json\/wp\/v2\/media?parent=3835"}],"wp:term":[{"taxonomy":"pwb-brand","embeddable":true,"href":"https:\/\/www.somatechnology.com\/spanish\/wp-json\/wp\/v2\/pwb-brand?post=3835"},{"taxonomy":"product_brand","embeddable":true,"href":"https:\/\/www.somatechnology.com\/spanish\/wp-json\/wp\/v2\/product_brand?post=3835"},{"taxonomy":"product_cat","embeddable":true,"href":"https:\/\/www.somatechnology.com\/spanish\/wp-json\/wp\/v2\/product_cat?post=3835"},{"taxonomy":"product_tag","embeddable":true,"href":"https:\/\/www.somatechnology.com\/spanish\/wp-json\/wp\/v2\/product_tag?post=3835"}],"curies":[{"name":"wp","href":"https:\/\/api.w.org\/{rel}","templated":true}]}}