{"id":3880,"date":"2016-07-19T21:16:26","date_gmt":"2016-07-19T21:16:26","guid":{"rendered":"http:\/\/equipomedicocentral.com\/wordpress\/product\/olympus-clv-u40\/"},"modified":"2023-08-23T06:01:54","modified_gmt":"2023-08-23T10:01:54","slug":"olympus-clv-u40","status":"publish","type":"product","link":"https:\/\/www.somatechnology.com\/spanish\/equipo-medico-usado-remanufacturado\/sistema-de-video-endoscopia\/fuentes-de-luz\/olympus-clv-u40\/","title":{"rendered":"Olympus CLV-U40"},"content":{"rendered":"<h2>Caracter\u00edsticas del\u00a0Fuente de Luz Olympus CLV-U40<\/h2>\n<p>El CLV-U40 es una fuente de luz universal para usar con todos los endoscopios Olympus. Accionando el selector de modo, la fuente de luz se puede fijar a cualquier alcance. De los videoscopios de la serie EVIS 100, 130, 140 y 200 al OES Fibroscopios y a todos los endoscopios r\u00edgidos.<\/p>\n<h3>Fuente de luz del Xen\u00f3n 300W<\/h3>\n<ul>\n<li>Proporciona aproximadamente 1.5 x mayor intensidad de luz para im\u00e1genes m\u00e1s claras y m\u00e1s v\u00edvidas para mejorar la observaci\u00f3n detallada.(s\u00f3lo en combinaci\u00f3n con los alcances de la serie 200.)<\/li>\n<\/ul>\n<h3>Ajuste \u00f3ptimo de la densidad de luz para grabaci\u00f3n de v\u00eddeo<\/h3>\n<ul>\n<li>Selecciona autom\u00e1ticamente la sensibilidad ideal requerida. La anulaci\u00f3n manual ofrece un ajuste variable por el endoscopia.<\/li>\n<\/ul>\n<h3>Control autom\u00e1tico de la exposici\u00f3n para la fotograf\u00eda<\/h3>\n<ul>\n<li>Ajusta autom\u00e1ticamente la fuente de luz a la exposici\u00f3n \u00f3ptima para fotograf\u00edas fijas o Polaroid. La anulaci\u00f3n manual da al endoscopia el control completo de esta funci\u00f3n.<\/li>\n<\/ul>\n<h3>L\u00e1mpara de emergencia incorporada<\/h3>\n<ul>\n<li>El sistema CLV-U40 incluye una l\u00e1mpara de emergencia hal\u00f3gena de 150W incorporada que se acciona autom\u00e1ticamente en caso de fallo de la l\u00e1mpara de xen\u00f3n.<\/li>\n<\/ul>\n<h3>Indicador de mal funcionamiento<\/h3>\n<ul>\n<li>Cualquier aver\u00eda en el sistema de emergencia activa el indicador de mal funcionamiento del panel de luz.<\/li>\n<\/ul>\n<p>&nbsp;<\/p>\n","protected":false},"excerpt":{"rendered":"<p>Fuente de Luz<\/p>\n","protected":false},"featured_media":9315,"template":"","meta":{"_acf_changed":false,"_relevanssi_hide_post":"","_relevanssi_hide_content":"","_relevanssi_pin_for_all":"","_relevanssi_pin_keywords":"","_relevanssi_unpin_keywords":"","_relevanssi_related_keywords":"","_relevanssi_related_include_ids":"","_relevanssi_related_exclude_ids":"","_relevanssi_related_no_append":"","_relevanssi_related_not_related":"","_relevanssi_related_posts":"","_relevanssi_noindex_reason":"","inline_featured_image":false},"pwb-brand":[1080],"product_brand":[],"product_cat":[74,84],"product_tag":[2246,2239,2245,2244,2228],"class_list":{"0":"post-3880","1":"product","2":"type-product","3":"status-publish","4":"has-post-thumbnail","6":"pwb-brand-equipo-medico-olympus","7":"product_cat-fuentes-de-luz","8":"product_cat-sistema-de-video-endoscopia","9":"product_tag-clv-u40-light-source","10":"product_tag-olympus-clv","11":"product_tag-olympus-clv-u40","12":"product_tag-olympus-clv-u40-light-source","13":"product_tag-olympus-light-source","15":"first","16":"instock","17":"purchasable","18":"product-type-simple"},"acf":[],"brands":[{"id":1080,"name":"Olympus","slug":"equipo-medico-olympus"}],"_links":{"self":[{"href":"https:\/\/www.somatechnology.com\/spanish\/wp-json\/wp\/v2\/product\/3880","targetHints":{"allow":["GET"]}}],"collection":[{"href":"https:\/\/www.somatechnology.com\/spanish\/wp-json\/wp\/v2\/product"}],"about":[{"href":"https:\/\/www.somatechnology.com\/spanish\/wp-json\/wp\/v2\/types\/product"}],"wp:featuredmedia":[{"embeddable":true,"href":"https:\/\/www.somatechnology.com\/spanish\/wp-json\/wp\/v2\/media\/9315"}],"wp:attachment":[{"href":"https:\/\/www.somatechnology.com\/spanish\/wp-json\/wp\/v2\/media?parent=3880"}],"wp:term":[{"taxonomy":"pwb-brand","embeddable":true,"href":"https:\/\/www.somatechnology.com\/spanish\/wp-json\/wp\/v2\/pwb-brand?post=3880"},{"taxonomy":"product_brand","embeddable":true,"href":"https:\/\/www.somatechnology.com\/spanish\/wp-json\/wp\/v2\/product_brand?post=3880"},{"taxonomy":"product_cat","embeddable":true,"href":"https:\/\/www.somatechnology.com\/spanish\/wp-json\/wp\/v2\/product_cat?post=3880"},{"taxonomy":"product_tag","embeddable":true,"href":"https:\/\/www.somatechnology.com\/spanish\/wp-json\/wp\/v2\/product_tag?post=3880"}],"curies":[{"name":"wp","href":"https:\/\/api.w.org\/{rel}","templated":true}]}}