{"id":3886,"date":"2016-07-19T21:16:26","date_gmt":"2016-07-19T21:16:26","guid":{"rendered":"http:\/\/equipomedicocentral.com\/wordpress\/product\/olympus-clk-3\/"},"modified":"2023-08-23T06:02:02","modified_gmt":"2023-08-23T10:02:02","slug":"olympus-clk-3","status":"publish","type":"product","link":"https:\/\/www.somatechnology.com\/spanish\/equipo-medico-usado-remanufacturado\/sistema-de-video-endoscopia\/fuentes-de-luz\/olympus-clk-3\/","title":{"rendered":"Olympus CLK-3"},"content":{"rendered":"<h2>Caracter\u00edsticas del\u00a0Fuente de Luz Endosc\u00f3pica Olympus CLK-3<\/h2>\n<p>Olympus modelo CLK-3 fuente de luz endosc\u00f3pica con aire. bulbo de hal\u00f3geno de 150 vatios, peque\u00f1a unidad compacta, f\u00e1cilmente portable.Tiene un sistema de doble l\u00e1mpara que permite el cambio instant\u00e1neo, en caso de falla de la l\u00e1mpara. La bomba de aire incorporada permite la insuflaci\u00f3n y la irrigaci\u00f3n de la lente y la hace adaptable a todos los endoscopios de Olympus<\/p>\n<ul>\n<li>Bombilla hal\u00f3gena 150W<\/li>\n<li>Bomba de alimentaci\u00f3n de aire<\/li>\n<li>Compatible con los endoscopios de Olympus OES<\/li>\n<\/ul>\n<h3>Dimensiones<\/h3>\n<ul>\n<li>Tama\u00f1o: 7 \u00abT x 14 3\/4\u00bb de largo x 8 3\/4 \u00abancho por 7\u00bb de alto<\/li>\n<\/ul>\n","protected":false},"excerpt":{"rendered":"<p>Fuente de Luz<\/p>\n","protected":false},"featured_media":9234,"template":"","meta":{"_acf_changed":false,"_relevanssi_hide_post":"","_relevanssi_hide_content":"","_relevanssi_pin_for_all":"","_relevanssi_pin_keywords":"","_relevanssi_unpin_keywords":"","_relevanssi_related_keywords":"","_relevanssi_related_include_ids":"","_relevanssi_related_exclude_ids":"","_relevanssi_related_no_append":"","_relevanssi_related_not_related":"","_relevanssi_related_posts":"","_relevanssi_noindex_reason":"","inline_featured_image":false},"pwb-brand":[1080],"product_brand":[],"product_cat":[74,84],"product_tag":[2132,2130,138,2129,2131,2128],"class_list":{"0":"post-3886","1":"product","2":"type-product","3":"status-publish","4":"has-post-thumbnail","6":"pwb-brand-equipo-medico-olympus","7":"product_cat-fuentes-de-luz","8":"product_cat-sistema-de-video-endoscopia","9":"product_tag-clk-3-light-source","10":"product_tag-fuentes-de-luz","11":"product_tag-olympus","12":"product_tag-olympus-clk-3","13":"product_tag-olympus-clk-3-fuentes-de-luz","14":"product_tag-olympus-clk-3-light-source","16":"first","17":"instock","18":"purchasable","19":"product-type-simple"},"acf":[],"brands":[{"id":1080,"name":"Olympus","slug":"equipo-medico-olympus"}],"_links":{"self":[{"href":"https:\/\/www.somatechnology.com\/spanish\/wp-json\/wp\/v2\/product\/3886","targetHints":{"allow":["GET"]}}],"collection":[{"href":"https:\/\/www.somatechnology.com\/spanish\/wp-json\/wp\/v2\/product"}],"about":[{"href":"https:\/\/www.somatechnology.com\/spanish\/wp-json\/wp\/v2\/types\/product"}],"wp:featuredmedia":[{"embeddable":true,"href":"https:\/\/www.somatechnology.com\/spanish\/wp-json\/wp\/v2\/media\/9234"}],"wp:attachment":[{"href":"https:\/\/www.somatechnology.com\/spanish\/wp-json\/wp\/v2\/media?parent=3886"}],"wp:term":[{"taxonomy":"pwb-brand","embeddable":true,"href":"https:\/\/www.somatechnology.com\/spanish\/wp-json\/wp\/v2\/pwb-brand?post=3886"},{"taxonomy":"product_brand","embeddable":true,"href":"https:\/\/www.somatechnology.com\/spanish\/wp-json\/wp\/v2\/product_brand?post=3886"},{"taxonomy":"product_cat","embeddable":true,"href":"https:\/\/www.somatechnology.com\/spanish\/wp-json\/wp\/v2\/product_cat?post=3886"},{"taxonomy":"product_tag","embeddable":true,"href":"https:\/\/www.somatechnology.com\/spanish\/wp-json\/wp\/v2\/product_tag?post=3886"}],"curies":[{"name":"wp","href":"https:\/\/api.w.org\/{rel}","templated":true}]}}