{"id":3901,"date":"2016-07-19T21:16:26","date_gmt":"2016-07-19T21:16:26","guid":{"rendered":"http:\/\/equipomedicocentral.com\/wordpress\/product\/bear-33\/"},"modified":"2023-12-29T10:33:57","modified_gmt":"2023-12-29T15:33:57","slug":"bear-33","status":"publish","type":"product","link":"https:\/\/www.somatechnology.com\/spanish\/equipo-medico-usado-remanufacturado\/ventiladores-portatil\/bear-33\/","title":{"rendered":"Bear 33"},"content":{"rendered":"<h2>Caracter\u00edsticas del ventilador BEAR 33<\/h2>\n<p>El ventilador del volumen del <strong>BEAR 33<\/strong> es un dispositivo portable para el uso con los adultos y los pacientes pedi\u00e1tricos limitados, con tres modos de operaci\u00f3n: control, control de la ayuda, y SIMV. El Bear 33 se puede utilizar junto con un humidificador si es necesario y puede utilizar los mismos circuitos desechables. Cuando se utiliza con un humidificador, el fabricante recomienda utilizar el soporte del humidificador de montaje de mesa opcional (#51000-08124) que permite montar el humidificador de forma segura junto al ventilador. Como los ventiladores de Respironics y de AEQUITRON, el BEAR 33 se puede funcionar por la corriente alterna, la bater\u00eda interna, o la bater\u00eda externa opcional.<\/p>\n<ul>\n<li>Control: el ventilador entrega el gas en el volumen de marea seleccionado, el flujo m\u00e1ximo, y los ajustes de la tarifa. El paciente todav\u00eda puede extraer respiraciones espont\u00e1neas a trav\u00e9s de la v\u00e1lvula de retenci\u00f3n de bypass del pist\u00f3n.<\/li>\n<li>Control de la ayuda: una respiraci\u00f3n de la presi\u00f3n positiva se acciona cuando el esfuerzo inspiratorio espont\u00e1neo del paciente cae debajo del nivel preestablecido de la sensibilidad de la ayuda; Si el paciente no dispara la m\u00e1quina dentro del tiempo de respiraci\u00f3n a respiraci\u00f3n ajustado por el control de velocidad, el respiradero emitir\u00e1 autom\u00e1ticamente una respiraci\u00f3n.<\/li>\n<li>SIMV: (ventilaci\u00f3n obligatoria intermitente sincronizada) permite que el paciente respire espont\u00e1neamente y que reciba un n\u00famero fijo de respiraciones de la presi\u00f3n positiva seg\u00fan lo fijado por el control de la tarifa. Estas respiraciones pueden ser iniciadas por el paciente (asistidas) o iniciadas por el ventilador (controlada).<\/li>\n<\/ul>\n<p>&nbsp;<\/p>\n","protected":false},"excerpt":{"rendered":"<p>TransVentilador Medico Portatil<\/p>\n","protected":false},"featured_media":12676,"template":"","meta":{"_acf_changed":false,"_relevanssi_hide_post":"","_relevanssi_hide_content":"","_relevanssi_pin_for_all":"","_relevanssi_pin_keywords":"","_relevanssi_unpin_keywords":"","_relevanssi_related_keywords":"","_relevanssi_related_include_ids":"","_relevanssi_related_exclude_ids":"","_relevanssi_related_no_append":"","_relevanssi_related_not_related":"","_relevanssi_related_posts":"","_relevanssi_noindex_reason":"","inline_featured_image":false},"pwb-brand":[1344],"product_brand":[],"product_cat":[4780],"product_tag":[1739,5549,5550,5548,1028,5547],"class_list":{"0":"post-3901","1":"product","2":"type-product","3":"status-publish","4":"has-post-thumbnail","6":"pwb-brand-ventiladores-bear","7":"product_cat-ventiladores-portatil","8":"product_tag-bear","9":"product_tag-bear-33","10":"product_tag-bear-33-ventiladores","11":"product_tag-bear-ventiladores","12":"product_tag-ventiladores","13":"product_tag-ventiladores-portatiles","15":"first","16":"instock","17":"purchasable","18":"product-type-simple"},"acf":[],"brands":[{"id":1344,"name":"Bear","slug":"ventiladores-bear"}],"_links":{"self":[{"href":"https:\/\/www.somatechnology.com\/spanish\/wp-json\/wp\/v2\/product\/3901","targetHints":{"allow":["GET"]}}],"collection":[{"href":"https:\/\/www.somatechnology.com\/spanish\/wp-json\/wp\/v2\/product"}],"about":[{"href":"https:\/\/www.somatechnology.com\/spanish\/wp-json\/wp\/v2\/types\/product"}],"wp:featuredmedia":[{"embeddable":true,"href":"https:\/\/www.somatechnology.com\/spanish\/wp-json\/wp\/v2\/media\/12676"}],"wp:attachment":[{"href":"https:\/\/www.somatechnology.com\/spanish\/wp-json\/wp\/v2\/media?parent=3901"}],"wp:term":[{"taxonomy":"pwb-brand","embeddable":true,"href":"https:\/\/www.somatechnology.com\/spanish\/wp-json\/wp\/v2\/pwb-brand?post=3901"},{"taxonomy":"product_brand","embeddable":true,"href":"https:\/\/www.somatechnology.com\/spanish\/wp-json\/wp\/v2\/product_brand?post=3901"},{"taxonomy":"product_cat","embeddable":true,"href":"https:\/\/www.somatechnology.com\/spanish\/wp-json\/wp\/v2\/product_cat?post=3901"},{"taxonomy":"product_tag","embeddable":true,"href":"https:\/\/www.somatechnology.com\/spanish\/wp-json\/wp\/v2\/product_tag?post=3901"}],"curies":[{"name":"wp","href":"https:\/\/api.w.org\/{rel}","templated":true}]}}