{"id":3912,"date":"2016-07-19T21:17:07","date_gmt":"2016-07-19T21:17:07","guid":{"rendered":"http:\/\/equipomedicocentral.com\/wordpress\/product\/siemens-mobilett-ii\/"},"modified":"2023-08-23T06:03:01","modified_gmt":"2023-08-23T10:03:01","slug":"siemens-mobilett-ii","status":"publish","type":"product","link":"https:\/\/www.somatechnology.com\/spanish\/equipo-medico-usado-remanufacturado\/imagenologia-radiologia\/rayos-x-portables\/siemens-mobilett-ii\/","title":{"rendered":"Siemens Mobilett II"},"content":{"rendered":"<h2>Caracter\u00edsticas de la m\u00e1quina de Rayos X Siemens Mobilett II Portable<\/h2>\n<p>El Siemens Mobilett II es una poderosa m\u00e1quina de Rayos X con propulsor de empuje ligero, generador de HF de 30kW, \u00e1nodo est\u00e1tico, distancia focal de .8 mm, consola de operadores LED, selecci\u00f3n de kV 40 a 133 en 49 incrementos, selecci\u00f3n de mA .5 a 200 en 51 incrementos, dise\u00f1o de cable oculto, Fuente de alimentaci\u00f3n monof\u00e1sica de 50\/60 Hz, 4 dep\u00f3sitos de cassette.<\/p>\n<h2>Especificaciones de la m\u00e1quina de Rayos X port\u00e1til Mobilett II de Siemens<\/h2>\n<h3>Dimensiones<\/h3>\n<ul>\n<li>Huella: 104 (l) x 56.4 (w) x 157 (h) cm (41 x 22 x 61.8 pulgadas)<\/li>\n<li>Peso: 285 Kg (628 lbs)<\/li>\n<li>Posicionamiento del tubo: extensi\u00f3n horizontal m\u00e1xima de 1280 mm (50,4 pulg), extensi\u00f3n horizontal m\u00ednima de 316 mm (12,4 pulg), altura m\u00e1xima del punto focal de 2145 mm (84,4 pulg), altura m\u00ednima del punto focal de 470 mm (18,5 pulg)<\/li>\n<\/ul>\n<h3>Generador de Rayos x<\/h3>\n<ul>\n<li>Auto calibraci\u00f3n de alta frecuencia, alta salida<\/li>\n<li>Generador con voltaje multiuso<\/li>\n<\/ul>\n<h3>Rendimiento<\/h3>\n<ul>\n<li>30 kW a 96 kB 10 ms<\/li>\n<li>20 kW a 102 kB 100 ms<\/li>\n<li>450mA (m\u00e1ximo)<\/li>\n<\/ul>\n<h3>Tiempos de exposici\u00f3n<\/h3>\n<ul>\n<li>M\u00e1s corto 1.2 ms, m\u00e1x. 5.0 s<\/li>\n<\/ul>\n<h3>Alcance<\/h3>\n<ul>\n<li>40 &#8211; 133 kV en 25 pasos<\/li>\n<\/ul>\n<h3>Alcance mAs (0,32 to 360 mAs)<\/h3>\n<ul>\n<li>32 \u2013 360 mAs \/ 40 \u2013 81 kV<\/li>\n<li>32 \u2013 320 mAs \/ 83 \u2013 90 kV<\/li>\n<li>32 \u2013 280 mAs \/ 96 \u2013 102 kV<\/li>\n<li>32 \u2013 250 mAs \/ 109 \u2013 117 kV<\/li>\n<li>32 \u2013 220 mAs \/ 133 kV<\/li>\n<\/ul>\n<h3>Tubo de Rayos-X<\/h3>\n<ul>\n<li>Siemens P135 \/ 30 R con valor nominal de punto focal 0.8 (seg\u00fan IEC 336\/1982)<\/li>\n<\/ul>\n<p>&nbsp;<\/p>\n","protected":false},"excerpt":{"rendered":"<p>Rayos X Port\u00e1til<\/p>\n","protected":false},"featured_media":12752,"template":"","meta":{"_acf_changed":false,"_relevanssi_hide_post":"","_relevanssi_hide_content":"","_relevanssi_pin_for_all":"","_relevanssi_pin_keywords":"","_relevanssi_unpin_keywords":"","_relevanssi_related_keywords":"","_relevanssi_related_include_ids":"","_relevanssi_related_exclude_ids":"","_relevanssi_related_no_append":"","_relevanssi_related_not_related":"","_relevanssi_related_posts":"","_relevanssi_noindex_reason":"","inline_featured_image":false},"pwb-brand":[1123],"product_brand":[],"product_cat":[94],"product_tag":[5660,5662,5663,5661,5042,667,5658,5664,5659,5657],"class_list":{"0":"post-3912","1":"product","2":"type-product","3":"status-publish","4":"has-post-thumbnail","6":"pwb-brand-equipo-medico-siemens","7":"product_cat-rayos-x-portables","8":"product_tag-mobilett","9":"product_tag-mobilett-ii","10":"product_tag-mobilett-ii-rayos-x-portables","11":"product_tag-mobilett-rayos-x-portables","12":"product_tag-rayos-x-portables","13":"product_tag-siemens","14":"product_tag-siemens-mobilett","15":"product_tag-siemens-mobilett-ii-rayos-x-portables","16":"product_tag-siemens-mobilett-rayos-x-portables","17":"product_tag-siemens-rayos-x-portables","19":"first","20":"instock","21":"purchasable","22":"product-type-simple"},"acf":[],"brands":[{"id":1123,"name":"Siemens","slug":"equipo-medico-siemens"}],"_links":{"self":[{"href":"https:\/\/www.somatechnology.com\/spanish\/wp-json\/wp\/v2\/product\/3912","targetHints":{"allow":["GET"]}}],"collection":[{"href":"https:\/\/www.somatechnology.com\/spanish\/wp-json\/wp\/v2\/product"}],"about":[{"href":"https:\/\/www.somatechnology.com\/spanish\/wp-json\/wp\/v2\/types\/product"}],"wp:featuredmedia":[{"embeddable":true,"href":"https:\/\/www.somatechnology.com\/spanish\/wp-json\/wp\/v2\/media\/12752"}],"wp:attachment":[{"href":"https:\/\/www.somatechnology.com\/spanish\/wp-json\/wp\/v2\/media?parent=3912"}],"wp:term":[{"taxonomy":"pwb-brand","embeddable":true,"href":"https:\/\/www.somatechnology.com\/spanish\/wp-json\/wp\/v2\/pwb-brand?post=3912"},{"taxonomy":"product_brand","embeddable":true,"href":"https:\/\/www.somatechnology.com\/spanish\/wp-json\/wp\/v2\/product_brand?post=3912"},{"taxonomy":"product_cat","embeddable":true,"href":"https:\/\/www.somatechnology.com\/spanish\/wp-json\/wp\/v2\/product_cat?post=3912"},{"taxonomy":"product_tag","embeddable":true,"href":"https:\/\/www.somatechnology.com\/spanish\/wp-json\/wp\/v2\/product_tag?post=3912"}],"curies":[{"name":"wp","href":"https:\/\/api.w.org\/{rel}","templated":true}]}}