{"id":3914,"date":"2016-07-19T21:17:07","date_gmt":"2016-07-19T21:17:07","guid":{"rendered":"http:\/\/equipomedicocentral.com\/wordpress\/product\/amsco-polaris\/"},"modified":"2023-08-23T06:03:04","modified_gmt":"2023-08-23T10:03:04","slug":"amsco-polaris","status":"publish","type":"product","link":"https:\/\/www.somatechnology.com\/spanish\/equipo-medico-usado-remanufacturado\/luces-de-cirugia-lamparas-quirurgicas\/amsco-polaris\/","title":{"rendered":"Steris Amsco Polaris"},"content":{"rendered":"<h2>Caracter\u00edsticas del Steris Amsco Polaris<\/h2>\n<ul>\n<li>Iluminaci\u00f3n consistente brillante y definici\u00f3n constante del patr\u00f3n.<\/li>\n<li>La gran profundidad de campo elimina la necesidad de reenfocar continuamente durante un procedimiento.<\/li>\n<li>Buen control de sombra y m\u00e1xima iluminaci\u00f3n de cavidades.<\/li>\n<li>El brillo \u00f3ptimo se consigue sin deslumbramiento.<\/li>\n<li>La piel y el tejido operativo aparecen en un estado natural sin distorsi\u00f3n del color.<\/li>\n<li>La manija est\u00e9ril f\u00e1cil de agarrar hace para la colocaci\u00f3n f\u00e1cil y el ajuste del tama\u00f1o del patr\u00f3n.<\/li>\n<li>Buena facilidad de maniobrar durante los procedimientos.<\/li>\n<li>Buena gama de ajuste de la intensidad de la luz.<\/li>\n<li>Bombilla de cambio f\u00e1cil que se puede cambiar entre los casos en cuesti\u00f3n de minutos.<\/li>\n<li>La alta calidad, alto acabado del lustre facilita la facilidad de la limpieza en el final de un d\u00eda largo de casos.<\/li>\n<\/ul>\n","protected":false},"excerpt":{"rendered":"<p>Dual L\u00e1mpara Quir\u00fargica center mount<\/p>\n","protected":false},"featured_media":5459,"template":"","meta":{"_acf_changed":false,"_relevanssi_hide_post":"","_relevanssi_hide_content":"","_relevanssi_pin_for_all":"","_relevanssi_pin_keywords":"","_relevanssi_unpin_keywords":"","_relevanssi_related_keywords":"","_relevanssi_related_include_ids":"","_relevanssi_related_exclude_ids":"","_relevanssi_related_no_append":"","_relevanssi_related_not_related":"","_relevanssi_related_posts":"","_relevanssi_noindex_reason":"","inline_featured_image":false},"pwb-brand":[1149],"product_brand":[],"product_cat":[71],"product_tag":[],"class_list":{"0":"post-3914","1":"product","2":"type-product","3":"status-publish","4":"has-post-thumbnail","6":"pwb-brand-equipo-medico-steris","7":"product_cat-luces-de-cirugia-lamparas-quirurgicas","9":"first","10":"instock","11":"purchasable","12":"product-type-simple"},"acf":[],"brands":[{"id":1149,"name":"Steris","slug":"equipo-medico-steris"}],"_links":{"self":[{"href":"https:\/\/www.somatechnology.com\/spanish\/wp-json\/wp\/v2\/product\/3914","targetHints":{"allow":["GET"]}}],"collection":[{"href":"https:\/\/www.somatechnology.com\/spanish\/wp-json\/wp\/v2\/product"}],"about":[{"href":"https:\/\/www.somatechnology.com\/spanish\/wp-json\/wp\/v2\/types\/product"}],"wp:featuredmedia":[{"embeddable":true,"href":"https:\/\/www.somatechnology.com\/spanish\/wp-json\/wp\/v2\/media\/5459"}],"wp:attachment":[{"href":"https:\/\/www.somatechnology.com\/spanish\/wp-json\/wp\/v2\/media?parent=3914"}],"wp:term":[{"taxonomy":"pwb-brand","embeddable":true,"href":"https:\/\/www.somatechnology.com\/spanish\/wp-json\/wp\/v2\/pwb-brand?post=3914"},{"taxonomy":"product_brand","embeddable":true,"href":"https:\/\/www.somatechnology.com\/spanish\/wp-json\/wp\/v2\/product_brand?post=3914"},{"taxonomy":"product_cat","embeddable":true,"href":"https:\/\/www.somatechnology.com\/spanish\/wp-json\/wp\/v2\/product_cat?post=3914"},{"taxonomy":"product_tag","embeddable":true,"href":"https:\/\/www.somatechnology.com\/spanish\/wp-json\/wp\/v2\/product_tag?post=3914"}],"curies":[{"name":"wp","href":"https:\/\/api.w.org\/{rel}","templated":true}]}}