{"id":3916,"date":"2016-07-19T21:17:07","date_gmt":"2016-07-19T21:17:07","guid":{"rendered":"http:\/\/equipomedicocentral.com\/wordpress\/product\/amsco-gemini\/"},"modified":"2023-08-23T06:03:09","modified_gmt":"2023-08-23T10:03:09","slug":"amsco-gemini","status":"publish","type":"product","link":"https:\/\/www.somatechnology.com\/spanish\/equipo-medico-usado-remanufacturado\/luces-de-cirugia-lamparas-quirurgicas\/amsco-gemini\/","title":{"rendered":"Steris Amsco Gemini"},"content":{"rendered":"<h2>Carasteristicas Steris Amsco Gemini:<\/h2>\n<p>La luz quir\u00fargica de <strong>Steris Amsco Gemini<\/strong> permite la gama completa de flexibilidad mec\u00e1nica y \u00f3ptica requerida para la cirug\u00eda. Ideal para procedimientos quir\u00fargicos menores, Obstetricia y ex\u00e1menes especializados. El proyector de 22 \u2033 (559 mm) de di\u00e1metro proporciona una luz fresca, reducida a sombras, corregida por el color en el sitio operativo o de examen.<\/p>\n<ul>\n<li>Permite la gama completa de flexibilidad mec\u00e1nica y \u00f3ptica requerida para la cirug\u00eda<\/li>\n<li>Operaci\u00f3n f\u00e1cil, del interruptor del tacto<\/li>\n<li>Iluminaci\u00f3n bien definida sin puntos calientes y control de sombra excelente<\/li>\n<li>Proporciona la luz fresca, sombra-reducida, color-corregida<\/li>\n<li>Intensidad de la viga baja, media o alta<\/li>\n<li>Disponible en un montaje del techo, montaje de pista, o soporte m\u00f3vil del piso<\/li>\n<li>Cabeza ligera: 22 \u2033 (559 cm)<\/li>\n<li>Montaje del soporte del piso: 175 lbs (79 kilogramos)<\/li>\n<li>Solo montaje del techo: 165 lbs (75 kilogramos)<\/li>\n<li>Montaje dual del techo: 245 lbs (111 kilogramos)<\/li>\n<li>Estabilidad sin deriva<\/li>\n<\/ul>\n<p>&nbsp;<\/p>\n","protected":false},"excerpt":{"rendered":"<p>L\u00e1mpara Quir\u00fargica<\/p>\n","protected":false},"featured_media":12412,"template":"","meta":{"_acf_changed":false,"_relevanssi_hide_post":"","_relevanssi_hide_content":"","_relevanssi_pin_for_all":"","_relevanssi_pin_keywords":"","_relevanssi_unpin_keywords":"","_relevanssi_related_keywords":"","_relevanssi_related_include_ids":"","_relevanssi_related_exclude_ids":"","_relevanssi_related_no_append":"","_relevanssi_related_not_related":"","_relevanssi_related_posts":"","_relevanssi_noindex_reason":"","inline_featured_image":false},"pwb-brand":[1149],"product_brand":[],"product_cat":[71],"product_tag":[544,5164,4987,543,554,5167,5166,5165,5158],"class_list":{"0":"post-3916","1":"product","2":"type-product","3":"status-publish","4":"has-post-thumbnail","6":"pwb-brand-equipo-medico-steris","7":"product_cat-luces-de-cirugia-lamparas-quirurgicas","8":"product_tag-amsco","9":"product_tag-amsco-lamparas-quirurgicas","10":"product_tag-lamparas-quirurgicas","11":"product_tag-steris","12":"product_tag-steris-amsco","13":"product_tag-steris-amsco-gemini","14":"product_tag-steris-amsco-gemini-lamparas-quirurgicas","15":"product_tag-steris-amsco-lamparas-quirurgicas","16":"product_tag-steris-lamparas-quirurgicas","18":"first","19":"instock","20":"purchasable","21":"product-type-simple"},"acf":[],"brands":[{"id":1149,"name":"Steris","slug":"equipo-medico-steris"}],"_links":{"self":[{"href":"https:\/\/www.somatechnology.com\/spanish\/wp-json\/wp\/v2\/product\/3916","targetHints":{"allow":["GET"]}}],"collection":[{"href":"https:\/\/www.somatechnology.com\/spanish\/wp-json\/wp\/v2\/product"}],"about":[{"href":"https:\/\/www.somatechnology.com\/spanish\/wp-json\/wp\/v2\/types\/product"}],"wp:featuredmedia":[{"embeddable":true,"href":"https:\/\/www.somatechnology.com\/spanish\/wp-json\/wp\/v2\/media\/12412"}],"wp:attachment":[{"href":"https:\/\/www.somatechnology.com\/spanish\/wp-json\/wp\/v2\/media?parent=3916"}],"wp:term":[{"taxonomy":"pwb-brand","embeddable":true,"href":"https:\/\/www.somatechnology.com\/spanish\/wp-json\/wp\/v2\/pwb-brand?post=3916"},{"taxonomy":"product_brand","embeddable":true,"href":"https:\/\/www.somatechnology.com\/spanish\/wp-json\/wp\/v2\/product_brand?post=3916"},{"taxonomy":"product_cat","embeddable":true,"href":"https:\/\/www.somatechnology.com\/spanish\/wp-json\/wp\/v2\/product_cat?post=3916"},{"taxonomy":"product_tag","embeddable":true,"href":"https:\/\/www.somatechnology.com\/spanish\/wp-json\/wp\/v2\/product_tag?post=3916"}],"curies":[{"name":"wp","href":"https:\/\/api.w.org\/{rel}","templated":true}]}}