{"id":3920,"date":"2016-07-19T21:17:07","date_gmt":"2016-07-19T21:17:07","guid":{"rendered":"http:\/\/equipomedicocentral.com\/wordpress\/product\/steris-amsco-m70wc-e\/"},"modified":"2025-12-11T01:01:20","modified_gmt":"2025-12-11T06:01:20","slug":"steris-amsco-m70wc-e","status":"publish","type":"product","link":"https:\/\/www.somatechnology.com\/spanish\/equipo-medico-usado-remanufacturado\/calentador-de-mantas\/steris-amsco-m70wc-e\/","title":{"rendered":"Steris Amsco M70WC-E"},"content":{"rendered":"<div class=\"wpb-content-wrapper\"><p>[vc_row][vc_column][vc_column_text css=\u00bb\u00bb]<\/p>\n<h2><strong>Steris Amsco M70WC-E <\/strong><\/h2>\n<p>El Gabinete calentador de un compartimento AMSCO es del tama\u00f1o perfecto cuando el espacio es limitado y se requiere un acceso conveniente. Este modelo proporciona 3.1 cu. ft. (17 \u00abde profundidad) o 4.2 pies c\u00fabicos (20.5\u00bb de profundidad) de capacidad y ofrece un tama\u00f1o compacto para adaptarse a cualquier espacio deseado. Dise\u00f1ado para ser m\u00e1s que un calentador de manta, el gabinete de calentamiento de compartimento \u00fanico calienta los fluidos intravenosos est\u00e9riles (fluidos intravenosos), fluidos de irrigaci\u00f3n quir\u00fargicos o s\u00e1banas y mantas que cumplen con los lineamientos de la Comisi\u00f3n Conjunta adoptados por AORN.<\/p>\n<ul>\n<li>Modelo de mesa de una sola c\u00e1mara<\/li>\n<li>La temperatura se ajusta a 120 \u00b0 C<\/li>\n<li>Puerta con junta de goma<\/li>\n<li>Calor y luces de sobrecalentamiento<\/li>\n<li>Dimensiones interiores: 17 \u00abde profundidad x 27\u00bb de ancho x 14.75 \u00abde altura<\/li>\n<\/ul>\n<p>[\/vc_column_text][\/vc_column][\/vc_row]<\/p>\n<\/div>","protected":false},"excerpt":{"rendered":"<p>Tabletop Calentador de Mantas<\/p>\n","protected":false},"featured_media":8515,"template":"","meta":{"_acf_changed":false,"_relevanssi_hide_post":"","_relevanssi_hide_content":"","_relevanssi_pin_for_all":"","_relevanssi_pin_keywords":"","_relevanssi_unpin_keywords":"","_relevanssi_related_keywords":"","_relevanssi_related_include_ids":"","_relevanssi_related_exclude_ids":"","_relevanssi_related_no_append":"","_relevanssi_related_not_related":"","_relevanssi_related_posts":"","_relevanssi_noindex_reason":"","inline_featured_image":false},"pwb-brand":[1149],"product_brand":[],"product_cat":[83,7029],"product_tag":[544,911,320,905,337,898,899,908,543,554,907,910,909,323,906],"class_list":{"0":"post-3920","1":"product","2":"type-product","3":"status-publish","4":"has-post-thumbnail","6":"pwb-brand-equipo-medico-steris","7":"product_cat-calentador-de-mantas","8":"product_cat-calentadores","9":"product_tag-amsco","10":"product_tag-amsco-m70wc-e","11":"product_tag-blanket-warmer","12":"product_tag-blanket-warmers","13":"product_tag-calentador-de-mantas","14":"product_tag-m70","15":"product_tag-m70wc","16":"product_tag-m70wc-e","17":"product_tag-steris","18":"product_tag-steris-amsco","19":"product_tag-steris-amsco-m70","20":"product_tag-steris-amsco-m70wc-e","21":"product_tag-steris-m70wc-e","22":"product_tag-warmer","23":"product_tag-warmers","25":"first","26":"instock","27":"purchasable","28":"product-type-simple"},"acf":[],"brands":[{"id":1149,"name":"Steris","slug":"equipo-medico-steris"}],"_links":{"self":[{"href":"https:\/\/www.somatechnology.com\/spanish\/wp-json\/wp\/v2\/product\/3920","targetHints":{"allow":["GET"]}}],"collection":[{"href":"https:\/\/www.somatechnology.com\/spanish\/wp-json\/wp\/v2\/product"}],"about":[{"href":"https:\/\/www.somatechnology.com\/spanish\/wp-json\/wp\/v2\/types\/product"}],"wp:featuredmedia":[{"embeddable":true,"href":"https:\/\/www.somatechnology.com\/spanish\/wp-json\/wp\/v2\/media\/8515"}],"wp:attachment":[{"href":"https:\/\/www.somatechnology.com\/spanish\/wp-json\/wp\/v2\/media?parent=3920"}],"wp:term":[{"taxonomy":"pwb-brand","embeddable":true,"href":"https:\/\/www.somatechnology.com\/spanish\/wp-json\/wp\/v2\/pwb-brand?post=3920"},{"taxonomy":"product_brand","embeddable":true,"href":"https:\/\/www.somatechnology.com\/spanish\/wp-json\/wp\/v2\/product_brand?post=3920"},{"taxonomy":"product_cat","embeddable":true,"href":"https:\/\/www.somatechnology.com\/spanish\/wp-json\/wp\/v2\/product_cat?post=3920"},{"taxonomy":"product_tag","embeddable":true,"href":"https:\/\/www.somatechnology.com\/spanish\/wp-json\/wp\/v2\/product_tag?post=3920"}],"curies":[{"name":"wp","href":"https:\/\/api.w.org\/{rel}","templated":true}]}}