{"id":3932,"date":"2016-07-19T21:17:07","date_gmt":"2016-07-19T21:17:07","guid":{"rendered":"http:\/\/equipomedicocentral.com\/wordpress\/product\/leica-m691\/"},"modified":"2025-12-11T03:32:27","modified_gmt":"2025-12-11T08:32:27","slug":"leica-m691","status":"publish","type":"product","link":"https:\/\/www.somatechnology.com\/spanish\/equipo-medico-usado-remanufacturado\/microscopios-de-cirugia\/leica-m691\/","title":{"rendered":"Leica M691"},"content":{"rendered":"<div class=\"wpb-content-wrapper\"><p>[vc_row][vc_column][vc_column_text css=\u00bb\u00bb]<\/p>\n<h2><strong>Leica M691 Surgical Microscope <\/strong><\/h2>\n<p>Este microscopio Leica es ideal para aquellas instalaciones que necesitan una gran opci\u00f3n multiuso. El M691 incluye toda la excelente claridad \u00f3ptica y reflejo rojo necesarios para la cirug\u00eda ocular, as\u00ed como los accesorios de mesa cruzada para la cirug\u00eda de la mano.<\/p>\n<ul>\n<li>Microscopio controlado el\u00e9ctricamente a trav\u00e9s del pedal<\/li>\n<li>Ampliaci\u00f3n ajustable el\u00e9ctricamente (zoom y enfoque (enfoque)<\/li>\n<li>Ampliaci\u00f3n total: ajustable continuamente de 7x a 36x<\/li>\n<li>\u00d3ptica de alta gama con gran profundidad de campo.<\/li>\n<li>Brazo principal y resorte ajustable manualmente<\/li>\n<li>Distancia focal: f = 250 mm (la lente puede intercambiarse por otra con una distancia focal diferente)<\/li>\n<li>Binocular doctor \u00e1ngulo fijo de 45 grados<\/li>\n<li>Iluminaci\u00f3n hal\u00f3gena: 50 W<\/li>\n<li>El doble freno eliminado en la base del microscopio<\/li>\n<\/ul>\n<h3>Especificaciones Generales<\/h3>\n<ul>\n<li>Binocular: 0-180 Inclinable; f = 170 mm<\/li>\n<li>Otras opciones: 10-50 grados; f = 170 mm<\/li>\n<li>Objetivo Objetivo: 175 mm, 200 mm con potenciador reflejo rojo<\/li>\n<li>Aumento: motorizado 1: 5<\/li>\n<li>Enfoque: motorizado con 50 mm de recorrido<\/li>\n<li>Oculares: 10 x 21 Widefield<\/li>\n<li>Distancia Pupilar: 55 a 75 mm<\/li>\n<li>Filtro: Est\u00e1ndar UV<\/li>\n<li>Fuente de luz: hal\u00f3gena 12V 50W<\/li>\n<li>Campo iluminado: 65 mm<\/li>\n<li>Fuente de energ\u00eda: 110 a 240V; 50 &#8211; 60 Hz<\/li>\n<\/ul>\n<p>[\/vc_column_text][\/vc_column][\/vc_row]<\/p>\n<\/div>","protected":false},"excerpt":{"rendered":"<p>Microscopio Quir\u00fargico<\/p>\n","protected":false},"featured_media":8099,"template":"","meta":{"_acf_changed":false,"_relevanssi_hide_post":"","_relevanssi_hide_content":"","_relevanssi_pin_for_all":"","_relevanssi_pin_keywords":"","_relevanssi_unpin_keywords":"","_relevanssi_related_keywords":"","_relevanssi_related_include_ids":"","_relevanssi_related_exclude_ids":"","_relevanssi_related_no_append":"","_relevanssi_related_not_related":"","_relevanssi_related_posts":"","_relevanssi_noindex_reason":"","inline_featured_image":false},"pwb-brand":[1063],"product_brand":[],"product_cat":[69],"product_tag":[838,837,839,1043,6883],"class_list":{"0":"post-3932","1":"product","2":"type-product","3":"status-publish","4":"has-post-thumbnail","6":"pwb-brand-leica","7":"product_cat-microscopios-de-cirugia","8":"product_tag-leica","9":"product_tag-leica-m691","10":"product_tag-m691","11":"product_tag-microscopio-quirurgico","12":"product_tag-microscopios-de-cirugia-leica","14":"first","15":"instock","16":"purchasable","17":"product-type-simple"},"acf":[],"brands":[{"id":1063,"name":"Leica","slug":"leica"}],"_links":{"self":[{"href":"https:\/\/www.somatechnology.com\/spanish\/wp-json\/wp\/v2\/product\/3932","targetHints":{"allow":["GET"]}}],"collection":[{"href":"https:\/\/www.somatechnology.com\/spanish\/wp-json\/wp\/v2\/product"}],"about":[{"href":"https:\/\/www.somatechnology.com\/spanish\/wp-json\/wp\/v2\/types\/product"}],"wp:featuredmedia":[{"embeddable":true,"href":"https:\/\/www.somatechnology.com\/spanish\/wp-json\/wp\/v2\/media\/8099"}],"wp:attachment":[{"href":"https:\/\/www.somatechnology.com\/spanish\/wp-json\/wp\/v2\/media?parent=3932"}],"wp:term":[{"taxonomy":"pwb-brand","embeddable":true,"href":"https:\/\/www.somatechnology.com\/spanish\/wp-json\/wp\/v2\/pwb-brand?post=3932"},{"taxonomy":"product_brand","embeddable":true,"href":"https:\/\/www.somatechnology.com\/spanish\/wp-json\/wp\/v2\/product_brand?post=3932"},{"taxonomy":"product_cat","embeddable":true,"href":"https:\/\/www.somatechnology.com\/spanish\/wp-json\/wp\/v2\/product_cat?post=3932"},{"taxonomy":"product_tag","embeddable":true,"href":"https:\/\/www.somatechnology.com\/spanish\/wp-json\/wp\/v2\/product_tag?post=3932"}],"curies":[{"name":"wp","href":"https:\/\/api.w.org\/{rel}","templated":true}]}}