{"id":3941,"date":"2016-07-19T21:17:07","date_gmt":"2016-07-19T21:17:07","guid":{"rendered":"http:\/\/equipomedicocentral.com\/wordpress\/product\/datascope-97e\/"},"modified":"2023-08-23T06:03:56","modified_gmt":"2023-08-23T10:03:56","slug":"datascope-97e","status":"publish","type":"product","link":"https:\/\/www.somatechnology.com\/spanish\/equipo-medico-usado-remanufacturado\/cardiovascular\/bombas-intra-aorticas\/datascope-97e\/","title":{"rendered":"Datascope 97E"},"content":{"rendered":"<h2>Bomba intra-a\u00f3rtica Datascope 97E<\/h2>\n<p>El <strong>sistema 97E<\/strong> es el sistema de elecci\u00f3n para el manejo de los ritmos cardiacos m\u00e1s desafiantes. El nuevo supervisor de auto-sincronizaci\u00f3n, \u00abR-Trac\u00bb es un sistema de control de sincronizaci\u00f3n IAB de segunda generaci\u00f3n altamente avanzado que combina la sofisticaci\u00f3n de CardioSync 2 con la identificaci\u00f3n r\u00e1pida de QRS y las velocidades de inflaci\u00f3n y deflaci\u00f3n m\u00e1s r\u00e1pidas del IAB disponibles. El sistema 97E es el sistema de elecci\u00f3n para el manejo de los ritmos cardiacos m\u00e1s desafiantes.<\/p>\n<p>Las velocidades m\u00e1s r\u00e1pidas proporcionan mayor aumento diast\u00f3lico, descarga mejorada, y un uso m\u00e1s amplio de la deflaci\u00f3n de la R-onda que acciona para seguir y para asistir con eficacia a pacientes con la fibrilaci\u00f3n arterial.<\/p>\n<p>Un algoritmo de sincronizaci\u00f3n basado en patrones inteligentes, CardioSync &#x2122;, se adapta r\u00e1pidamente a los ect\u00f3picos dif\u00edciles y cambios repentinos de velocidad sin interrupci\u00f3n del bombeo.<\/p>\n<p>El 97E tambi\u00e9n ofrece un anfitri\u00f3n de las caracter\u00edsticas de la conveniencia del usuario que hacen m\u00e1s f\u00e1cil utilizar en el o, laboratorio de la Catedral, CCU y en el transporte.<\/p>\n<h2>\u00a0Caracter\u00edsticas<\/h2>\n<ul>\n<li>An\u00e1lisis de patrones de intervalo cardiaco<\/li>\n<li>Selecci\u00f3n autom\u00e1tica de la deflaci\u00f3n de la R-onda<\/li>\n<li>El seguimiento confiable de la uno-FIB<\/li>\n<li>Identificaci\u00f3n r\u00e1pida de QRS<\/li>\n<li>Mejor manejo de arritmias<\/li>\n<\/ul>\n<h2>Especificaciones<\/h2>\n<h3>Mec\u00e1nica<\/h3>\n<ul>\n<li>Dimensiones: 43 \u2033 (H) \u00d7 22 \u2033 (W) \u00d7 17 \u2033 D (109 \u00d7 51 \u00d7 25 cm)<\/li>\n<li>Fuera del carro del hospital: 27 \u2033 (H) \u00d7 50 \u2033 (W) \u00d7 10 \u2033 (D) (68 \u00d7 51 25 cm)<\/li>\n<li>Peso: consola \u2013 82 lbs (37 kg), bater\u00eda \u2013 35 lbs (16 kg), monitor \u2013 8 lbs (4 kg), carro de hospital \u2013 58 lbs (26 kg)<\/li>\n<\/ul>\n<h3>El\u00e9ctrico<\/h3>\n<ul>\n<li>Paquete de bater\u00edas: 24 V DC, 18 AH<\/li>\n<li>Tipo: sellado de plomo sin mantenimiento de \u00e1cido<\/li>\n<li>Tiempo de funcionamiento de la bater\u00eda: 2 horas @ 120 BPM<\/li>\n<li>Tiempo de recarga de la bater\u00eda: 18 horas m\u00e1ximo de descarga completa a completo<\/li>\n<li>Requisito de la corriente alterna: 300 va normal, 90-130 V, 50\/60 hertzios; 200-260, 50\/60 Hz<\/li>\n<\/ul>\n<h3>Neum\u00e1tica<\/h3>\n<ul>\n<li>Compresor de sistema: motor de la c.c. sin cepillo de la bomba de diafragma dual<\/li>\n<li>Paciente globo de gas de la bomba: de grado m\u00e9dico de helio<\/li>\n<li>Detecci\u00f3n de la sangre: protecci\u00f3n autom\u00e1tica de la neum\u00e1tica del compresor y aislamiento de la sangre en l\u00ednea auto del terrapl\u00e9n<\/li>\n<li>Remoci\u00f3n de condensados: extracci\u00f3n y eliminaci\u00f3n autom\u00e1tica de condensados mediante refrigeraci\u00f3n termo-el\u00e9ctrica<\/li>\n<\/ul>\n<h3>Monitor<\/h3>\n<ul>\n<li>Tipo: plasma de gas, 5,2 \u2033 \u00d7 8,25 \u2033 (132 \u00d7 210 mm)<\/li>\n<li>Canales: ECG y presi\u00f3n arterial m\u00e1s la forma de onda opcional del globo de la presi\u00f3n<\/li>\n<li>L\u00ednea de referencia: 0-300 mm Hg\/Max<\/li>\n<li>ECG<\/li>\n<li>Plomos: I, II, III, AVR, AVL, AVF, V<\/li>\n<li>Respuesta de frecuencia: 0.5-135 Hz Salida Jack 0,5 \u2013 12 Hz display<\/li>\n<li>Corriente de fuga: &lt; 10 \u00b5a fuente actual, &lt; 20 \u00b5a fregadero actual<\/li>\n<li>Protecci\u00f3n del desfibrilador: niveles de la descarga hasta 500 julios<\/li>\n<li>Tiempo de recuperaci\u00f3n: el rastro vuelve a la pantalla, m\u00e1ximo de 2 segundos<\/li>\n<\/ul>\n<h3>Fuente del desencadenador<\/h3>\n<ul>\n<li>Requisito del disparador de ECG: 120 \u00b5V \u00b1 \u00b5V en el m\u00e1ximo. Ganar<\/li>\n<li>Rechazo de Pacer (sin colas): \u00b1 2mV a \u00b1 700 mV duraci\u00f3n 0,1 MS a 2 ms<\/li>\n<li>Presi\u00f3n: ajustable entre 7 mmHg a la amplitud del pulso de Hg<\/li>\n<li>Pacer a-v: a-v intervalo 80-225 MS rate &lt; o igual a 125 BPM<\/li>\n<li>Pacer A: requisito del disparador (igual que ECG)<\/li>\n<li>Pacer V: &lt; 185 BPM<\/li>\n<li>Interno: 40-120 en 5 incrementos de BPM; tasa predeterminada 80 \u00b1 1 BPM<\/li>\n<li>ESIS: supresi\u00f3n autom\u00e1tica con el amplificador interno de ECG<\/li>\n<\/ul>\n<h3>Presi\u00f3n<\/h3>\n<ul>\n<li>Sensibilidad de la presi\u00f3n al disparador: amplitud m\u00ednima del pulso 7mmHg<\/li>\n<li>Requisitos del transductor: sensibilidad \u2013 5.0 \u00b5v\/V\/mmHg<\/li>\n<li>Excitaci\u00f3n: + 5V DC<\/li>\n<li>Gama cero: \u00b1 120 mmHg<\/li>\n<\/ul>\n<h3>Entradas\/salidas<\/h3>\n<ul>\n<li>Conectores ECG: 6-pines 5-Lead AAMI est\u00e1ndar propuesto; entrada del paciente 3 \u2013 conectores telef\u00f3nicos de conductor; nivel de monitor<\/li>\n<li>Conectores de presi\u00f3n: conector macho de 6 pines, transductor compatible con Datascope, toma de tel\u00e9fono de 3 conductores; nivel de monitor<\/li>\n<li>Interfaz de voltaje: ECG = 1V\/MV nominal presi\u00f3n arterial = 1V\/00 mmHg nominal<\/li>\n<li>Visualizaci\u00f3n de tendencias<\/li>\n<li>Memoria: total de 8 horas; 30 minutos de 5 minutos promedio; 7,5 horas de media de 15 minutos<\/li>\n<li>Datos disponibles: ritmo card\u00edaco, presi\u00f3n sist\u00f3lica pico, presi\u00f3n diast\u00f3lica y presi\u00f3n aumentada<\/li>\n<\/ul>\n<h3>Formato de grabaci\u00f3n<\/h3>\n<ul>\n<li>Registrador: tipo termal papel termal del registrador\/2 \u2033 del arsenal<\/li>\n<li>Presentaci\u00f3n de forma de onda: ECG, presi\u00f3n arterial, forma de onda opcional de la presi\u00f3n del globo<\/li>\n<li>Presentaci\u00f3n gr\u00e1fica: tendencia del ritmo card\u00edaco, tendencias de la presi\u00f3n<\/li>\n<li>Marcador de ventilaci\u00f3n: punto de disparo.<\/li>\n<li>Intervalo de inflado<\/li>\n<\/ul>\n<h3>Anotaciones<\/h3>\n<ul>\n<li>ECG: plomo<\/li>\n<li>Presi\u00f3n: escala<\/li>\n<li>Par\u00e1metros: ritmo card\u00edaco, sist\u00f3lico, diast\u00f3lico, presi\u00f3n aumentada media<\/li>\n<li>Tendencia: igual que la exhibici\u00f3n de la tendencia<\/li>\n<\/ul>\n<p>&nbsp;<\/p>\n","protected":false},"excerpt":{"rendered":"<p>Intra-Aortic Balloon Pump<\/p>\n","protected":false},"featured_media":12257,"template":"","meta":{"_acf_changed":false,"_relevanssi_hide_post":"","_relevanssi_hide_content":"","_relevanssi_pin_for_all":"","_relevanssi_pin_keywords":"","_relevanssi_unpin_keywords":"","_relevanssi_related_keywords":"","_relevanssi_related_include_ids":"","_relevanssi_related_exclude_ids":"","_relevanssi_related_no_append":"","_relevanssi_related_not_related":"","_relevanssi_related_posts":"","_relevanssi_noindex_reason":"","inline_featured_image":false},"pwb-brand":[1110],"product_brand":[],"product_cat":[96],"product_tag":[3371,3348,3369,5054,5053,3370],"class_list":{"0":"post-3941","1":"product","2":"type-product","3":"status-publish","4":"has-post-thumbnail","6":"pwb-brand-equipo-medico-datascope","7":"product_cat-bombas-intra-aorticas","8":"product_tag-97e","9":"product_tag-bombas-intra-aorticas","10":"product_tag-datascope-97e","11":"product_tag-datascope-97e-bombas-intra-aorticas","12":"product_tag-datascope-bombas-intra-aorticas","13":"product_tag-datascpe","15":"first","16":"instock","17":"purchasable","18":"product-type-simple"},"acf":[],"brands":[{"id":1110,"name":"Datascope","slug":"equipo-medico-datascope"}],"_links":{"self":[{"href":"https:\/\/www.somatechnology.com\/spanish\/wp-json\/wp\/v2\/product\/3941","targetHints":{"allow":["GET"]}}],"collection":[{"href":"https:\/\/www.somatechnology.com\/spanish\/wp-json\/wp\/v2\/product"}],"about":[{"href":"https:\/\/www.somatechnology.com\/spanish\/wp-json\/wp\/v2\/types\/product"}],"wp:featuredmedia":[{"embeddable":true,"href":"https:\/\/www.somatechnology.com\/spanish\/wp-json\/wp\/v2\/media\/12257"}],"wp:attachment":[{"href":"https:\/\/www.somatechnology.com\/spanish\/wp-json\/wp\/v2\/media?parent=3941"}],"wp:term":[{"taxonomy":"pwb-brand","embeddable":true,"href":"https:\/\/www.somatechnology.com\/spanish\/wp-json\/wp\/v2\/pwb-brand?post=3941"},{"taxonomy":"product_brand","embeddable":true,"href":"https:\/\/www.somatechnology.com\/spanish\/wp-json\/wp\/v2\/product_brand?post=3941"},{"taxonomy":"product_cat","embeddable":true,"href":"https:\/\/www.somatechnology.com\/spanish\/wp-json\/wp\/v2\/product_cat?post=3941"},{"taxonomy":"product_tag","embeddable":true,"href":"https:\/\/www.somatechnology.com\/spanish\/wp-json\/wp\/v2\/product_tag?post=3941"}],"curies":[{"name":"wp","href":"https:\/\/api.w.org\/{rel}","templated":true}]}}