{"id":3947,"date":"2016-07-19T21:17:45","date_gmt":"2016-07-19T21:17:45","guid":{"rendered":"http:\/\/equipomedicocentral.com\/wordpress\/product\/zoll-pd-1600\/"},"modified":"2023-08-23T06:03:58","modified_gmt":"2023-08-23T10:03:58","slug":"zoll-pd-1600","status":"publish","type":"product","link":"https:\/\/www.somatechnology.com\/spanish\/equipo-medico-usado-remanufacturado\/desfibriladores-medicos\/desfibriladores\/zoll-pd-1600\/","title":{"rendered":"Zoll PD 1600"},"content":{"rendered":"<h2>Caracter\u00edsticas del Desfibrilador Zoll PD 1600<\/h2>\n<p>el\u00a0<strong>Zoll PD 1600\u00a0<\/strong>ofrece capacidades de la resucitaci\u00f3n de los profesionales en una unidad ligera que sea bastante robusta para el mundo verdadero. Con los modos semiautom\u00e1ticos y manuales, el Zoll 1600 se puede utilizar por los param\u00e9dicos y los param\u00e9dicos igualmente. Gracias a su simplicidad insuperable, 1600 es ideal para todos los niveles de habilidad. El Zoll 1600 tiene varias caracter\u00edsticas, incluyendo su sistema digital innovador de la grabaci\u00f3n de los datos\/de la voz que elimina cintas de casete no fiables. Su tarjeta de memoria est\u00e1ndar y puerto serie permiten una f\u00e1cil descarga de datos a un ordenador personal para su an\u00e1lisis y archivan. Un grabador gr\u00e1fico de tiras con funci\u00f3n de Resumen proporciona la documentaci\u00f3n autom\u00e1tica de eventos bajo demanda. Una amplia gama de opciones de actualizaci\u00f3n, incluida la estimulaci\u00f3n, le permite configurar 1600 para satisfacer sus necesidades, ahora y en el futuro. Su simplicidad, flexibilidad, y caracter\u00edsticas avanzadas hacen el Zoll 1600 la soluci\u00f3n \u00faltima, no-compromiso para la resucitaci\u00f3n de EMS.<\/p>\n<p>&nbsp;<\/p>\n","protected":false},"excerpt":{"rendered":"<p>Desfibrilador<\/p>\n","protected":false},"featured_media":6317,"template":"","meta":{"_acf_changed":false,"_relevanssi_hide_post":"","_relevanssi_hide_content":"","_relevanssi_pin_for_all":"","_relevanssi_pin_keywords":"","_relevanssi_unpin_keywords":"","_relevanssi_related_keywords":"","_relevanssi_related_include_ids":"","_relevanssi_related_exclude_ids":"","_relevanssi_related_no_append":"","_relevanssi_related_not_related":"","_relevanssi_related_posts":"","_relevanssi_noindex_reason":"","inline_featured_image":false},"pwb-brand":[1117],"product_brand":[],"product_cat":[97],"product_tag":[],"class_list":{"0":"post-3947","1":"product","2":"type-product","3":"status-publish","4":"has-post-thumbnail","6":"pwb-brand-desfibriladores-zoll","7":"product_cat-desfibriladores","9":"first","10":"instock","11":"purchasable","12":"product-type-simple"},"acf":[],"brands":[{"id":1117,"name":"Zoll","slug":"desfibriladores-zoll"}],"_links":{"self":[{"href":"https:\/\/www.somatechnology.com\/spanish\/wp-json\/wp\/v2\/product\/3947","targetHints":{"allow":["GET"]}}],"collection":[{"href":"https:\/\/www.somatechnology.com\/spanish\/wp-json\/wp\/v2\/product"}],"about":[{"href":"https:\/\/www.somatechnology.com\/spanish\/wp-json\/wp\/v2\/types\/product"}],"wp:featuredmedia":[{"embeddable":true,"href":"https:\/\/www.somatechnology.com\/spanish\/wp-json\/wp\/v2\/media\/6317"}],"wp:attachment":[{"href":"https:\/\/www.somatechnology.com\/spanish\/wp-json\/wp\/v2\/media?parent=3947"}],"wp:term":[{"taxonomy":"pwb-brand","embeddable":true,"href":"https:\/\/www.somatechnology.com\/spanish\/wp-json\/wp\/v2\/pwb-brand?post=3947"},{"taxonomy":"product_brand","embeddable":true,"href":"https:\/\/www.somatechnology.com\/spanish\/wp-json\/wp\/v2\/product_brand?post=3947"},{"taxonomy":"product_cat","embeddable":true,"href":"https:\/\/www.somatechnology.com\/spanish\/wp-json\/wp\/v2\/product_cat?post=3947"},{"taxonomy":"product_tag","embeddable":true,"href":"https:\/\/www.somatechnology.com\/spanish\/wp-json\/wp\/v2\/product_tag?post=3947"}],"curies":[{"name":"wp","href":"https:\/\/api.w.org\/{rel}","templated":true}]}}