{"id":3953,"date":"2016-07-19T21:17:45","date_gmt":"2016-07-19T21:17:45","guid":{"rendered":"http:\/\/equipomedicocentral.com\/wordpress\/product\/getinge-shampaine-49004800\/"},"modified":"2023-08-23T06:04:01","modified_gmt":"2023-08-23T10:04:01","slug":"getinge-shampaine-49004800","status":"publish","type":"product","link":"https:\/\/www.somatechnology.com\/spanish\/equipo-medico-usado-remanufacturado\/mesas-de-cirugia\/getinge-shampaine-49004800\/","title":{"rendered":"Getinge Shampaine 4900\/4800"},"content":{"rendered":"<h2>Caracter\u00edsticas del Getinge Shampaine 4900 4800<\/h2>\n<p><strong>El Getinge Shampaine 4900 y Getinge Shampaine 4800<\/strong> son hidr\u00e1ulico-colocado, tabla quir\u00fargica importante de la lleno-funci\u00f3n. El Shampaine 4900 tiene dos modelos, el Shampaine 4009B y el Shampaine 4900e. El Getinge 4900B es alimentado con pilas y el Getinge 4900e es una mesa con alimentaci\u00f3n de red con respaldo de bater\u00eda para una operaci\u00f3n de los controles solamente. El posicionamiento de la mesa est\u00e1 controlado por ocho conjuntos de v\u00e1lvulas de solenoide montados en la base, accionados a distancia por un colgante de mano. Estas tablas son portables y se pueden mover en cualquier direcci\u00f3n en cuatro echadores del eslab\u00f3n giratorio del rodamiento de bolitas. Las cerraduras de piso auto estabilizadoras autom\u00e1ticas compensan hasta 1\/2 \u2033 (13 mil\u00edmetros) para los pisos desnivelados, eliminando problemas de la estabilidad.<\/p>\n<ul>\n<li>Tabla quir\u00fargica teledirigida<\/li>\n<li>Acceso completo del c-brazo para acomodar la gama m\u00e1s amplia de requisitos de la colocaci\u00f3n<\/li>\n<li>Cerraduras de piso el\u00e9ctricas hidr\u00e1ulicas con un dise\u00f1o de tr\u00edpode autocompensante<\/li>\n<li>Funciones: Trendelenburg, inclinaci\u00f3n lateral, parte posterior, pierna, ri\u00f1\u00f3n, y flexi\u00f3n.<\/li>\n<li>La soldadura stell-fabricada cupo la base.<\/li>\n<\/ul>\n<h2>Especificaciones Getinge Shampaine 4900\/4800<\/h2>\n<h3>Dimensiones<\/h3>\n<ul>\n<li>Altura: 28 \u2033 a 43 \u2033 (71,1 cm a 109,2 cm)<\/li>\n<li>Anchura: 19,75 \u2033 (21,75 con los pasamanos laterales)<\/li>\n<li>Longitud: 72 \u2033 (86 \u2033 con la extensi\u00f3n desprendible de la pierna)<\/li>\n<li>Peso: 700 lbs (318 kg)<\/li>\n<\/ul>\n<h3>Parte superior de la mesa<\/h3>\n<ul>\n<li>Paneles radio l\u00facidos y conductores conformes a 21 CFR Subcap\u00edtulo J control de la radiaci\u00f3n para la ley de salud y seguridad de 1968<\/li>\n<\/ul>\n<h3>Rango de movimiento<\/h3>\n<ul>\n<li>Trendelenburg: hasta 25 \u00b0<\/li>\n<li>Trendelenburg reverso: hasta 25 \u00b0<\/li>\n<li>Inclinaci\u00f3n lateral: hasta 17 \u00b0 a la derecha o a la izquierda<\/li>\n<li>Secci\u00f3n trasera: 30 \u00b0 ajustable debajo de horizontal a 90 \u00b0 sobre horizontal<\/li>\n<li>Elevador del ri\u00f1\u00f3n: prescindible hasta 2,5 \u2033 (6,4 cm)<\/li>\n<li>Secci\u00f3n de la pierna: ajustable 95 \u00b0 debajo de horizontal a 70 \u00b0 sobre horizontal<\/li>\n<li>Reposacabezas: ajustable 95 \u00b0 por debajo de horizontal a 45 \u00b0 arriba en incrementos de 15 \u00b0<\/li>\n<li>total de 8 \u2033 (20,3 cm)l<\/li>\n<\/ul>\n<h3>Fuente de Energ\u00eda<\/h3>\n<ul>\n<li>115 VAC, 50\/60 Hz, 4a, monof\u00e1sica o 220 VAC, 50\/60 Hz, 2A, monof\u00e1sica<\/li>\n<\/ul>\n<p>&nbsp;<\/p>\n","protected":false},"excerpt":{"rendered":"<p>Mesa de operaciones con Control Remoto<\/p>\n","protected":false},"featured_media":11716,"template":"","meta":{"_acf_changed":false,"_relevanssi_hide_post":"","_relevanssi_hide_content":"","_relevanssi_pin_for_all":"","_relevanssi_pin_keywords":"","_relevanssi_unpin_keywords":"","_relevanssi_related_keywords":"","_relevanssi_related_include_ids":"","_relevanssi_related_exclude_ids":"","_relevanssi_related_no_append":"","_relevanssi_related_not_related":"","_relevanssi_related_posts":"","_relevanssi_noindex_reason":"","inline_featured_image":false},"pwb-brand":[1153],"product_brand":[],"product_cat":[72],"product_tag":[4667,4668,4669,436,4666,4675,4674,3098,3094,3184,2500,6853,3100,4670,4665,4671,4672,4673],"class_list":{"0":"post-3953","1":"product","2":"type-product","3":"status-publish","4":"has-post-thumbnail","6":"pwb-brand-equipo-medico-getinge","7":"product_cat-mesas-de-cirugia","8":"product_tag-4667","9":"product_tag-4009b","10":"product_tag-4009e","11":"product_tag-getinge","12":"product_tag-getinge-shampaine","13":"product_tag-getinge-shampaine-4008","14":"product_tag-getinge-shampaine-4009","15":"product_tag-mesa","16":"product_tag-mesas","17":"product_tag-mesas-quirurgica","18":"product_tag-mesas-quirurgicas","19":"product_tag-mesas-quirurgicas-getinge","20":"product_tag-quirurgica","21":"product_tag-shampain-4009","22":"product_tag-shampaine","23":"product_tag-shampaine-4008","24":"product_tag-shampaine-4009b","25":"product_tag-shampaine-4009e","27":"first","28":"instock","29":"purchasable","30":"product-type-simple"},"acf":[],"brands":[{"id":1153,"name":"Getinge","slug":"equipo-medico-getinge"}],"_links":{"self":[{"href":"https:\/\/www.somatechnology.com\/spanish\/wp-json\/wp\/v2\/product\/3953","targetHints":{"allow":["GET"]}}],"collection":[{"href":"https:\/\/www.somatechnology.com\/spanish\/wp-json\/wp\/v2\/product"}],"about":[{"href":"https:\/\/www.somatechnology.com\/spanish\/wp-json\/wp\/v2\/types\/product"}],"wp:featuredmedia":[{"embeddable":true,"href":"https:\/\/www.somatechnology.com\/spanish\/wp-json\/wp\/v2\/media\/11716"}],"wp:attachment":[{"href":"https:\/\/www.somatechnology.com\/spanish\/wp-json\/wp\/v2\/media?parent=3953"}],"wp:term":[{"taxonomy":"pwb-brand","embeddable":true,"href":"https:\/\/www.somatechnology.com\/spanish\/wp-json\/wp\/v2\/pwb-brand?post=3953"},{"taxonomy":"product_brand","embeddable":true,"href":"https:\/\/www.somatechnology.com\/spanish\/wp-json\/wp\/v2\/product_brand?post=3953"},{"taxonomy":"product_cat","embeddable":true,"href":"https:\/\/www.somatechnology.com\/spanish\/wp-json\/wp\/v2\/product_cat?post=3953"},{"taxonomy":"product_tag","embeddable":true,"href":"https:\/\/www.somatechnology.com\/spanish\/wp-json\/wp\/v2\/product_tag?post=3953"}],"curies":[{"name":"wp","href":"https:\/\/api.w.org\/{rel}","templated":true}]}}