{"id":3960,"date":"2016-07-19T21:17:45","date_gmt":"2016-07-19T21:17:45","guid":{"rendered":"http:\/\/equipomedicocentral.com\/wordpress\/product\/skytron-6500\/"},"modified":"2023-08-23T06:04:35","modified_gmt":"2023-08-23T10:04:35","slug":"skytron-elite-6500","status":"publish","type":"product","link":"https:\/\/www.somatechnology.com\/spanish\/equipo-medico-usado-remanufacturado\/mesas-de-cirugia\/skytron-elite-6500\/","title":{"rendered":"Skytron Elite 6500"},"content":{"rendered":"<h2>Caracter\u00edsticas del\u00a0Mesa Quir\u00fargica Skytron 6500<\/h2>\n<p>Las tablas quir\u00fargicas de la serie de la <strong>\u00e9lite 6500 de Skytron<\/strong> son electro-hidr\u00e1ulico funcionado, tablas quir\u00fargicas de fines generales. Las funciones de posicionamiento electro-hidr\u00e1ulicos son operadas por el controlador de mano, pulsador, colgante. En el regulador, usted tiene las opciones para Trendelenburg, la inclinaci\u00f3n lateral, la secci\u00f3n trasera, la elevaci\u00f3n, la secci\u00f3n de la pierna, la flexi\u00f3n\/el reflejo, la vida del ri\u00f1\u00f3n, la vuelta al nivel, y el sistema de la cerradura\/de freno del piso. Hay controles manuales que proporcionan la posici\u00f3n para la secci\u00f3n principal, la rotaci\u00f3n de la tapa de la tabla, la liberaci\u00f3n del freno de emergencia, y la eliminaci\u00f3n de la secci\u00f3n de la pierna. La unidad de control colgante de mano tiene una cubierta de goma antideslizante que asegura un apret\u00f3n positivo durante uso. Un colgador de clip de resorte situado en la parte posterior permite que se almacene en el soporte de la tapa del cilindro de Trendelenburg o en los rieles laterales de la mesa. Al activar cualquier funci\u00f3n en la unidad de control colgante se activar\u00e1 el sistema de frenos.<\/p>\n<p>Las caracter\u00edsticas superiores de la rotaci\u00f3n exclusiva de 180 grados permiten la cobertura sin obstrucciones del C-brazo y del microscopio. Adem\u00e1s, elimina los conflictos entre el cirujano y el anestesi\u00f3logo durante los procedimientos de Head-end y proporciona una amplia sala de piernas para los cirujanos que prefieren sentarse durante los procedimientos. La orientaci\u00f3n del paciente siempre es correcta con respecto a los controles de la tabla. La cabeza est\u00e1 siempre en el extremo de la cabeza si la tabla est\u00e1 en la configuraci\u00f3n est\u00e1ndar o rotada. El control de mano tiene un dise\u00f1o f\u00e1cil de usar y cuenta con un bot\u00f3n de retorno a nivel que proporciona un control instant\u00e1neo de todas las funciones de la tabla. Dispone de botones empotrados para eliminar la posibilidad de activaci\u00f3n accidental. El control de la mano tambi\u00e9n cuenta con una carcasa de acero resistente al agua que es m\u00e1s duradera que la de los controles de mano de pl\u00e1stico. El Skytron 6500 tiene una gran gama de la altura. Permite una altura de trabajo c\u00f3moda si el cirujano prefiere sentarse o colocarse. El 6500 tiene un movimiento articulado completo con pacientes de hasta 500 libras. No importa si la tabla est\u00e1 en la configuraci\u00f3n est\u00e1ndar o rotada. Esta tabla quir\u00fargica ofrece una secci\u00f3n desprendible de la pierna para proporcionar el acceso mejorado durante acercamiento perineal. Mientras que algunas tablas quir\u00fargicas afirman tener una capacidad de 500 libras, el Skytron Elite 6500 tiene la verdadera capacidad de levantar y articular completamente un paciente de 500 libras, incluso con la mesa rotada 180 grados.<\/p>\n<ul>\n<li>Capacidad del peso de 500 libras<\/li>\n<li>180 \u00b0 rotaci\u00f3n superior<\/li>\n<li>Secci\u00f3n de cabezal desmontable<\/li>\n<li>Proporciona im\u00e1genes completas del cuerpo<\/li>\n<li>Control pendiente f\u00e1cil de usar<\/li>\n<\/ul>\n<h2 dir=\"ltr\" data-placeholder=\"Translation\"><span lang=\"es\">Especificaciones<\/span> del\u00a0Mesa Quir\u00fargica Skytron 6500<\/h2>\n<h3>Dimensiones<\/h3>\n<ul>\n<li>Altura: 26 \u2013 47 \u2033 (66 \u2013 119.4 cm)<\/li>\n<li>Anchura (sin los carriles laterales): 20 \u2033 (50,8 cm)<\/li>\n<li>Anchura (con los carriles laterales): 21,75 (55,24 cm)<\/li>\n<li>Longitud: 76 \u2033 (193,04 cm)<\/li>\n<li>Capacidad paciente del peso: 500 libras (226,8 kilogramos)<\/li>\n<\/ul>\n<h3>Trendelenberg\/Trendelenberg reverso<\/h3>\n<ul>\n<li>Trendelenberg: 30\u00b0<\/li>\n<li>Reverse Trendelenberg: 30\u00b0<\/li>\n<\/ul>\n<h3>Cabezal<\/h3>\n<ul>\n<li>Levantado: 0-15 \u00b0<\/li>\n<li>Bajado: 0-90\u00b0<\/li>\n<\/ul>\n<h3>Inclinaci\u00f3n<\/h3>\n<ul>\n<li>Inclinaci\u00f3n lateral: \u00b130\u00b0<\/li>\n<\/ul>\n<h3>Secci\u00f3n trasera<\/h3>\n<ul>\n<li>Bajada: 40\u00b0<\/li>\n<li>Levantado: 90\u00b0<\/li>\n<\/ul>\n<h3>Secci\u00f3n del asiento<\/h3>\n<ul>\n<li>Flex: 0-70\u00b0<\/li>\n<li>Reflex: 0-90\u00b0<\/li>\n<\/ul>\n<h3>Puente del ri\u00f1\u00f3n<\/h3>\n<ul>\n<li>Elevaci\u00f3n: 5\u2033 (12.7cm)<\/li>\n<\/ul>\n<h3>Secci\u00f3n de la pierna<\/h3>\n<ul>\n<li>Bajada: 105\u00b0<\/li>\n<li>Up: 20\u00b0<\/li>\n<\/ul>\n<h3>Rotaci\u00f3n<\/h3>\n<ul>\n<li>180\u00b0<\/li>\n<\/ul>\n<p>&nbsp;<\/p>\n","protected":false},"excerpt":{"rendered":"<p>Mesa de Operaciones con Control remoto y tope para radiograf\u00eda<\/p>\n","protected":false},"featured_media":11193,"template":"","meta":{"_acf_changed":false,"_relevanssi_hide_post":"","_relevanssi_hide_content":"","_relevanssi_pin_for_all":"","_relevanssi_pin_keywords":"","_relevanssi_unpin_keywords":"","_relevanssi_related_keywords":"","_relevanssi_related_include_ids":"","_relevanssi_related_exclude_ids":"","_relevanssi_related_no_append":"","_relevanssi_related_not_related":"","_relevanssi_related_posts":"","_relevanssi_noindex_reason":"","inline_featured_image":false},"pwb-brand":[1186],"product_brand":[],"product_cat":[72],"product_tag":[3122,3121,3125,3098,3095,3094,2500,4160,3099,2522,3124,2523,3123],"class_list":{"0":"post-3960","1":"product","2":"type-product","3":"status-publish","4":"has-post-thumbnail","6":"pwb-brand-equipo-medico-skytron","7":"product_cat-mesas-de-cirugia","8":"product_tag-3122","9":"product_tag-elite","10":"product_tag-elite-6500","11":"product_tag-mesa","12":"product_tag-mesa-quirurgica","13":"product_tag-mesas","14":"product_tag-mesas-quirurgicas","15":"product_tag-mesas-quirurgicas-skytron","16":"product_tag-quirurgicas","17":"product_tag-skytron","18":"product_tag-skytron-6500","19":"product_tag-skytron-elite","20":"product_tag-skytron-elite-6500","22":"first","23":"instock","24":"purchasable","25":"product-type-simple"},"acf":[],"brands":[{"id":1186,"name":"Skytron","slug":"equipo-medico-skytron"}],"_links":{"self":[{"href":"https:\/\/www.somatechnology.com\/spanish\/wp-json\/wp\/v2\/product\/3960","targetHints":{"allow":["GET"]}}],"collection":[{"href":"https:\/\/www.somatechnology.com\/spanish\/wp-json\/wp\/v2\/product"}],"about":[{"href":"https:\/\/www.somatechnology.com\/spanish\/wp-json\/wp\/v2\/types\/product"}],"wp:featuredmedia":[{"embeddable":true,"href":"https:\/\/www.somatechnology.com\/spanish\/wp-json\/wp\/v2\/media\/11193"}],"wp:attachment":[{"href":"https:\/\/www.somatechnology.com\/spanish\/wp-json\/wp\/v2\/media?parent=3960"}],"wp:term":[{"taxonomy":"pwb-brand","embeddable":true,"href":"https:\/\/www.somatechnology.com\/spanish\/wp-json\/wp\/v2\/pwb-brand?post=3960"},{"taxonomy":"product_brand","embeddable":true,"href":"https:\/\/www.somatechnology.com\/spanish\/wp-json\/wp\/v2\/product_brand?post=3960"},{"taxonomy":"product_cat","embeddable":true,"href":"https:\/\/www.somatechnology.com\/spanish\/wp-json\/wp\/v2\/product_cat?post=3960"},{"taxonomy":"product_tag","embeddable":true,"href":"https:\/\/www.somatechnology.com\/spanish\/wp-json\/wp\/v2\/product_tag?post=3960"}],"curies":[{"name":"wp","href":"https:\/\/api.w.org\/{rel}","templated":true}]}}