{"id":3962,"date":"2016-07-19T21:17:45","date_gmt":"2016-07-19T21:17:45","guid":{"rendered":"http:\/\/equipomedicocentral.com\/wordpress\/product\/skytron-6001\/"},"modified":"2023-08-23T06:04:36","modified_gmt":"2023-08-23T10:04:36","slug":"skytron-6001","status":"publish","type":"product","link":"https:\/\/www.somatechnology.com\/spanish\/equipo-medico-usado-remanufacturado\/mesas-de-cirugia\/skytron-6001\/","title":{"rendered":"Skytron 6001"},"content":{"rendered":"<h2>Caraster\u00edsticas de la Mesa Quir\u00fargica Skytron 6001<\/h2>\n<p>La tabla quir\u00fargica de <strong>Skytron 6001<\/strong> es una mesa quir\u00fargica electro-hidr\u00e1ulica con una colocaci\u00f3n teledirigida y del C-brazo para cumplir todos los requisitos de la proyecci\u00f3n de imagen. La estabilidad de la mesa y la rigidez de la parte superior garantizan que la posici\u00f3n del paciente se mantendr\u00e1 y se desear\u00e1.<\/p>\n<ul>\n<li>Tope translucido compatible con los Arcos en C<\/li>\n<li>Control de mano atado con alambre<\/li>\n<li>rotaci\u00f3n de la tapa de la tabla 180 \u00b0<\/li>\n<li>Cerraduras de piso Electro-hidr\u00e1ulicas<\/li>\n<li>cable de alimentaci\u00f3n de 15 pies con tap\u00f3n de grado hospitalario<\/li>\n<li>Rieles laterales estandarizados<\/li>\n<li>Sistema de frenos de cuatro puntos, accionado por pulsador para la seguridad y la estabilidad<\/li>\n<li>inclinaci\u00f3n lateral de 30 \u00b0<\/li>\n<li>Trendelenburg y capacidades reversas de 30 \u00b0<\/li>\n<li>Capacidad del peso: 500 lbs.<\/li>\n<\/ul>\n<h2>Especificaciones de Skytron 6001<\/h2>\n<h3>Especificaciones generales<\/h3>\n<ul>\n<li>Requisito de energ\u00eda: 120 VAC, 60 hertzios.<\/li>\n<li>Capacidad del peso: 500 libras<\/li>\n<li>Altura m\u00ednima: 28 \u00ab<\/li>\n<li>Altura m\u00e1xima: 45 \u00ab<\/li>\n<li>Anchura: 20 \u00ab<\/li>\n<li>Longitud: 75 \u00ab<\/li>\n<li>Inclinaci\u00f3n lateral: 30 \u00b0<\/li>\n<li>Trendelenburg: 30 \u00b0<\/li>\n<li>Rotaci\u00f3n superior: 180\u00b0<\/li>\n<\/ul>\n<p>&nbsp;<\/p>\n","protected":false},"excerpt":{"rendered":"<p>Mesa Quir\u00fargicas<\/p>\n","protected":false},"featured_media":11394,"template":"","meta":{"_acf_changed":false,"_relevanssi_hide_post":"","_relevanssi_hide_content":"","_relevanssi_pin_for_all":"","_relevanssi_pin_keywords":"","_relevanssi_unpin_keywords":"","_relevanssi_related_keywords":"","_relevanssi_related_include_ids":"","_relevanssi_related_exclude_ids":"","_relevanssi_related_no_append":"","_relevanssi_related_not_related":"","_relevanssi_related_posts":"","_relevanssi_noindex_reason":"","inline_featured_image":false},"pwb-brand":[1186],"product_brand":[],"product_cat":[72],"product_tag":[4431,3098,3095,3094,2500,4160,3100,3099,2522,4430],"class_list":{"0":"post-3962","1":"product","2":"type-product","3":"status-publish","4":"has-post-thumbnail","6":"pwb-brand-equipo-medico-skytron","7":"product_cat-mesas-de-cirugia","8":"product_tag-4431","9":"product_tag-mesa","10":"product_tag-mesa-quirurgica","11":"product_tag-mesas","12":"product_tag-mesas-quirurgicas","13":"product_tag-mesas-quirurgicas-skytron","14":"product_tag-quirurgica","15":"product_tag-quirurgicas","16":"product_tag-skytron","17":"product_tag-skytron-6001","19":"first","20":"instock","21":"purchasable","22":"product-type-simple"},"acf":[],"brands":[{"id":1186,"name":"Skytron","slug":"equipo-medico-skytron"}],"_links":{"self":[{"href":"https:\/\/www.somatechnology.com\/spanish\/wp-json\/wp\/v2\/product\/3962","targetHints":{"allow":["GET"]}}],"collection":[{"href":"https:\/\/www.somatechnology.com\/spanish\/wp-json\/wp\/v2\/product"}],"about":[{"href":"https:\/\/www.somatechnology.com\/spanish\/wp-json\/wp\/v2\/types\/product"}],"wp:featuredmedia":[{"embeddable":true,"href":"https:\/\/www.somatechnology.com\/spanish\/wp-json\/wp\/v2\/media\/11394"}],"wp:attachment":[{"href":"https:\/\/www.somatechnology.com\/spanish\/wp-json\/wp\/v2\/media?parent=3962"}],"wp:term":[{"taxonomy":"pwb-brand","embeddable":true,"href":"https:\/\/www.somatechnology.com\/spanish\/wp-json\/wp\/v2\/pwb-brand?post=3962"},{"taxonomy":"product_brand","embeddable":true,"href":"https:\/\/www.somatechnology.com\/spanish\/wp-json\/wp\/v2\/product_brand?post=3962"},{"taxonomy":"product_cat","embeddable":true,"href":"https:\/\/www.somatechnology.com\/spanish\/wp-json\/wp\/v2\/product_cat?post=3962"},{"taxonomy":"product_tag","embeddable":true,"href":"https:\/\/www.somatechnology.com\/spanish\/wp-json\/wp\/v2\/product_tag?post=3962"}],"curies":[{"name":"wp","href":"https:\/\/api.w.org\/{rel}","templated":true}]}}