{"id":3981,"date":"2016-07-19T21:18:24","date_gmt":"2016-07-19T21:18:24","guid":{"rendered":"http:\/\/equipomedicocentral.com\/wordpress\/product\/getinge-castle-5100\/"},"modified":"2023-08-23T06:04:43","modified_gmt":"2023-08-23T10:04:43","slug":"getinge-castle-5100","status":"publish","type":"product","link":"https:\/\/www.somatechnology.com\/spanish\/equipo-medico-usado-remanufacturado\/mesas-de-cirugia\/getinge-castle-5100\/","title":{"rendered":"Getinge Castle 5100"},"content":{"rendered":"<h2>Caracter\u00edsticas del Getinge Castle 5100<\/h2>\n<ul>\n<li>La tabla quir\u00fargica importante teledirigida proporciona la articulaci\u00f3n flexible para la colocaci\u00f3n paciente completa<\/li>\n<li>Iluminaci\u00f3n de tecla de funci\u00f3n completa<\/li>\n<li>Corredera longitudinal para amplificaci\u00f3n de imagen de longitud completa<\/li>\n<\/ul>\n<p>&nbsp;<\/p>\n<p>&nbsp;<\/p>\n","protected":false},"excerpt":{"rendered":"<p>Mesa Quir\u00fargica a control remoto<\/p>\n","protected":false},"featured_media":12237,"template":"","meta":{"_acf_changed":false,"_relevanssi_hide_post":"","_relevanssi_hide_content":"","_relevanssi_pin_for_all":"","_relevanssi_pin_keywords":"","_relevanssi_unpin_keywords":"","_relevanssi_related_keywords":"","_relevanssi_related_include_ids":"","_relevanssi_related_exclude_ids":"","_relevanssi_related_no_append":"","_relevanssi_related_not_related":"","_relevanssi_related_posts":"","_relevanssi_noindex_reason":"","inline_featured_image":false},"pwb-brand":[1153],"product_brand":[],"product_cat":[72],"product_tag":[5028,5029,5030,5026,5027,2500,6853,5025],"class_list":{"0":"post-3981","1":"product","2":"type-product","3":"status-publish","4":"has-post-thumbnail","6":"pwb-brand-equipo-medico-getinge","7":"product_cat-mesas-de-cirugia","8":"product_tag-castel-5100-mesas-quirurgicas","9":"product_tag-getinge-castel-5100","10":"product_tag-getinge-castel-5100-mesas-quirurgicas","11":"product_tag-getinge-mesas-quirurgicas","12":"product_tag-gettinge","13":"product_tag-mesas-quirurgicas","14":"product_tag-mesas-quirurgicas-getinge","15":"product_tag-mesas-quirurgicas-getinge-castel-5100","17":"first","18":"instock","19":"purchasable","20":"product-type-simple"},"acf":[],"brands":[{"id":1153,"name":"Getinge","slug":"equipo-medico-getinge"}],"_links":{"self":[{"href":"https:\/\/www.somatechnology.com\/spanish\/wp-json\/wp\/v2\/product\/3981","targetHints":{"allow":["GET"]}}],"collection":[{"href":"https:\/\/www.somatechnology.com\/spanish\/wp-json\/wp\/v2\/product"}],"about":[{"href":"https:\/\/www.somatechnology.com\/spanish\/wp-json\/wp\/v2\/types\/product"}],"wp:featuredmedia":[{"embeddable":true,"href":"https:\/\/www.somatechnology.com\/spanish\/wp-json\/wp\/v2\/media\/12237"}],"wp:attachment":[{"href":"https:\/\/www.somatechnology.com\/spanish\/wp-json\/wp\/v2\/media?parent=3981"}],"wp:term":[{"taxonomy":"pwb-brand","embeddable":true,"href":"https:\/\/www.somatechnology.com\/spanish\/wp-json\/wp\/v2\/pwb-brand?post=3981"},{"taxonomy":"product_brand","embeddable":true,"href":"https:\/\/www.somatechnology.com\/spanish\/wp-json\/wp\/v2\/product_brand?post=3981"},{"taxonomy":"product_cat","embeddable":true,"href":"https:\/\/www.somatechnology.com\/spanish\/wp-json\/wp\/v2\/product_cat?post=3981"},{"taxonomy":"product_tag","embeddable":true,"href":"https:\/\/www.somatechnology.com\/spanish\/wp-json\/wp\/v2\/product_tag?post=3981"}],"curies":[{"name":"wp","href":"https:\/\/api.w.org\/{rel}","templated":true}]}}