{"id":3987,"date":"2016-07-19T21:18:24","date_gmt":"2016-07-19T21:18:24","guid":{"rendered":"http:\/\/equipomedicocentral.com\/wordpress\/product\/steris-amsco-2080-series\/"},"modified":"2023-08-23T06:04:58","modified_gmt":"2023-08-23T10:04:58","slug":"steris-amsco-2080-m","status":"publish","type":"product","link":"https:\/\/www.somatechnology.com\/spanish\/equipo-medico-usado-remanufacturado\/mesas-de-cirugia\/steris-amsco-2080-m\/","title":{"rendered":"Steris Amsco 2080 M"},"content":{"rendered":"<h2>Caracter\u00edsticas del Mesa Quir\u00fargica Steris Amsco 2080 M<\/h2>\n<p>La mesa quir\u00fargica general <strong>Steris Amsco Quantum 2080 M<\/strong> se suministra con una unidad removible para el reposacabezas, una unidad de control de mano colgante y un juego de cojines de mesa el\u00e9ctricamente conductivos. Esta mesa quir\u00fargica est\u00e1 alimentada el\u00e9ctricamente y requiere una fuente de alimentaci\u00f3n de 120V\/60Hz. Su capacidad de peso es 300lbs.<br \/>\nLas mesas quir\u00fargicas generales de Amsco 2080 se construyen con calidad y se construyen para durar. Las mesas quir\u00fargicas generales de Amsco 2080 M son f\u00e1ciles de utilizar, vers\u00e1tiles y bien dentro de su presupuesto.<\/p>\n<p>Las mesas quir\u00fargicas generales de Amsco 2080 se dise\u00f1an para acomodar una carga m\u00e1xima de 300 libras.<\/p>\n<ul>\n<li>El pedestal incluye el cilindro de elevaci\u00f3n de mesa y la columna de soporte con bastidor de sill\u00edn montado en el rodamiento completamente encerrado por cubiertas telesc\u00f3picas de acero inoxidable.<\/li>\n<li>Cada mortaja es una pieza de construcci\u00f3n para asegurar contra la materia extranjera que entra en el mecanismo de elevaci\u00f3n.<\/li>\n<li>Capacidad del peso de 300 libras,<\/li>\n<li>Rieles laterales para accesorios<\/li>\n<li>Reposacabezas regulable.<\/li>\n<li>Las caracter\u00edsticas incluyen respaldo\/abajo, pierna arriba\/abajo, Trendelenburg\/Trendelenburg inversa<\/li>\n<li>La mesa es de 20 pulgadas de ancho se divide en cuatro secciones con bisagras: cabeza, espalda, asiento, pie. Cada secci\u00f3n es de fundici\u00f3n de aluminio (espalda, asiento, y las secciones del pie est\u00e1n cubiertas por chapa de acero inoxidable).<\/li>\n<li>Reacondicionado con 1 a\u00f1o de garant\u00eda para clientes domesticos<\/li>\n<\/ul>\n<h2>Especificaciones del Steris Amsco 2080 M<\/h2>\n<ul>\n<li>Longitud sin reposacabezas: 71,25 \u00ab(1810 mm)<\/li>\n<li>Longitud con reposacabezas: 84 \u00ab(2117 mil\u00edmetros)<\/li>\n<li>Anchura (parte posterior\/placa del asiento): 20 \u00ab(508 mil\u00edmetros)<\/li>\n<li>Anchura con los carriles laterales: 22 \u00ab(559mm)<\/li>\n<li>Peso de la mesa: 690 lbs (313 kilogramos)<\/li>\n<li>Carga m\u00e1xima admisible (elevaci\u00f3n): 300 lbs (136 kg)<\/li>\n<li>Carga m\u00e1xima admisible (articulaci\u00f3n): 300 lbs (136 kg)<\/li>\n<li>Altura: 27 \u2013 45 \u00ab(686 \u2013 1134 mm)<\/li>\n<li>Inclinaci\u00f3n lateral (izquierda\/derecha: 10 \u00b0<\/li>\n<li>Trendelenburg: \u00b1 20 \u00b0<\/li>\n<li>Trendelenburg reverso: \u00b1 20 \u00b0<\/li>\n<li>Puente del ri\u00f1\u00f3n: 4-1\/2 \u00ab(113 mil\u00edmetros)<\/li>\n<li>Back up\/down: + 90 \u00b0\/-10 \u00b0<\/li>\n<li>Pierna hacia arriba\/abajo: + 0 \u00b0\/-105 \u00b0<\/li>\n<li>Diapositiva superior-cabeza: 7,5 \u00ab(190 mm)<\/li>\n<li>Diapositiva superior-pie: 13,5 \u00ab(343mm)<\/li>\n<li>Flexi\u00f3n:-15 \u00b0 back\/-20 \u00b0 SEAT<\/li>\n<li>Reflex: + 10 \u00b0 back\/+ 15 \u00b0 SEAT<\/li>\n<li>Caracter\u00edsticas adicionales: operaci\u00f3n de la bater\u00eda: no \u2013 controles de copia de seguridad: manual \u2013 rotaci\u00f3n de la mesa: no \u2013 volver a la funci\u00f3n de nivel: no<\/li>\n<\/ul>\n","protected":false},"excerpt":{"rendered":"<p>Mesa Quir\u00fargica<\/p>\n","protected":false},"featured_media":11207,"template":"","meta":{"_acf_changed":false,"_relevanssi_hide_post":"","_relevanssi_hide_content":"","_relevanssi_pin_for_all":"","_relevanssi_pin_keywords":"","_relevanssi_unpin_keywords":"","_relevanssi_related_keywords":"","_relevanssi_related_include_ids":"","_relevanssi_related_exclude_ids":"","_relevanssi_related_no_append":"","_relevanssi_related_not_related":"","_relevanssi_related_posts":"","_relevanssi_noindex_reason":"","inline_featured_image":false},"pwb-brand":[1149],"product_brand":[],"product_cat":[72],"product_tag":[3115,3116,544,3114,3120,3119,3098,3095,4284,4283,4285,4286,3094,2500,3984,543,3113,3117,3118,554,3112],"class_list":{"0":"post-3987","1":"product","2":"type-product","3":"status-publish","4":"has-post-thumbnail","6":"pwb-brand-equipo-medico-steris","7":"product_cat-mesas-de-cirugia","8":"product_tag-3115","9":"product_tag-2080-m","10":"product_tag-amsco","11":"product_tag-amsco-2080","12":"product_tag-amsco-2080-m","13":"product_tag-amsco-2080m","14":"product_tag-mesa","15":"product_tag-mesa-quirurgica","16":"product_tag-mesa-quirurgica-amsco","17":"product_tag-mesa-quirurgica-steris","18":"product_tag-mesa-quirurgica-steris-amsco","19":"product_tag-mesa-quirurgica-steris-amsco-2080-m","20":"product_tag-mesas","21":"product_tag-mesas-quirurgicas","22":"product_tag-mesas-quirurgicas-steris","23":"product_tag-steris","24":"product_tag-steris-2080","25":"product_tag-steris-2080-m","26":"product_tag-steris-2080m","27":"product_tag-steris-amsco","28":"product_tag-steris-amsco-2080","30":"first","31":"instock","32":"purchasable","33":"product-type-simple"},"acf":[],"brands":[{"id":1149,"name":"Steris","slug":"equipo-medico-steris"}],"_links":{"self":[{"href":"https:\/\/www.somatechnology.com\/spanish\/wp-json\/wp\/v2\/product\/3987","targetHints":{"allow":["GET"]}}],"collection":[{"href":"https:\/\/www.somatechnology.com\/spanish\/wp-json\/wp\/v2\/product"}],"about":[{"href":"https:\/\/www.somatechnology.com\/spanish\/wp-json\/wp\/v2\/types\/product"}],"wp:featuredmedia":[{"embeddable":true,"href":"https:\/\/www.somatechnology.com\/spanish\/wp-json\/wp\/v2\/media\/11207"}],"wp:attachment":[{"href":"https:\/\/www.somatechnology.com\/spanish\/wp-json\/wp\/v2\/media?parent=3987"}],"wp:term":[{"taxonomy":"pwb-brand","embeddable":true,"href":"https:\/\/www.somatechnology.com\/spanish\/wp-json\/wp\/v2\/pwb-brand?post=3987"},{"taxonomy":"product_brand","embeddable":true,"href":"https:\/\/www.somatechnology.com\/spanish\/wp-json\/wp\/v2\/product_brand?post=3987"},{"taxonomy":"product_cat","embeddable":true,"href":"https:\/\/www.somatechnology.com\/spanish\/wp-json\/wp\/v2\/product_cat?post=3987"},{"taxonomy":"product_tag","embeddable":true,"href":"https:\/\/www.somatechnology.com\/spanish\/wp-json\/wp\/v2\/product_tag?post=3987"}],"curies":[{"name":"wp","href":"https:\/\/api.w.org\/{rel}","templated":true}]}}