{"id":3990,"date":"2016-07-19T21:18:24","date_gmt":"2016-07-19T21:18:24","guid":{"rendered":"http:\/\/equipomedicocentral.com\/wordpress\/product\/physio-control-lifepak-10\/"},"modified":"2023-08-23T06:05:07","modified_gmt":"2023-08-23T10:05:07","slug":"physio-control-lifepak-10","status":"publish","type":"product","link":"https:\/\/www.somatechnology.com\/spanish\/equipo-medico-usado-remanufacturado\/desfibriladores-medicos\/desfibriladores\/physio-control-lifepak-10\/","title":{"rendered":"Physio Control Lifepak 10"},"content":{"rendered":"<h2>Caracter\u00edsticas Physio-Control\u00a0Lifepak 10<\/h2>\n<p>Estas unidades se utilizan principalmente en ambulancias y salas de emergencias, ya que son un monitor de desfibrilador ligero y port\u00e1til con un grabador incorporado<\/p>\n<p>Lifepak 10s se funcionan con pilas, adaptador de CA opcional. Sin embargo, se requiere un sistema de carga de bater\u00eda separado (no se muestra)<\/p>\n<ul>\n<li>F\u00e1cil-a-Lea la exhibici\u00f3n<\/li>\n<li>Lifepak 10s cumplen los est\u00e1ndares actuales de ACL<\/li>\n<li>Disponible restaurado<\/li>\n<li>Accesorio opcional: caso (pida al representante de ventas si en la acci\u00f3n)<\/li>\n<\/ul>\n<h2>Modelos configurables:<\/h2>\n<ul>\n<li>10<\/li>\n<li>10P (Pacing)<\/li>\n<li>10C<\/li>\n<\/ul>\n<h2>Especificaciones Physio-Control\u00a0Lifepak 10<\/h2>\n<ul>\n<li>Dimensi\u00f3n cm: 10.4 cm x 40.6 cm x 37cm<\/li>\n<li>Dimensiones pulgadas: 4 \u2033 x 16 \u2033 x 14,6 \u2033<\/li>\n<li>Peso: 9 kilogramos; 20LBS<\/li>\n<li>Bater\u00eda: 3 pilas NiCad, 12V, 1,0 amp horas cada una. Un nuevo paquete de bater\u00edas que registre al menos 100% de capacidad en el sistema de soporte de bater\u00edas proporcionar\u00e1 como m\u00ednimo: 45 minutos de monitoreo o 30 minutos de estimulaci\u00f3n o 25 descargas a 360 julios por paquete de bater\u00eda<\/li>\n<li>Selecci\u00f3n del plomo de ECG: paletas, I, II, III<\/li>\n<li>Entrada: ECG aislado v\u00eda r\u00e1pido-mire el paddlews del defibrillator, los electrodos r\u00e1pidos del remiendo, o el cable paciente de 3 plomos.<\/li>\n<li>Cardioscopio tama\u00f1o de la pantalla: 72,55 mm (2,85 pulg) x 43,5 mm (1,7 in), no se desvanecen.<\/li>\n<li>Forma de onda del defibrillator: pulso monof\u00e1sico de 5 milisegundos (Edmark) por espec. AAMI.<\/li>\n<li>Energ\u00eda selecta: 0, 5, 10, 20, 50, 100, 200, 300, 360 julios.<\/li>\n<li>Controles de la paleta: carga (con la luz de indicador); Registro (activa el registrador de la carta de la tira); Energ\u00eda selecta (dial giratorio 0-360J); Descarga (botones de descarga de energ\u00eda dual, encendido en cada paleta).<\/li>\n<li>Tiempo de la carga: cargas a 360 julios en menos de 12 segundos sobre 0C<\/li>\n<li>\u00c1rea de la paleta: 82 cm2<\/li>\n<li>Sincronizador: entrega la descarga de energ\u00eda dentro de 20msec del marcador de la sincronizaci\u00f3n en alcance del cardio.<\/li>\n<li>Grabador de carga de tiras<\/li>\n<li>Tama\u00f1o de papel: 50m m los x 30m<\/li>\n<li>Velocidad de papel: 25m\/sec<\/li>\n<li>Anotaci\u00f3n: incluye tiempo, fecha, plomo, ganancia, ritmo card\u00edaco, desfibrilador y\/o par\u00e1metros de estimulaci\u00f3n.<\/li>\n<li>Expediente cr\u00edtico del acontecimiento: expediente digital almacenado de los par\u00e1metros cr\u00edticos de ECG y del dispositivo.<\/li>\n<\/ul>\n","protected":false},"excerpt":{"rendered":"<p>Desfibrilador<\/p>\n","protected":false},"featured_media":23534,"template":"","meta":{"_acf_changed":false,"_relevanssi_hide_post":"","_relevanssi_hide_content":"","_relevanssi_pin_for_all":"","_relevanssi_pin_keywords":"","_relevanssi_unpin_keywords":"","_relevanssi_related_keywords":"","_relevanssi_related_include_ids":"","_relevanssi_related_exclude_ids":"","_relevanssi_related_no_append":"","_relevanssi_related_not_related":"","_relevanssi_related_posts":"","_relevanssi_noindex_reason":"","inline_featured_image":false},"pwb-brand":[1118],"product_brand":[],"product_cat":[97],"product_tag":[5350,5373,5370,5371,5372,5361,5374,5375],"class_list":{"0":"post-3990","1":"product","2":"type-product","3":"status-publish","4":"has-post-thumbnail","6":"pwb-brand-desfibriladores-physio-control","7":"product_cat-desfibriladores","8":"product_tag-desfibriladores","9":"product_tag-desfibriladores-lifepak-10","10":"product_tag-desfibriladores-physio-control","11":"product_tag-lifepak-10","12":"product_tag-lifepak-10-desfibriladores","13":"product_tag-physio-control-desfibriladores","14":"product_tag-physio-control-lifepak-10","15":"product_tag-physio-control-lifepak-10-desfibriladores","17":"first","18":"instock","19":"purchasable","20":"product-type-simple"},"acf":[],"brands":[{"id":1118,"name":"Physio Control","slug":"desfibriladores-physio-control"}],"_links":{"self":[{"href":"https:\/\/www.somatechnology.com\/spanish\/wp-json\/wp\/v2\/product\/3990","targetHints":{"allow":["GET"]}}],"collection":[{"href":"https:\/\/www.somatechnology.com\/spanish\/wp-json\/wp\/v2\/product"}],"about":[{"href":"https:\/\/www.somatechnology.com\/spanish\/wp-json\/wp\/v2\/types\/product"}],"wp:featuredmedia":[{"embeddable":true,"href":"https:\/\/www.somatechnology.com\/spanish\/wp-json\/wp\/v2\/media\/23534"}],"wp:attachment":[{"href":"https:\/\/www.somatechnology.com\/spanish\/wp-json\/wp\/v2\/media?parent=3990"}],"wp:term":[{"taxonomy":"pwb-brand","embeddable":true,"href":"https:\/\/www.somatechnology.com\/spanish\/wp-json\/wp\/v2\/pwb-brand?post=3990"},{"taxonomy":"product_brand","embeddable":true,"href":"https:\/\/www.somatechnology.com\/spanish\/wp-json\/wp\/v2\/product_brand?post=3990"},{"taxonomy":"product_cat","embeddable":true,"href":"https:\/\/www.somatechnology.com\/spanish\/wp-json\/wp\/v2\/product_cat?post=3990"},{"taxonomy":"product_tag","embeddable":true,"href":"https:\/\/www.somatechnology.com\/spanish\/wp-json\/wp\/v2\/product_tag?post=3990"}],"curies":[{"name":"wp","href":"https:\/\/api.w.org\/{rel}","templated":true}]}}