{"id":3995,"date":"2016-07-19T21:18:24","date_gmt":"2016-07-19T21:18:24","guid":{"rendered":"http:\/\/equipomedicocentral.com\/wordpress\/product\/physio-control-lifepak-9\/"},"modified":"2023-08-23T06:05:32","modified_gmt":"2023-08-23T10:05:32","slug":"physio-control-lifepak-9","status":"publish","type":"product","link":"https:\/\/www.somatechnology.com\/spanish\/equipo-medico-usado-remanufacturado\/desfibriladores-medicos\/desfibriladores\/physio-control-lifepak-9\/","title":{"rendered":"Physio Control Lifepak 9"},"content":{"rendered":"<h2>Caracter\u00edsticas\u00a0<strong>Physio-Control Lifepak 9<\/strong><\/h2>\n<p><strong>El Lifepak 9 de Physio-Control,<\/strong> una unidad basada en microprocesador, est\u00e1 disponible en modelos: 9, 9P (estimulaci\u00f3n) y 9A. Estas unidades tienen una grabadora incorporada y una bater\u00eda de plomo sellada de respaldo. Lifepak 9s cumple con los est\u00e1ndares ACLS actuales y permite 17 selecciones de energ\u00eda, alarmas HR, monitoreo de 5 derivaciones, registrador y registro de evento cr\u00edtico SUMARIO DE C\u00d3DIGO. El Lifepak 9 es un desfibrilador \/ monitor, cardio-scope y marcapasos no invasivo. Proporciona 17 selecciones de energ\u00eda, alarmas de frecuencia card\u00edaca, monitorizaci\u00f3n de ECG de tres derivaciones, grabadora y registrador de eventos cr\u00edticos Code Summary &#x2122;. Lifepak 9, basado en un microprocesador, incluye un suministro interno de la bater\u00eda y est\u00e1 disponible con levas pedi\u00e1tricas opcionales, palas internas, cable de estimulaci\u00f3n y almohadillas, y cables y cables de paciente ECG. ECG aislado a trav\u00e9s de paletas de desfibrilaci\u00f3n de mirada r\u00e1pida, electrodos de desfibrilaci\u00f3n \/ ECG desechables de parche r\u00e1pido o cable de paciente de tres derivaciones.<\/p>\n<ul>\n<li>Desfibrilador con ECG e impresora<\/li>\n<li>El desfibrilador \/ monitor Physio-Control LIFEPAK 9 fue dise\u00f1ado para satisfacer las necesidades de los profesionales cl\u00ednicos, de ingenier\u00eda biom\u00e9dica y de compras en todo el mundo<\/li>\n<li>Esta unidad es simple. La operaci\u00f3n 1-3 y la pantalla f\u00e1cil de usar, adem\u00e1s de su dise\u00f1o compacto y port\u00e1til que ahorra espacio, revoluciona la desfibrilaci\u00f3n hospitalaria.<\/li>\n<li>Selecciones de electrodos de ECG: STD, paletas, I, II, III<\/li>\n<li>Entrada: ECG aislado a trav\u00e9s de paletas del desfibrilador Quick-Look\u00ae, electrodos de desfibrilaci\u00f3n \/ ECG desechables Fast-Patch\u00ae o cable del paciente de tres derivaciones<\/li>\n<li>Longitud del cable del paciente: 13 pies de longitud total (10 pies con cables de tres pies)<\/li>\n<li>Rechazo de modo com\u00fan: 100dB m\u00edn. con respecto a la tierra del chasis y 65dB min. con respecto a la tierra aislada, cuando se mide a 60Hz (el rango de modo com\u00fan para la entrada del cable del paciente es de 10 voltios pico con respecto a la tierra aislada)<\/li>\n<li>Tama\u00f1o de pantalla del monitor: 4 \u00ab(w) x 3\u00bb (h)<\/li>\n<li>Velocidad de barrido: 25 mm \/ seg<\/li>\n<\/ul>\n<h2>Especificaciones\u00a0<strong>Physio-Control Lifepak 9<\/strong><\/h2>\n<ul>\n<li>Dimensiones: 35.2 cm x 29.7 cm x 31 cm, 13.9 \u00abx 11.7\u00bb x 12.2 \u00ab(ancho x fondo x fondo) 12.7 kg (28 lbs)<\/li>\n<li>160 vatios m\u00e1ximo mientras se monitorea con la grabadora encendida y la carga del desfibrilador<\/li>\n<li>Voltaje de l\u00ednea nominal de 120\/240 VCA sin ajuste<\/li>\n<li>50\/60 Hz, con ajuste en el men\u00fa SET UP<\/li>\n<li>Tipo: plomo-\u00e1cido sellado, 16 Vdc nominal, 3 amperios-hora<\/li>\n<li>Capacidad: una nueva bater\u00eda completamente cargada proporcionar\u00e1 uno de los siguientes antes del apagado: 75 descargas 360J y 90 minutos de monitoreo<\/li>\n<li>Indicador de bater\u00eda baja: informa al operador que conecte la alimentaci\u00f3n de CA<\/li>\n<li>Tiempo de carga: 24 horas a plena capacidad<\/li>\n<li>Forma de onda: pulso monof\u00e1sico de 5 mseg<\/li>\n<li>Energy Select: paletas externas -1, 2, 3, 4, 5, 6, 7, 8, 9, 10,20, 30, 50 Joules<\/li>\n<li>Indicadores de carga: las luces parpadeantes en la paleta y el bot\u00f3n del panel frontal junto con el aumento de la visualizaci\u00f3n de energ\u00eda almacenada indican carga en el proceso. Con la carga completa, la energ\u00eda disponible se muestra en el monitor y carga los tonos de sonido completados<\/li>\n<li>Tiempo de carga: carga a 360 julios en menos de 10 segundos con una bater\u00eda completamente cargada<\/li>\n<li>Selecci\u00f3n de plomo: est\u00e1ndar, paletas, I, II, III<\/li>\n<li>Entrada: ECG aislado a trav\u00e9s de las paletas del desfibrilador Quik-Look\u00ae, los electrodos desfibriladores \/ ECG desechables Fast-Patch\u00ae o el cable del paciente de 3 derivaciones<\/li>\n<\/ul>\n<h3>Monitor<\/h3>\n<ul>\n<li>Dimensiones: 102 mm (4 \u00ab) de ancho x 76 mm (3\u00bb) de alto, sin desvanecimiento<\/li>\n<li>Medidor de frecuencia card\u00edaca: lectura de 3 d\u00edgitos muestra tasas de 20 a 300 bpm. Las frecuencias card\u00edacas fuera de este rango no producen tonos de s\u00edstole o frecuencia card\u00edaca v\u00e1lidos<\/li>\n<li>Alarmas de frecuencia card\u00edaca: l\u00edmites de alarma seleccionables por el usuario. Tres ajustes altos \/ bajos (150\/140, 120\/60, 160\/90)<\/li>\n<\/ul>\n<h3>Registrador de matriz t\u00e9rmica<\/h3>\n<ul>\n<li>Otras opciones de l\u00edmite disponibles a trav\u00e9s del men\u00fa CONFIGURACI\u00d3N<\/li>\n<li>Tama\u00f1o del papel: 50 mm de ancho x 30 m<\/li>\n<li>Velocidad del papel: 25 mm \/ segundo<\/li>\n<li>Retraso: el ECG se imprime 8 segundos despu\u00e9s de la primera aparici\u00f3n en el monitor<\/li>\n<li>Respuesta de frecuencia: sin diagn\u00f3stico disponible a trav\u00e9s del men\u00fa CONFIGURACI\u00d3N<\/li>\n<li>Anotaci\u00f3n: hora, fecha, derivaci\u00f3n de ECG, ganancia de ECG, frecuencia card\u00edaca, par\u00e1metros de desfibrilaci\u00f3n, descargas de carga de prueba<\/li>\n<\/ul>\n<p>&nbsp;<\/p>\n","protected":false},"excerpt":{"rendered":"<p>Desfibrilador<\/p>\n","protected":false},"featured_media":23386,"template":"","meta":{"_acf_changed":false,"_relevanssi_hide_post":"","_relevanssi_hide_content":"","_relevanssi_pin_for_all":"","_relevanssi_pin_keywords":"","_relevanssi_unpin_keywords":"","_relevanssi_related_keywords":"","_relevanssi_related_include_ids":"","_relevanssi_related_exclude_ids":"","_relevanssi_related_no_append":"","_relevanssi_related_not_related":"","_relevanssi_related_posts":"","_relevanssi_noindex_reason":"","inline_featured_image":false},"pwb-brand":[1118],"product_brand":[],"product_cat":[97],"product_tag":[5350,1014,5381,606,5361,719,1013,5382],"class_list":{"0":"post-3995","1":"product","2":"type-product","3":"status-publish","4":"has-post-thumbnail","6":"pwb-brand-desfibriladores-physio-control","7":"product_cat-desfibriladores","8":"product_tag-desfibriladores","9":"product_tag-lifepak-9","10":"product_tag-lifepak-9-desfibriladores","11":"product_tag-physio-control","12":"product_tag-physio-control-desfibriladores","13":"product_tag-physio-control-lifepak","14":"product_tag-physio-control-lifepak-9","15":"product_tag-physio-control-lifepak-9-desfibriladores","17":"first","18":"instock","19":"purchasable","20":"product-type-simple"},"acf":[],"brands":[{"id":1118,"name":"Physio Control","slug":"desfibriladores-physio-control"}],"_links":{"self":[{"href":"https:\/\/www.somatechnology.com\/spanish\/wp-json\/wp\/v2\/product\/3995","targetHints":{"allow":["GET"]}}],"collection":[{"href":"https:\/\/www.somatechnology.com\/spanish\/wp-json\/wp\/v2\/product"}],"about":[{"href":"https:\/\/www.somatechnology.com\/spanish\/wp-json\/wp\/v2\/types\/product"}],"wp:featuredmedia":[{"embeddable":true,"href":"https:\/\/www.somatechnology.com\/spanish\/wp-json\/wp\/v2\/media\/23386"}],"wp:attachment":[{"href":"https:\/\/www.somatechnology.com\/spanish\/wp-json\/wp\/v2\/media?parent=3995"}],"wp:term":[{"taxonomy":"pwb-brand","embeddable":true,"href":"https:\/\/www.somatechnology.com\/spanish\/wp-json\/wp\/v2\/pwb-brand?post=3995"},{"taxonomy":"product_brand","embeddable":true,"href":"https:\/\/www.somatechnology.com\/spanish\/wp-json\/wp\/v2\/product_brand?post=3995"},{"taxonomy":"product_cat","embeddable":true,"href":"https:\/\/www.somatechnology.com\/spanish\/wp-json\/wp\/v2\/product_cat?post=3995"},{"taxonomy":"product_tag","embeddable":true,"href":"https:\/\/www.somatechnology.com\/spanish\/wp-json\/wp\/v2\/product_tag?post=3995"}],"curies":[{"name":"wp","href":"https:\/\/api.w.org\/{rel}","templated":true}]}}