{"id":3999,"date":"2016-07-19T21:18:24","date_gmt":"2016-07-19T21:18:24","guid":{"rendered":"http:\/\/equipomedicocentral.com\/wordpress\/product\/mindray-pm-8000express\/"},"modified":"2023-08-23T06:05:38","modified_gmt":"2023-08-23T10:05:38","slug":"mindray-pm-8000express","status":"publish","type":"product","link":"https:\/\/www.somatechnology.com\/spanish\/equipo-medico-usado-remanufacturado\/monitores-de-signos-vitales\/monitores-multiparametros\/mindray-pm-8000express\/","title":{"rendered":"Mindray PM-8000 Express"},"content":{"rendered":"<h2>Caracter\u00edsticas del\u00a0Mindray PM-8000 Express<\/h2>\n<p><strong>PM-8000 Express<\/strong> es un monitor de paciente port\u00e1til. Su tama\u00f1o compacto y dise\u00f1o simple lo hacen ideal para el uso en una variedad de ajustes cl\u00ednicos. La intenci\u00f3n de satisfacer las necesidades b\u00e1sicas de monitoreo continuo, se centra en proporcionar la capacidad b\u00e1sica de una manera sencilla. Su pantalla de color de alta resoluci\u00f3n ofrece una visi\u00f3n sorprendentemente clara de los datos fisiol\u00f3gicos de un paciente, lo que lo hace pr\u00e1ctico para su uso en la cabecera o durante el transporte.<\/p>\n<p>Disponible con o sin la medici\u00f3n de la presi\u00f3n arterial invasiva, PM-8000 Express ofrece la flexibilidad que usted necesita para responder a las necesidades cambiantes de un paciente. \u00c1reas pre y post-operatorias, departamentos m\u00e9dicos y quir\u00fargicos, pisos generales y muchos otros querr\u00e1n considerar esta soluci\u00f3n de monitoreo muy efectiva, pero sorprendentemente asequible.<\/p>\n<ul>\n<li>Exhibici\u00f3n del color TFT de 8,4 \u2033 con 8 formas de onda<\/li>\n<li>Exhibici\u00f3n grande de la fuente<\/li>\n<li>Modulaci\u00f3n de tono de pulso SpO2 (tono de pitch)<\/li>\n<li>Microstream &#x2122; EtCO2 (Oridion)<\/li>\n<li>Las tendencias gr\u00e1ficas y tabulares m\u00e1ximas de 96 horas de todos los par\u00e1metros<\/li>\n<li>40-segunda revisi\u00f3n de forma de onda de divulgaci\u00f3n completa<\/li>\n<li>Indicador luminoso de alarma<\/li>\n<li>Masimo Set &#x2122;\/Nellcor OxiMax &#x2122;\/Mindray SpO2<\/li>\n<li>Opci\u00f3n de tarjeta de memoria Flash<\/li>\n<li>Bater\u00eda del Li-ion<\/li>\n<li>Conveniente para los pacientes adultos, pedi\u00e1tricos y neonatales<\/li>\n<li>Entrada de la c.c. del external 12V para el transporte de la ambulancia<\/li>\n<\/ul>\n<h2>Especificaciones\u00a0Mindray PM-8000 Express<\/h2>\n<h3>Rendimiento<\/h3>\n<ul>\n<li>Dimensi\u00f3n: 261 mm (W) x 240 mm (H) x 171 mm (D)<\/li>\n<li>Peso: &lt; 5 kg (sin incluir la bater\u00eda)<\/li>\n<li>Bater\u00eda del Li-ion: recargable, m\u00e1ximo 6,5 horas para cargar, 3 horas para el funcionamiento continuo.<\/li>\n<li>Bateria Recargable, m\u00e1ximo 6 horas para la carga; 75 minutos para el funcionamiento continuo.<\/li>\n<\/ul>\n<h3>Mindray SpO2<\/h3>\n<ul>\n<li>Rango de ritmo card\u00edaco \u2022 adulto: 15-300 BPM<\/li>\n<li>Neonato\/pedi\u00e1trico: 15 \u2013 350 BPM<\/li>\n<li>Gama de la medida: 0 ~ 100%<\/li>\n<li>Resoluci\u00f3n: 1%<\/li>\n<li>Exactitud \u2022 +-2% (70-100%, adulto\/pedi\u00e1trico, no-movimiento)<\/li>\n<li>+-3% (70-100%, neonato, no-Motion)<\/li>\n<li>+-3% (70-100%, adulto\/pedi\u00e1trico\/neonato, movimiento)<\/li>\n<li>0-69% no especificado<\/li>\n<li>Gama de la alarma: 0-100%<\/li>\n<li>Gama del pulso \u2022 gama: 20-254 BPM<\/li>\n<li>Resoluci\u00f3n: 1 BPM<\/li>\n<li>Exactitud \u2022 +-3bpm (no-movimiento)<\/li>\n<li>+-5bpm (Motion)<\/li>\n<li>Gama de la alarma: 20-254bpm<\/li>\n<\/ul>\n","protected":false},"excerpt":{"rendered":"<p>Monitores Multiparametros<\/p>\n","protected":false},"featured_media":11285,"template":"","meta":{"_acf_changed":false,"_relevanssi_hide_post":"","_relevanssi_hide_content":"","_relevanssi_pin_for_all":"","_relevanssi_pin_keywords":"","_relevanssi_unpin_keywords":"","_relevanssi_related_keywords":"","_relevanssi_related_include_ids":"","_relevanssi_related_exclude_ids":"","_relevanssi_related_no_append":"","_relevanssi_related_not_related":"","_relevanssi_related_posts":"","_relevanssi_noindex_reason":"","inline_featured_image":false},"pwb-brand":[1135],"product_brand":[],"product_cat":[50],"product_tag":[3789,3788,3790,3791,3614],"class_list":{"0":"post-3999","1":"product","2":"type-product","3":"status-publish","4":"has-post-thumbnail","6":"pwb-brand-equipo-medico-mindray","7":"product_cat-monitores-multiparametros","8":"product_tag-mindray-monitores-multiparametros","9":"product_tag-mindray-pm-8000-express","10":"product_tag-mindray-pm-8000-express-monitores-multiparametros","11":"product_tag-mindray-pm-8000-monitores-multiparametros","12":"product_tag-monitores-multiparametros","14":"first","15":"instock","16":"purchasable","17":"product-type-simple"},"acf":[],"brands":[{"id":1135,"name":"Mindray","slug":"equipo-medico-mindray"}],"_links":{"self":[{"href":"https:\/\/www.somatechnology.com\/spanish\/wp-json\/wp\/v2\/product\/3999","targetHints":{"allow":["GET"]}}],"collection":[{"href":"https:\/\/www.somatechnology.com\/spanish\/wp-json\/wp\/v2\/product"}],"about":[{"href":"https:\/\/www.somatechnology.com\/spanish\/wp-json\/wp\/v2\/types\/product"}],"wp:featuredmedia":[{"embeddable":true,"href":"https:\/\/www.somatechnology.com\/spanish\/wp-json\/wp\/v2\/media\/11285"}],"wp:attachment":[{"href":"https:\/\/www.somatechnology.com\/spanish\/wp-json\/wp\/v2\/media?parent=3999"}],"wp:term":[{"taxonomy":"pwb-brand","embeddable":true,"href":"https:\/\/www.somatechnology.com\/spanish\/wp-json\/wp\/v2\/pwb-brand?post=3999"},{"taxonomy":"product_brand","embeddable":true,"href":"https:\/\/www.somatechnology.com\/spanish\/wp-json\/wp\/v2\/product_brand?post=3999"},{"taxonomy":"product_cat","embeddable":true,"href":"https:\/\/www.somatechnology.com\/spanish\/wp-json\/wp\/v2\/product_cat?post=3999"},{"taxonomy":"product_tag","embeddable":true,"href":"https:\/\/www.somatechnology.com\/spanish\/wp-json\/wp\/v2\/product_tag?post=3999"}],"curies":[{"name":"wp","href":"https:\/\/api.w.org\/{rel}","templated":true}]}}