{"id":4003,"date":"2016-07-19T21:18:24","date_gmt":"2016-07-19T21:18:24","guid":{"rendered":"http:\/\/equipomedicocentral.com\/wordpress\/product\/getinge-maquet-1130\/"},"modified":"2023-08-23T06:05:55","modified_gmt":"2023-08-23T10:05:55","slug":"getinge-maquet-1130","status":"publish","type":"product","link":"https:\/\/www.somatechnology.com\/spanish\/equipo-medico-usado-remanufacturado\/mesas-de-cirugia\/getinge-maquet-1130\/","title":{"rendered":"Getinge Maquet 1130"},"content":{"rendered":"<h2>Getinge Maquet 1130<\/h2>\n<ul>\n<li>Mesa quir\u00fargica de control remoto secciones superiores de mesa radiotransparente<\/li>\n<li>Posibilidades \u00f3ptimas de radiograf\u00eda e intensificaci\u00f3n de la imagen intraoperatoria<\/li>\n<li>Posicionamiento perfecto del paciente<\/li>\n<li>Acabado en acero inoxidable, resistente a desinfectantes.<\/li>\n<\/ul>\n","protected":false},"excerpt":{"rendered":"<p>Mesa Quir\u00fargica con Control Remoto<\/p>\n","protected":false},"featured_media":5499,"template":"","meta":{"_acf_changed":false,"_relevanssi_hide_post":"","_relevanssi_hide_content":"","_relevanssi_pin_for_all":"","_relevanssi_pin_keywords":"","_relevanssi_unpin_keywords":"","_relevanssi_related_keywords":"","_relevanssi_related_include_ids":"","_relevanssi_related_exclude_ids":"","_relevanssi_related_no_append":"","_relevanssi_related_not_related":"","_relevanssi_related_posts":"","_relevanssi_noindex_reason":"","inline_featured_image":false},"pwb-brand":[1153],"product_brand":[],"product_cat":[72],"product_tag":[5037,5038,5036,5026,5035,2500,6853,6852],"class_list":{"0":"post-4003","1":"product","2":"type-product","3":"status-publish","4":"has-post-thumbnail","6":"pwb-brand-equipo-medico-getinge","7":"product_cat-mesas-de-cirugia","8":"product_tag-getinge-maquet-1130","9":"product_tag-getinge-maquet-1130-mesas-quirurgicas","10":"product_tag-getinge-maquet-mesas-quirurgicas","11":"product_tag-getinge-mesas-quirurgicas","12":"product_tag-maquet-mesas-quirurgicas","13":"product_tag-mesas-quirurgicas","14":"product_tag-mesas-quirurgicas-getinge","15":"product_tag-mesas-quirurgicas-maquet","17":"first","18":"instock","19":"purchasable","20":"product-type-simple"},"acf":[],"brands":[{"id":1153,"name":"Getinge","slug":"equipo-medico-getinge"}],"_links":{"self":[{"href":"https:\/\/www.somatechnology.com\/spanish\/wp-json\/wp\/v2\/product\/4003","targetHints":{"allow":["GET"]}}],"collection":[{"href":"https:\/\/www.somatechnology.com\/spanish\/wp-json\/wp\/v2\/product"}],"about":[{"href":"https:\/\/www.somatechnology.com\/spanish\/wp-json\/wp\/v2\/types\/product"}],"wp:featuredmedia":[{"embeddable":true,"href":"https:\/\/www.somatechnology.com\/spanish\/wp-json\/wp\/v2\/media\/5499"}],"wp:attachment":[{"href":"https:\/\/www.somatechnology.com\/spanish\/wp-json\/wp\/v2\/media?parent=4003"}],"wp:term":[{"taxonomy":"pwb-brand","embeddable":true,"href":"https:\/\/www.somatechnology.com\/spanish\/wp-json\/wp\/v2\/pwb-brand?post=4003"},{"taxonomy":"product_brand","embeddable":true,"href":"https:\/\/www.somatechnology.com\/spanish\/wp-json\/wp\/v2\/product_brand?post=4003"},{"taxonomy":"product_cat","embeddable":true,"href":"https:\/\/www.somatechnology.com\/spanish\/wp-json\/wp\/v2\/product_cat?post=4003"},{"taxonomy":"product_tag","embeddable":true,"href":"https:\/\/www.somatechnology.com\/spanish\/wp-json\/wp\/v2\/product_tag?post=4003"}],"curies":[{"name":"wp","href":"https:\/\/api.w.org\/{rel}","templated":true}]}}