{"id":4006,"date":"2016-07-19T21:18:24","date_gmt":"2016-07-19T21:18:24","guid":{"rendered":"http:\/\/equipomedicocentral.com\/wordpress\/product\/zoll-m-series\/"},"modified":"2025-11-26T15:01:31","modified_gmt":"2025-11-26T20:01:31","slug":"zoll-serie-m","status":"publish","type":"product","link":"https:\/\/www.somatechnology.com\/spanish\/equipo-medico-usado-remanufacturado\/desfibriladores-medicos\/desfibriladores\/zoll-serie-m\/","title":{"rendered":"Zoll M Series"},"content":{"rendered":"<h2>Caracter\u00edsticas del Zoll Serie M<\/h2>\n<p>El <a href=\"https:\/\/www.somatechnology.com\/spanish\/wp-content\/uploads\/sites\/2\/2016\/07\/Zoll-Series-M-spa.pdf\"><strong data-start=\"1229\" data-end=\"1246\">Zoll Serie M<\/strong><\/a> es un desfibrilador compacto que integra desfibrilaci\u00f3n, marcapasos no invasivo, monitoreo del paciente, impresi\u00f3n y registro en un solo dispositivo. Est\u00e1 dise\u00f1ado para su uso en situaciones de reanimaci\u00f3n, tanto en hospitales como en servicios de emergencia m\u00e9dica (EMS). Puede configurarse en modos manual, asesorado o semiautom\u00e1tico. Es compatible con los electrodos CPR-D-pads para utilizar Real CPR Help, que brinda retroalimentaci\u00f3n en tiempo real durante las compresiones. Adem\u00e1s, permite registrar datos en tarjetas PCMCIA para su an\u00e1lisis y archivo.<\/p>\n<ul>\n<li>Capacidad para suministrar 360 julios de energ\u00eda (200 julios en las unidades bif\u00e1sicas).<\/li>\n<li>Puede utilizarse en los modos de desfibrilaci\u00f3n manual y semiautom\u00e1tica.<\/li>\n<li>Monitorizaci\u00f3n de la RCP que proporciona informaci\u00f3n visual y auditiva para mantener las compresiones al ritmo recomendado por la AHA\/ERC.<\/li>\n<li>Estimulaci\u00f3n externa con corriente y pulsos por minuto continuamente variables.<\/li>\n<li>Evoluci\u00f3n de los signos vitales, incluyendo la frecuencia card\u00edaca, la SpO2, el CO2 tidal final, la respiraci\u00f3n y la presi\u00f3n arterial sist\u00f3lica, diast\u00f3lica y media no invasiva.<\/li>\n<li>An\u00e1lisis de ECG de 3, 5 o 12 derivaciones.<\/li>\n<\/ul>\n","protected":false},"excerpt":{"rendered":"<p>El desfibrilador Zoll Serie M combina la monitorizaci\u00f3n avanzada del paciente, la estimulaci\u00f3n no invasiva, la visualizaci\u00f3n del ECG y la desfibrilaci\u00f3n con impresi\u00f3n y grabaci\u00f3n en un solo dispositivo. Este desfibrilador Zoll se puede utilizar en todas las situaciones de reanimaci\u00f3n en un hospital o el uso de EMS. Puede configurarse para funcionar en modo manual, consultivo o semiautom\u00e1tico. El desfibrilador de la serie M de Zoll es compatible con el CPR-D-padz para utilizar la Ayuda Real CPR que proporciona informaci\u00f3n al reanimador durante la RCP. Se pueden instalar tarjetas PCMCIA para registrar el ECG, los datos de voz y otros datos del sistema que se pueden revisar y archivar en un ordenador.<\/p>\n","protected":false},"featured_media":32966,"template":"","meta":{"_acf_changed":false,"_relevanssi_hide_post":"","_relevanssi_hide_content":"","_relevanssi_pin_for_all":"","_relevanssi_pin_keywords":"","_relevanssi_unpin_keywords":"","_relevanssi_related_keywords":"","_relevanssi_related_include_ids":"","_relevanssi_related_exclude_ids":"","_relevanssi_related_no_append":"","_relevanssi_related_not_related":"","_relevanssi_related_posts":"","_relevanssi_noindex_reason":"","inline_featured_image":false},"pwb-brand":[1117],"product_brand":[],"product_cat":[97],"product_tag":[6764,5350,1023,268,1022,1019],"class_list":{"0":"post-4006","1":"product","2":"type-product","3":"status-publish","4":"has-post-thumbnail","6":"pwb-brand-desfibriladores-zoll","7":"product_cat-desfibriladores","8":"product_tag-desfibrilador","9":"product_tag-desfibriladores","10":"product_tag-m-series","11":"product_tag-zoll","12":"product_tag-zoll-m","13":"product_tag-zoll-m-series","15":"first","16":"instock","17":"purchasable","18":"product-type-simple"},"acf":[],"brands":[{"id":1117,"name":"Zoll","slug":"desfibriladores-zoll"}],"_links":{"self":[{"href":"https:\/\/www.somatechnology.com\/spanish\/wp-json\/wp\/v2\/product\/4006","targetHints":{"allow":["GET"]}}],"collection":[{"href":"https:\/\/www.somatechnology.com\/spanish\/wp-json\/wp\/v2\/product"}],"about":[{"href":"https:\/\/www.somatechnology.com\/spanish\/wp-json\/wp\/v2\/types\/product"}],"wp:featuredmedia":[{"embeddable":true,"href":"https:\/\/www.somatechnology.com\/spanish\/wp-json\/wp\/v2\/media\/32966"}],"wp:attachment":[{"href":"https:\/\/www.somatechnology.com\/spanish\/wp-json\/wp\/v2\/media?parent=4006"}],"wp:term":[{"taxonomy":"pwb-brand","embeddable":true,"href":"https:\/\/www.somatechnology.com\/spanish\/wp-json\/wp\/v2\/pwb-brand?post=4006"},{"taxonomy":"product_brand","embeddable":true,"href":"https:\/\/www.somatechnology.com\/spanish\/wp-json\/wp\/v2\/product_brand?post=4006"},{"taxonomy":"product_cat","embeddable":true,"href":"https:\/\/www.somatechnology.com\/spanish\/wp-json\/wp\/v2\/product_cat?post=4006"},{"taxonomy":"product_tag","embeddable":true,"href":"https:\/\/www.somatechnology.com\/spanish\/wp-json\/wp\/v2\/product_tag?post=4006"}],"curies":[{"name":"wp","href":"https:\/\/api.w.org\/{rel}","templated":true}]}}