{"id":4022,"date":"2016-07-19T21:19:04","date_gmt":"2016-07-19T21:19:04","guid":{"rendered":"http:\/\/equipomedicocentral.com\/wordpress\/product\/zeiss-opmi-11-on-s21-stand\/"},"modified":"2025-12-11T05:00:42","modified_gmt":"2025-12-11T10:00:42","slug":"zeiss-opmi-11-on-s21-stand","status":"publish","type":"product","link":"https:\/\/www.somatechnology.com\/spanish\/equipo-medico-usado-remanufacturado\/microscopios-de-cirugia\/zeiss-opmi-11-on-s21-stand\/","title":{"rendered":"Zeiss OPMI-11 on S21 Stand"},"content":{"rendered":"<div class=\"wpb-content-wrapper\"><p>[vc_row][vc_column][vc_column_text css=\u00bb\u00bb]<\/p>\n<h2><strong>Zeiss OPMI-11 on S21 Stand<\/strong><\/h2>\n<p>El OPMI 11 es un gran microscopio para la cirug\u00eda otorrinolaringol\u00f3gica en el quir\u00f3fano. Es capaz de acomodar tubos simples, as\u00ed como procedimientos m\u00e1s avanzados. El Opmi 11 proporciona una ampliaci\u00f3n de 5 pasos, un enfoque preciso, una lente de objetivo de mayor di\u00e1metro y oculares de campo amplio. Esta configuraci\u00f3n ofrece una fuente de luz de fibra \u00f3ptica \u00fanica con un interruptor de mercurio para encendido \/ apagado.<\/p>\n<h3><strong>Caracteristicas:<\/strong><\/h3>\n<ul>\n<li>Ajuste suave del enfoque fino<\/li>\n<li>Iluminaci\u00f3n de fibra \u00f3ptica con interruptor de mercurio<\/li>\n<li>Componentes de metal duraderos<\/li>\n<li>Compatible con todas las monturas<\/li>\n<\/ul>\n<p>[\/vc_column_text][\/vc_column][\/vc_row]<\/p>\n<\/div>","protected":false},"excerpt":{"rendered":"<p>Microscopio Quir\u00fargico<\/p>\n","protected":false},"featured_media":8474,"template":"","meta":{"_acf_changed":false,"_relevanssi_hide_post":"","_relevanssi_hide_content":"","_relevanssi_pin_for_all":"","_relevanssi_pin_keywords":"","_relevanssi_unpin_keywords":"","_relevanssi_related_keywords":"","_relevanssi_related_include_ids":"","_relevanssi_related_exclude_ids":"","_relevanssi_related_no_append":"","_relevanssi_related_not_related":"","_relevanssi_related_posts":"","_relevanssi_noindex_reason":"","inline_featured_image":false},"pwb-brand":[1062],"product_brand":[],"product_cat":[69],"product_tag":[1043,4327,765,851,850,849,852],"class_list":{"0":"post-4022","1":"product","2":"type-product","3":"status-publish","4":"has-post-thumbnail","6":"pwb-brand-zeiss","7":"product_cat-microscopios-de-cirugia","8":"product_tag-microscopio-quirurgico","9":"product_tag-microscopios-de-cirugia-zeiss","10":"product_tag-zeiss-opmi","11":"product_tag-zeiss-opmi-11","12":"product_tag-zeiss-opmi-11-on-s21","13":"product_tag-zeiss-opmi-11-on-s21-stand","14":"product_tag-zeiss-opmi-11-s21-stand","16":"first","17":"instock","18":"purchasable","19":"product-type-simple"},"acf":[],"brands":[{"id":1062,"name":"Zeiss","slug":"zeiss"}],"_links":{"self":[{"href":"https:\/\/www.somatechnology.com\/spanish\/wp-json\/wp\/v2\/product\/4022","targetHints":{"allow":["GET"]}}],"collection":[{"href":"https:\/\/www.somatechnology.com\/spanish\/wp-json\/wp\/v2\/product"}],"about":[{"href":"https:\/\/www.somatechnology.com\/spanish\/wp-json\/wp\/v2\/types\/product"}],"wp:featuredmedia":[{"embeddable":true,"href":"https:\/\/www.somatechnology.com\/spanish\/wp-json\/wp\/v2\/media\/8474"}],"wp:attachment":[{"href":"https:\/\/www.somatechnology.com\/spanish\/wp-json\/wp\/v2\/media?parent=4022"}],"wp:term":[{"taxonomy":"pwb-brand","embeddable":true,"href":"https:\/\/www.somatechnology.com\/spanish\/wp-json\/wp\/v2\/pwb-brand?post=4022"},{"taxonomy":"product_brand","embeddable":true,"href":"https:\/\/www.somatechnology.com\/spanish\/wp-json\/wp\/v2\/product_brand?post=4022"},{"taxonomy":"product_cat","embeddable":true,"href":"https:\/\/www.somatechnology.com\/spanish\/wp-json\/wp\/v2\/product_cat?post=4022"},{"taxonomy":"product_tag","embeddable":true,"href":"https:\/\/www.somatechnology.com\/spanish\/wp-json\/wp\/v2\/product_tag?post=4022"}],"curies":[{"name":"wp","href":"https:\/\/api.w.org\/{rel}","templated":true}]}}