{"id":4023,"date":"2016-07-19T21:19:04","date_gmt":"2016-07-19T21:19:04","guid":{"rendered":"http:\/\/equipomedicocentral.com\/wordpress\/product\/zeiss-neuro-on-nc-stand\/"},"modified":"2025-12-11T04:34:07","modified_gmt":"2025-12-11T09:34:07","slug":"zeiss-neuro-on-nc-stand","status":"publish","type":"product","link":"https:\/\/www.somatechnology.com\/spanish\/equipo-medico-usado-remanufacturado\/microscopios-de-cirugia\/zeiss-neuro-on-nc-stand\/","title":{"rendered":"Zeiss Neuro on NC 4 Stand"},"content":{"rendered":"<div class=\"wpb-content-wrapper\"><p>[vc_row][vc_column][vc_column_text css=\u00bb\u00bb]<\/p>\n<h2><strong>Microscopio Zeiss NC-4 <\/strong><\/h2>\n<p>La \u00f3ptica, la mec\u00e1nica y la electr\u00f3nica se dise\u00f1aron en un paquete completo. Este alcance acomodar\u00e1 la mayor\u00eda de los sistemas de neuro-navegaci\u00f3n. El precursor inmediato del \u00faltimo Opmi Pentero de Zeiss, este fue un est\u00e1ndar de Zeiss durante muchos a\u00f1os. Cuando Zeiss dise\u00f1\u00f3 este sistema, ten\u00edan en mente el equilibrio f\u00e1cil y la integraci\u00f3n perfecta de la \u00f3ptica, la mec\u00e1nica y la electr\u00f3nica.<\/p>\n<h1>Caraster\u00edsticas:<\/h1>\n<ul>\n<li>Equilibrio f\u00e1cil<\/li>\n<li>Brillante, clara \u00f3ptica<\/li>\n<li>Zeiss Opmi Neuro Microscope<\/li>\n<li>Soporte de piso NC-4<\/li>\n<li>300 W de luz de xen\u00f3n con respaldo de hal\u00f3geno<\/li>\n<li>Cable de fibra \u00f3ptica<\/li>\n<li>Distancia Focal Motorizada Variable<\/li>\n<li>2 prism\u00e1ticos inclinables de 0-180 grados<\/li>\n<li>Puente cara a cara<\/li>\n<\/ul>\n<p>[\/vc_column_text][\/vc_column][\/vc_row]<\/p>\n<\/div>","protected":false},"excerpt":{"rendered":"<p>Microscopio Quir\u00fargico<\/p>\n","protected":false},"featured_media":8411,"template":"","meta":{"_acf_changed":false,"_relevanssi_hide_post":"","_relevanssi_hide_content":"","_relevanssi_pin_for_all":"","_relevanssi_pin_keywords":"","_relevanssi_unpin_keywords":"","_relevanssi_related_keywords":"","_relevanssi_related_include_ids":"","_relevanssi_related_exclude_ids":"","_relevanssi_related_no_append":"","_relevanssi_related_not_related":"","_relevanssi_related_posts":"","_relevanssi_noindex_reason":"","inline_featured_image":false},"pwb-brand":[1062],"product_brand":[],"product_cat":[69],"product_tag":[1043,4327,886,884,767,883,885,882,881,880],"class_list":{"0":"post-4023","1":"product","2":"type-product","3":"status-publish","4":"has-post-thumbnail","6":"pwb-brand-zeiss","7":"product_cat-microscopios-de-cirugia","8":"product_tag-microscopio-quirurgico","9":"product_tag-microscopios-de-cirugia-zeiss","10":"product_tag-neuro","11":"product_tag-neuro-nc-4","12":"product_tag-zeiss","13":"product_tag-zeiss-nc-4","14":"product_tag-zeiss-neuro","15":"product_tag-zeiss-neuro-nc-4","16":"product_tag-zeiss-neuro-on-nc-4","17":"product_tag-zeiss-neuro-on-nc-4-stand","19":"first","20":"instock","21":"purchasable","22":"product-type-simple"},"acf":[],"brands":[{"id":1062,"name":"Zeiss","slug":"zeiss"}],"_links":{"self":[{"href":"https:\/\/www.somatechnology.com\/spanish\/wp-json\/wp\/v2\/product\/4023","targetHints":{"allow":["GET"]}}],"collection":[{"href":"https:\/\/www.somatechnology.com\/spanish\/wp-json\/wp\/v2\/product"}],"about":[{"href":"https:\/\/www.somatechnology.com\/spanish\/wp-json\/wp\/v2\/types\/product"}],"wp:featuredmedia":[{"embeddable":true,"href":"https:\/\/www.somatechnology.com\/spanish\/wp-json\/wp\/v2\/media\/8411"}],"wp:attachment":[{"href":"https:\/\/www.somatechnology.com\/spanish\/wp-json\/wp\/v2\/media?parent=4023"}],"wp:term":[{"taxonomy":"pwb-brand","embeddable":true,"href":"https:\/\/www.somatechnology.com\/spanish\/wp-json\/wp\/v2\/pwb-brand?post=4023"},{"taxonomy":"product_brand","embeddable":true,"href":"https:\/\/www.somatechnology.com\/spanish\/wp-json\/wp\/v2\/product_brand?post=4023"},{"taxonomy":"product_cat","embeddable":true,"href":"https:\/\/www.somatechnology.com\/spanish\/wp-json\/wp\/v2\/product_cat?post=4023"},{"taxonomy":"product_tag","embeddable":true,"href":"https:\/\/www.somatechnology.com\/spanish\/wp-json\/wp\/v2\/product_tag?post=4023"}],"curies":[{"name":"wp","href":"https:\/\/api.w.org\/{rel}","templated":true}]}}