{"id":4032,"date":"2016-07-19T21:19:04","date_gmt":"2016-07-19T21:19:04","guid":{"rendered":"http:\/\/equipomedicocentral.com\/wordpress\/product\/physio-control-lifepak-11\/"},"modified":"2023-08-23T06:06:30","modified_gmt":"2023-08-23T10:06:30","slug":"physio-control-lifepak-11","status":"publish","type":"product","link":"https:\/\/www.somatechnology.com\/spanish\/equipo-medico-usado-remanufacturado\/desfibriladores-medicos\/desfibriladores\/physio-control-lifepak-11\/","title":{"rendered":"Physio Control Lifepak 11"},"content":{"rendered":"<h2>Caracter\u00edsticas Physio-Control Lifepak 11<\/h2>\n<p>El<strong> Physio-Control Lifepak 11<\/strong> es un monitor del transporte\/defibrillator\/Pacer con 12 plomos ECG y el registrador. El Lifepak 11 capta simult\u00e1neamente los 12 conductores y se puede transmitir a trav\u00e9s de un m\u00f3dem interno para recibir el hospital. Puede tambi\u00e9n supervisar usando el cable de 3 plomos solamente. El Lifepak 11 defibrillates usando el cable Quik-Combo desfibrilador\/marcapasos o las paletas opcionales.<\/p>\n<ul>\n<li>Monitor\/defibrillator\/registrador de 12 derivaciones con Quik-Combo \u00ae<\/li>\n<li>Estimulaci\u00f3n opcional<\/li>\n<li>Operaci\u00f3n f\u00e1cil, diagn\u00f3stico avanzado, documentaci\u00f3n comprensiva, campo probado y dirigido, compatibilidad.<\/li>\n<\/ul>\n<h2>Especificaciones Physio-Control Lifepak 11<\/h2>\n<h3>Dimensiones<\/h3>\n<ul>\n<li>Altura: 10.2 cm (4.0 pulg.)<\/li>\n<li>Ancho: 23.6 cm (9.3 in)<\/li>\n<li>Profundidad: 33.8 cm (13.3 pulg.)<\/li>\n<li>Peso: 4,1 kilogramos (9.25 IBS) sin la bater\u00eda u otros accesorios.<\/li>\n<\/ul>\n<h3>Fuente de Alimentacion<\/h3>\n<ul>\n<li>Consumo de energ\u00eda: 4,5 vatios (modo de ralent\u00ed). pico de 120 vatios (carga del defibrillator).<\/li>\n<li>Opciones de entrada de CA: 11,5 vatios (estimulaci\u00f3n a 170ppm, 200 mA).\u00a0 Compatible con la fuente de alimentaci\u00f3n auxiliar de Physio-control AC. 1<\/li>\n<li>Bater\u00eda: una bater\u00eda FASTPAK de n\u00edquel-cadmio.<\/li>\n<li>Tiempo de funcionamiento del bateador: una nueva bater\u00eda completamente cargada proporciona lo siguiente antes de apagarse:<\/li>\n<li>Por lo menos descargas de 25 360-julios.<\/li>\n<li>60 minutos de estimulaci\u00f3n al ritmo m\u00e1ximo.<\/li>\n<li>Indicador de bater\u00eda baja: indicador de bateo bajo intermitente en el panel frontal del instrumento.<\/li>\n<li>Indicador de servicio: indicador de servicio intermitente en el panel frontal del instrumento.<\/li>\n<\/ul>\n<h3>Marcapaso<\/h3>\n<ul>\n<li>Corriente: 1 O a 200 mA, seleccionada en los pasos 20mA y 5mA. Exacto al + 5% o + 5mA de la corriente elegida (cualquiera que sea mayor) para una carga nominal de 700 ohmios en paralelo con 3 \u00b5f<\/li>\n<li>Pulsos por minuto: 40 a 170PPM<\/li>\n<\/ul>\n<h3>Desfibrilaci\u00f3n<\/h3>\n<ul>\n<li>Ajustes de energ\u00eda: est\u00e1ndar-paletas; 0, 5, 10, 20, 50, 100, 200, 300 y 360 julios *.<\/li>\n<li>OUIK-Combo; 0, 2, 3, 4, 5, 6, 7, 8, 9, 10, 20, 30, 50.100, 200.300 y 360 julios tiempo de carga: * exacto a 10% o 1 julio, lo que sea mayor. Carga a 360 julios en menos de 10 segundos.<\/li>\n<li>S\u00edncrono: menos de 25ms de la indicaci\u00f3n de la sincronizaci\u00f3n a la descarga m\u00e1xima (monitor cardiaco de diagn\u00f3stico de Lifepak 11 requerido).<\/li>\n<li>Forma de onda: Edmark. Satisface requisitos del est\u00e1ndar del defibrillator de AAMI DF2-1989.<\/li>\n<li>Polaridad: \u00e1pice o anterior (+), estern\u00f3n o posterior (-).<\/li>\n<\/ul>\n<h3>Informacion de funcionamiento<\/h3>\n<ul>\n<li>Temperatura de funcionamiento: \u2013 10 a + 55 \u00b0 c (+ 14 a + 131 \u00b0 f) operaci\u00f3n por debajo de 0 \u00b0 c<\/li>\n<li>(+ 32 \u00b0 f) asume que la unidad ha sido almacenada (2 horas como m\u00ednimo) a + 20 \u00b0 c (+ 68 \u00b0 f) o mayor antes del uso t\u00edpico de CLINI-cal.<\/li>\n<li>Temperatura de almacenaje: 20 a + 60 \u00b0 c (-4 a + 140F).<\/li>\n<li>Presi\u00f3n atmosf\u00e9rica: 797 a 439mmHg (-570 a + 15000ft).<\/li>\n<li>Humedad relativa: 0 a 95% (sin condensaci\u00f3n).<\/li>\n<li>Resistencia de agua: IPX4 (Splash-proof) por IEC 529.<\/li>\n<\/ul>\n<p>&nbsp;<\/p>\n","protected":false},"excerpt":{"rendered":"<p>Desfibrilador<\/p>\n","protected":false},"featured_media":12541,"template":"","meta":{"_acf_changed":false,"_relevanssi_hide_post":"","_relevanssi_hide_content":"","_relevanssi_pin_for_all":"","_relevanssi_pin_keywords":"","_relevanssi_unpin_keywords":"","_relevanssi_related_keywords":"","_relevanssi_related_include_ids":"","_relevanssi_related_exclude_ids":"","_relevanssi_related_no_append":"","_relevanssi_related_not_related":"","_relevanssi_related_posts":"","_relevanssi_noindex_reason":"","inline_featured_image":false},"pwb-brand":[1118],"product_brand":[],"product_cat":[97,4765],"product_tag":[5350,5376,5377,5380,606,5361,5379,5378],"class_list":{"0":"post-4032","1":"product","2":"type-product","3":"status-publish","4":"has-post-thumbnail","6":"pwb-brand-desfibriladores-physio-control","7":"product_cat-desfibriladores","8":"product_cat-desfibriladores-portatiles","9":"product_tag-desfibriladores","10":"product_tag-desfibriladores-lifepak-11","11":"product_tag-lifepak-11","12":"product_tag-lifepak-11-desfibriladores","13":"product_tag-physio-control","14":"product_tag-physio-control-desfibriladores","15":"product_tag-physio-contril-lifepak-11-desfibriladores","16":"product_tag-physio-control-lifepak-11","18":"first","19":"instock","20":"purchasable","21":"product-type-simple"},"acf":[],"brands":[{"id":1118,"name":"Physio Control","slug":"desfibriladores-physio-control"}],"_links":{"self":[{"href":"https:\/\/www.somatechnology.com\/spanish\/wp-json\/wp\/v2\/product\/4032","targetHints":{"allow":["GET"]}}],"collection":[{"href":"https:\/\/www.somatechnology.com\/spanish\/wp-json\/wp\/v2\/product"}],"about":[{"href":"https:\/\/www.somatechnology.com\/spanish\/wp-json\/wp\/v2\/types\/product"}],"wp:featuredmedia":[{"embeddable":true,"href":"https:\/\/www.somatechnology.com\/spanish\/wp-json\/wp\/v2\/media\/12541"}],"wp:attachment":[{"href":"https:\/\/www.somatechnology.com\/spanish\/wp-json\/wp\/v2\/media?parent=4032"}],"wp:term":[{"taxonomy":"pwb-brand","embeddable":true,"href":"https:\/\/www.somatechnology.com\/spanish\/wp-json\/wp\/v2\/pwb-brand?post=4032"},{"taxonomy":"product_brand","embeddable":true,"href":"https:\/\/www.somatechnology.com\/spanish\/wp-json\/wp\/v2\/product_brand?post=4032"},{"taxonomy":"product_cat","embeddable":true,"href":"https:\/\/www.somatechnology.com\/spanish\/wp-json\/wp\/v2\/product_cat?post=4032"},{"taxonomy":"product_tag","embeddable":true,"href":"https:\/\/www.somatechnology.com\/spanish\/wp-json\/wp\/v2\/product_tag?post=4032"}],"curies":[{"name":"wp","href":"https:\/\/api.w.org\/{rel}","templated":true}]}}