{"id":4034,"date":"2016-07-19T21:19:04","date_gmt":"2016-07-19T21:19:04","guid":{"rendered":"http:\/\/equipomedicocentral.com\/wordpress\/product\/philips-agilent-heartstart-m4735a\/"},"modified":"2025-12-11T02:00:27","modified_gmt":"2025-12-11T07:00:27","slug":"philips-agilent-heartstart-m4735a","status":"publish","type":"product","link":"https:\/\/www.somatechnology.com\/spanish\/equipo-medico-usado-remanufacturado\/desfibriladores-medicos\/desfibriladores\/philips-agilent-heartstart-m4735a\/","title":{"rendered":"Philips  HeartStart XL M4735A"},"content":{"rendered":"<div class=\"wpb-content-wrapper\"><p>[vc_row][vc_column][vc_column_text css=\u00bb\u00bb]<\/p>\n<h2>Philips Heartstart XL<\/h2>\n<p>El desfibrilador \/ monitor HeartStart XL de Philips, que pesa apenas menos de 14 libras, se transporta f\u00e1cilmente por todo el hospital hasta el sitio donde se necesita atenci\u00f3n card\u00edaca. El Heartstart XL es una combinaci\u00f3n de dispositivo manual con capacidades de desfibrilador externo autom\u00e1tico. El HeartStart XL permite que el primer cuidador en escena entregue una terapia de desfibrilaci\u00f3n que salva vidas, ya sea un m\u00e9dico de ALS o BLS.<\/p>\n<p>En el modo DEA, las indicaciones de voz y los mensajes de texto gu\u00edan a los usuarios de BLS a trav\u00e9s del proceso de desfibrilaci\u00f3n, mientras que HeartStart XL monitorea y muestra continuamente el ECG del paciente. Cuando llega el personal ALS, HeartStart XL cambia f\u00e1cilmente de AED a modo manual, lo que permite a los operadores acceder a las funciones terap\u00e9uticas avanzadas de la unidad, como energ\u00eda seleccionable (de 2 a 200 Joules), estimulaci\u00f3n no invasiva (opcional), SpO2 (opcional ) y cardioversi\u00f3n sincronizada.<\/p>\n<h3><strong>Cardioversi\u00f3n sincronizada<\/strong><\/h3>\n<ul>\n<li>La forma de onda SMART Bif\u00e1sica de Philips ha sido sometida a pruebas cl\u00ednicas, demostrando su efectividad para la cardioversi\u00f3n de la fibrilaci\u00f3n auricular..<\/li>\n<\/ul>\n<h3><strong>Facil de Usar<\/strong><\/h3>\n<ul>\n<li>Operaci\u00f3n 1-2-3: la operaci\u00f3n True 1-2-3 hace que la desfibrilaci\u00f3n sea intuitiva para todos los usuarios.<\/li>\n<li>Modo AED: las indicaciones por voz y texto gu\u00edan a los usuarios a trav\u00e9s del proceso de desfibrilaci\u00f3n. Nivel de energ\u00eda predeterminado de 150 Joules.<\/li>\n<li>Paletas (opcional): las paletas para adultos anterior \/ anterior se convierten en pedi\u00e1tricas quitando los contactos externos.<\/li>\n<li>Almohadillas desfibriladoras multifunci\u00f3n: almohadillas pedi\u00e1tricas y para adultos, para desfibrilaci\u00f3n, monitorizaci\u00f3n de ECG, estimulaci\u00f3n y cardioversi\u00f3n sincronizada.<\/li>\n<li>Paletas internas esterilizables: las paletas internas sin interruptor y sin interruptor est\u00e1n dise\u00f1adas para la desfibrilaci\u00f3n de t\u00f3rax abierta en la sala de operaciones.<\/li>\n<\/ul>\n<h3><strong>Ligero, compacto y duradero<\/strong><\/h3>\n<ul>\n<li>Agarrar y llevar: menos de 14 libras. (6.35kg)<\/li>\n<li>Compacto: se adapta f\u00e1cilmente a una camilla de hospital est\u00e1ndar.<\/li>\n<li>Resistente: soporta los rigores del uso hospitalario y el transporte de pacientes.<\/li>\n<\/ul>\n<h3><strong>Opciones<\/strong><\/h3>\n<ul>\n<li>Paletas para adultos con indicadores de contacto del paciente con paleta. (PCI)<\/li>\n<li>Paletas pedi\u00e1tricas debajo.<\/li>\n<li>Oximetr\u00eda de pulso de SpO2 con alarmas.<\/li>\n<li>Estimulaci\u00f3n no invasiva.<\/li>\n<li>ECG de 5 derivaciones.<\/li>\n<\/ul>\n<h3>Informaci\u00f3n General<\/h3>\n<ul>\n<li>Cable de terapia multifunci\u00f3n.<\/li>\n<li>Monitoreo de ECG de 3 derivaciones con almohadillas o electrodos de monitoreo incluidos.<\/li>\n<li>L\u00edmites y alarmas seleccionables.<\/li>\n<li>Pantalla de cristal l\u00edquido.<\/li>\n<li>Impresora de carta de 50 mm con 2 rollos de papel.<\/li>\n<li>Almacenamiento de datos \/ resumen de eventos.<\/li>\n<li>Bater\u00eda SLA con m\u00f3dulo de alimentaci\u00f3n CA y carga de prueba.<\/li>\n<li>Forma de onda Bif\u00e1sica SMART para desfibrilaci\u00f3n.<\/li>\n<\/ul>\n<div id=\"mttContainer\" class=\"notranslate\" style=\"transform: translate(155px, 97px);\" aria-expanded=\"false\">\n<div id=\"tippy-1\" style=\"z-index: 100000200; visibility: hidden; position: absolute; inset: auto auto 0px 0px; margin: 0px; transform: translate3d(399.333px, -20px, 0px);\" data-tippy-root=\"\">\n<div class=\"tippy-box\" style=\"max-width: 350px; transition-duration: 250ms;\" tabindex=\"-1\" role=\"mtttooltip\" data-state=\"hidden\" data-theme=\"custom\" data-animation=\"fade\" data-placement=\"top\">\n<div class=\"tippy-content\" style=\"transition-duration: 250ms;\" data-state=\"hidden\"><span dir=\"ltr\">The Philips HeartStart XL defibrillator\/monitor, which weighs just under 14 pounds, is easily transported throughout the hospital to the site where cardiac care is needed.<\/span><\/div>\n<div class=\"tippy-arrow\" style=\"position: absolute; left: 0px; transform: translate3d(92px, 0px, 0px);\"><\/div>\n<\/div>\n<\/div>\n<\/div>\n<p>[\/vc_column_text][\/vc_column][\/vc_row]<\/p>\n<\/div>","protected":false},"excerpt":{"rendered":"<p>Desfibrilador<\/p>\n","protected":false},"featured_media":20227,"template":"","meta":{"_acf_changed":false,"_relevanssi_hide_post":"","_relevanssi_hide_content":"","_relevanssi_pin_for_all":"","_relevanssi_pin_keywords":"","_relevanssi_unpin_keywords":"","_relevanssi_related_keywords":"","_relevanssi_related_include_ids":"","_relevanssi_related_exclude_ids":"","_relevanssi_related_no_append":"","_relevanssi_related_not_related":"","_relevanssi_related_posts":"","_relevanssi_noindex_reason":"","inline_featured_image":false},"pwb-brand":[1102],"product_brand":[],"product_cat":[97,4765],"product_tag":[264,712,714,273,265,711,713],"class_list":{"0":"post-4034","1":"product","2":"type-product","3":"status-publish","4":"has-post-thumbnail","6":"pwb-brand-equipo-medico-philips","7":"product_cat-desfibriladores","8":"product_cat-desfibriladores-portatiles","9":"product_tag-heartstart","10":"product_tag-heartstart-xl","11":"product_tag-m4735a","12":"product_tag-philips","13":"product_tag-philips-heartstart","14":"product_tag-philips-heartstart-xl","15":"product_tag-philips-heartstart-xl-m4735a","17":"first","18":"instock","19":"purchasable","20":"product-type-simple"},"acf":[],"brands":[{"id":1102,"name":"Philips","slug":"equipo-medico-philips"}],"_links":{"self":[{"href":"https:\/\/www.somatechnology.com\/spanish\/wp-json\/wp\/v2\/product\/4034","targetHints":{"allow":["GET"]}}],"collection":[{"href":"https:\/\/www.somatechnology.com\/spanish\/wp-json\/wp\/v2\/product"}],"about":[{"href":"https:\/\/www.somatechnology.com\/spanish\/wp-json\/wp\/v2\/types\/product"}],"wp:featuredmedia":[{"embeddable":true,"href":"https:\/\/www.somatechnology.com\/spanish\/wp-json\/wp\/v2\/media\/20227"}],"wp:attachment":[{"href":"https:\/\/www.somatechnology.com\/spanish\/wp-json\/wp\/v2\/media?parent=4034"}],"wp:term":[{"taxonomy":"pwb-brand","embeddable":true,"href":"https:\/\/www.somatechnology.com\/spanish\/wp-json\/wp\/v2\/pwb-brand?post=4034"},{"taxonomy":"product_brand","embeddable":true,"href":"https:\/\/www.somatechnology.com\/spanish\/wp-json\/wp\/v2\/product_brand?post=4034"},{"taxonomy":"product_cat","embeddable":true,"href":"https:\/\/www.somatechnology.com\/spanish\/wp-json\/wp\/v2\/product_cat?post=4034"},{"taxonomy":"product_tag","embeddable":true,"href":"https:\/\/www.somatechnology.com\/spanish\/wp-json\/wp\/v2\/product_tag?post=4034"}],"curies":[{"name":"wp","href":"https:\/\/api.w.org\/{rel}","templated":true}]}}