{"id":4036,"date":"2016-07-19T21:19:04","date_gmt":"2016-07-19T21:19:04","guid":{"rendered":"http:\/\/equipomedicocentral.com\/wordpress\/product\/physio-control-battery-support-system-2-bss2\/"},"modified":"2023-08-23T06:06:32","modified_gmt":"2023-08-23T10:06:32","slug":"physio-control-battery-support-system-2-bss2","status":"publish","type":"product","link":"https:\/\/www.somatechnology.com\/spanish\/equipo-medico-usado-remanufacturado\/desfibriladores-medicos\/desfibriladores\/physio-control-battery-support-system-2-bss2\/","title":{"rendered":"Physio Control Battery Support System 2 (BSS2)"},"content":{"rendered":"<h2>Physio Control Battery Support System 2<\/h2>\n<p>Caracter\u00edsticas El Sistema de <strong>Soporte de Bater\u00eda II de Physio Control<\/strong> aumenta significativamente el rendimiento de la bater\u00eda para todas las unidades de desfibriladores LifePak que usan la bater\u00eda FastPak o Bater\u00edas SLA de Medtronic Physio-Control. Para los desfibriladores de transporte LifePak 12, LifePak 11 y LifePak 10.<\/p>\n<p>El dise\u00f1o innovador de la plataforma brinda facilidad de uso y flexibilidad para agregar nuevas caracter\u00edsticas y mejoras para admitir futuras tecnolog\u00edas de bater\u00edas. El indicador de combustible con bot\u00f3n en las bater\u00edas FASTPAK 2 y LIFEPAK NiCd proporciona una verificaci\u00f3n r\u00e1pida y f\u00e1cil de la capacidad de la bater\u00eda. La bater\u00eda LIFEPAK NiCd de alta capacidad lo hace ideal para usar con monitoreo de m\u00faltiples par\u00e1metros. Adem\u00e1s, LIFEPAK NiCd activa los s\u00edmbolos de capacidad de la bater\u00eda en la pantalla del dispositivo LIFEPAK 12 para proporcionar una indicaci\u00f3n clara de su nivel de carga. La bater\u00eda LIFEPAK SLA es adecuada para entornos de bajo uso.<\/p>\n<h3>Informaci\u00f3n General<\/h3>\n<ul>\n<li>Dimensiones: 31.5 x 37.6 x 9.7 cm (12.4 x 14.8 x 3.8 in)<\/li>\n<li>Peso: &lt;8.2 kg (18 lbs) (sin incluir las bater\u00edas)<\/li>\n<li>Cantidad de Pozos de Bater\u00edas: 3<\/li>\n<li>Capacidad de carga, acondicionamiento y prueba de vida \u00fatil en todos los pozos de bater\u00eda. Requerimientos de energ\u00eda:<\/li>\n<li>Comercial: 100\/120\/220\/240 V AC \u00b1 10%, 50\/60 \u00b1 3 Hz<\/li>\n<li>Militar: 100\/120\/220\/240 V CA \u00b1 10%, 50\/60 \u00b1 3 Hz, 400Hz +\/- 7Hz<\/li>\n<li>Fusibles: dos fusibles en el m\u00f3dulo de entrada de alimentaci\u00f3n (5 x 20 mm F 1A 250 V, capacidad de interrupci\u00f3n baja o alta) seg\u00fan IEC 127-2, hoja 1 o 2, como Bussman GDA o GDB, Littelfuse 216 o Schurter SP o SFS<\/li>\n<\/ul>\n<h3>Especificaciones ambientales<\/h3>\n<ul>\n<li>\u2022 No protegido contra el ingreso de fluidos. Solamente para uso en interiores<\/li>\n<li>\u2022 Altitud, en funcionamiento: a 4.572 m (15,000 pies)<\/li>\n<li>\u2022 Altitud, no operativa: a 5.500 m (18.045 pies)<\/li>\n<li>\u2022 Humedad: del 5 al 95%<\/li>\n<li>\u2022 Temperatura, funcionamiento:\n<ul>\n<li>5 \u00b0 a 45 \u00b0 C (41 \u00b0 a 95 \u00b0 F) (comercial)<\/li>\n<li>0 \u00b0 a 50 \u00b0 C (32 \u00b0 a 122 \u00b0 F) (Ej\u00e9rcito de los EE. UU.)<\/li>\n<\/ul>\n<\/li>\n<li>\u2022 Temperatura, almacenamiento:\n<ul>\n<li>-40 \u00b0 a 70 \u00b0 C (-40 \u00b0 a 158 \u00b0 F) (comercial)<\/li>\n<li>-46 \u00b0 a 71 \u00b0 C (-51 \u00b0 a 160 \u00b0 F) (Ej\u00e9rcito de EE. UU.)<\/li>\n<\/ul>\n<\/li>\n<li>\u2022 Vibraci\u00f3n:\n<ul>\n<li>IEC 68-2-6 (comercial)<\/li>\n<li>MIL-STD-810E, M\u00e9todo 514.4 Categor\u00eda 4, 6, 8 (Ej\u00e9rcito de EE. UU.)<\/li>\n<\/ul>\n<\/li>\n<\/ul>\n","protected":false},"excerpt":{"rendered":"<p>Desfibriladores<\/p>\n","protected":false},"featured_media":23065,"template":"","meta":{"_acf_changed":false,"_relevanssi_hide_post":"","_relevanssi_hide_content":"","_relevanssi_pin_for_all":"","_relevanssi_pin_keywords":"","_relevanssi_unpin_keywords":"","_relevanssi_related_keywords":"","_relevanssi_related_include_ids":"","_relevanssi_related_exclude_ids":"","_relevanssi_related_no_append":"","_relevanssi_related_not_related":"","_relevanssi_related_posts":"","_relevanssi_noindex_reason":"","inline_featured_image":false},"pwb-brand":[1118],"product_brand":[],"product_cat":[97,4765],"product_tag":[606,705,704,703,702,706,707],"class_list":{"0":"post-4036","1":"product","2":"type-product","3":"status-publish","4":"has-post-thumbnail","6":"pwb-brand-desfibriladores-physio-control","7":"product_cat-desfibriladores","8":"product_cat-desfibriladores-portatiles","9":"product_tag-physio-control","10":"product_tag-physio-control-battery","11":"product_tag-physio-control-battery-support","12":"product_tag-physio-control-battery-support-system","13":"product_tag-physio-control-battery-support-system-2","14":"product_tag-physio-control-battery-system-2","15":"product_tag-physio-control-system-2","17":"first","18":"instock","19":"purchasable","20":"product-type-simple"},"acf":[],"brands":[{"id":1118,"name":"Physio Control","slug":"desfibriladores-physio-control"}],"_links":{"self":[{"href":"https:\/\/www.somatechnology.com\/spanish\/wp-json\/wp\/v2\/product\/4036","targetHints":{"allow":["GET"]}}],"collection":[{"href":"https:\/\/www.somatechnology.com\/spanish\/wp-json\/wp\/v2\/product"}],"about":[{"href":"https:\/\/www.somatechnology.com\/spanish\/wp-json\/wp\/v2\/types\/product"}],"wp:featuredmedia":[{"embeddable":true,"href":"https:\/\/www.somatechnology.com\/spanish\/wp-json\/wp\/v2\/media\/23065"}],"wp:attachment":[{"href":"https:\/\/www.somatechnology.com\/spanish\/wp-json\/wp\/v2\/media?parent=4036"}],"wp:term":[{"taxonomy":"pwb-brand","embeddable":true,"href":"https:\/\/www.somatechnology.com\/spanish\/wp-json\/wp\/v2\/pwb-brand?post=4036"},{"taxonomy":"product_brand","embeddable":true,"href":"https:\/\/www.somatechnology.com\/spanish\/wp-json\/wp\/v2\/product_brand?post=4036"},{"taxonomy":"product_cat","embeddable":true,"href":"https:\/\/www.somatechnology.com\/spanish\/wp-json\/wp\/v2\/product_cat?post=4036"},{"taxonomy":"product_tag","embeddable":true,"href":"https:\/\/www.somatechnology.com\/spanish\/wp-json\/wp\/v2\/product_tag?post=4036"}],"curies":[{"name":"wp","href":"https:\/\/api.w.org\/{rel}","templated":true}]}}