{"id":4037,"date":"2016-07-19T21:19:04","date_gmt":"2016-07-19T21:19:04","guid":{"rendered":"http:\/\/equipomedicocentral.com\/wordpress\/product\/erbe-icc-350\/"},"modified":"2023-08-23T06:06:32","modified_gmt":"2023-08-23T10:06:32","slug":"erbe-icc-350","status":"publish","type":"product","link":"https:\/\/www.somatechnology.com\/spanish\/equipo-medico-usado-remanufacturado\/unidades-electroquirurgicas-electrobisturis\/erbe-icc-350\/","title":{"rendered":"ERBE ICC 350"},"content":{"rendered":"<h2>Caracter\u00edsticas de Erbe ERBOTOM ICC 350<\/h2>\n<p>El <strong>ERBE ERBOTOM ICC 350<\/strong> encabeza la familia de unidades de ERBE para la cirug\u00eda de HF. Le han dado una funcionalidad \u00fanica para uso general, con las caracter\u00edsticas y habilidades desarrolladas en estrecha colaboraci\u00f3n con los principales cirujanos de muchas disciplinas m\u00e9dicas diferentes.<\/p>\n<p>El ICC 350 ha recibido atenci\u00f3n y reconocimiento mundial; es un paso adelante de los m\u00e9todos quir\u00fargicos convencionales y abre el camino para los nuevos.<\/p>\n<ul>\n<li>Cirug\u00eda general<\/li>\n<li>Dermatolog\u00eda<\/li>\n<li>Endoscopia<\/li>\n<li>Gastroenterolog\u00eda<\/li>\n<li>Cirug\u00eda vascular<\/li>\n<li>Ginecolog\u00eda<\/li>\n<li>Neurocirug\u00eda<\/li>\n<li>Cirugia plastica<\/li>\n<li>Cirug\u00eda bucal<\/li>\n<\/ul>\n<h2>Especificaciones de Erbe ERBOTOM ICC 350<\/h2>\n<h3>Dimensiones<\/h3>\n<ul>\n<li>Dimensiones (W x H x D): 410 \u00d7 152 \u00d7 368 mil\u00edmetro<\/li>\n<li>Peso: 10.0 kg<\/li>\n<\/ul>\n<h3>Fuente de Energ\u00eda<\/h3>\n<ul>\n<li>Voltaje de energ\u00eda clasificado: 240V\/230V\/115V\/110V\/100V \u00b1 10%<\/li>\n<li>Frecuencia clasificada de la energ\u00eda: 50\/60 hertzio<\/li>\n<li>Corriente de energ\u00eda: 4,0 a en 230-240 v\/8.0 a en 100-115 v<\/li>\n<li>Consumo de energ\u00eda en modo de espera: 25 vatios<\/li>\n<li>Consumo de energ\u00eda en Max. Energ\u00eda del HF: 620 vatios 920 va<\/li>\n<li>Consumici\u00f3n actual en modo espera: 150 mA en 230-240V\/300 mA en 100-115 V<\/li>\n<li>Terminal de ecualizaci\u00f3n potencial: s\u00ed<\/li>\n<li>Fusibles de la energ\u00eda: 2 quemadura lenta, 4 a en 230-240 v\/8 a en 100-115 v<\/li>\n<\/ul>\n<h3>Corte<\/h3>\n<ul>\n<li>Ajuste de la energ\u00eda del HF: con arriba\/abajo las llaves del incremento<\/li>\n<li>Una forma de voltaje del HF: seno-formado<\/li>\n<li>La frecuencia nominal del voltaje del HF: 330 kilociclos<\/li>\n<li>Calidad del corte: 4 efectos de la coagulaci\u00f3n, seleccionables por la llave<\/li>\n<li>La constancia de los efectos de la coagulaci\u00f3n: regulado autom\u00e1ticamente<\/li>\n<li>Ayuda para la incisi\u00f3n y el corte iniciales: PPS, PowerPeakSystem<\/li>\n<li>Corte auto monopolar: con control de voltaje autom\u00e1tico<\/li>\n<li>Alto corte monopolar: con control autom\u00e1tico del arco<\/li>\n<li>Salida nominal HF: 300 vatios a 500 ohmios<\/li>\n<li>Energ\u00eda m\u00e1xima del HF con PPS: 400 vatios en 500 ohmios<\/li>\n<li>Corte monopolar Endo: 200 vatios en Max 200 ohmios<\/li>\n<li>Corte auto bipolar: con control de voltaje autom\u00e1tico<\/li>\n<li>Salida nominal HF: 100 vatios a 500 ohmios<\/li>\n<\/ul>\n<h3>Coagulaci\u00f3n<\/h3>\n<ul>\n<li>Ajuste de la energ\u00eda del HF: con arriba\/abajo las llaves del incremento<\/li>\n<\/ul>\n<h3>Suave coagulaci\u00f3n monopolar<\/h3>\n<ul>\n<li>Forma de la corriente del HF: seno-formado<\/li>\n<li>Frecuencia nominal del voltaje del HF: 300 kilociclos<\/li>\n<li>Salida nominal HF: 120 vatios a 125 ohmios<\/li>\n<li>Final de la coagulaci\u00f3n: con el pedal o la parada auto<\/li>\n<\/ul>\n<h3>Coagulaci\u00f3n monopolar forzada<\/h3>\n<ul>\n<li>Forma de la corriente del HF: pulso-modulado<\/li>\n<li>Frecuencia nominal del voltaje del HF: 1 megaciclo<\/li>\n<li>HF nominal de salida: 120 ATTS a 350 ohmios<\/li>\n<\/ul>\n<h3>Coagulaci\u00f3n monopolar del aerosol<\/h3>\n<ul>\n<li>Forma de la corriente del HF: pulso-modulado<\/li>\n<li>Frecuencia nominal del voltaje del HF: 1 megaciclo<\/li>\n<li>Salida nominal HF: 120 vatios a 500 ohmios<\/li>\n<\/ul>\n<h3>Coagulaci\u00f3n Biopolar<\/h3>\n<ul>\n<li>Forma de la corriente del HF: seno-formado<\/li>\n<li>Frecuencia nominal del voltaje del HF: 330 kilociclos<\/li>\n<li>Salida nominal HF: 120 vatios a 125 ohmios<\/li>\n<li>Comienzo de la coagulaci\u00f3n: por el pedal del pie o el comienzo auto<\/li>\n<li>Final de la coagulaci\u00f3n: por el pedal o la parada auto del pie<\/li>\n<\/ul>\n<h3>Precauciones de seguridad<\/h3>\n<ul>\n<li>Clase de seguridad: I, corresponde a DIN IEC 601-1<\/li>\n<li>Tipo: CF, corresponde a DIN IEC 601-1<\/li>\n<li>Comprobaci\u00f3n del software para la corriente de la salida del LF, Icritical: 0.05 mA (solamente con la puesta a tierra capacitiva)<\/li>\n<li>Comprobaci\u00f3n del software para la corriente de la salida del HF, Icritical: 150 mA\/300<\/li>\n<li>Nessy: sistema de seguridad de electrodo neutro<\/li>\n<li>Conmutaci\u00f3n neutral del electrodo: Interruptor-seleccionable conectado a tierra capacitivo o con energ\u00eda flotante<\/li>\n<li>Comprobaci\u00f3n autom\u00e1tica: incluye todos los subensamblajes relacionados con la seguridad<\/li>\n<\/ul>\n<p>&nbsp;<\/p>\n","protected":false},"excerpt":{"rendered":"<p>Electrobisturis<\/p>\n","protected":false},"featured_media":8891,"template":"","meta":{"_acf_changed":false,"_relevanssi_hide_post":"","_relevanssi_hide_content":"","_relevanssi_pin_for_all":"","_relevanssi_pin_keywords":"","_relevanssi_unpin_keywords":"","_relevanssi_related_keywords":"","_relevanssi_related_include_ids":"","_relevanssi_related_exclude_ids":"","_relevanssi_related_no_append":"","_relevanssi_related_not_related":"","_relevanssi_related_posts":"","_relevanssi_noindex_reason":"","inline_featured_image":false},"pwb-brand":[1169],"product_brand":[],"product_cat":[76],"product_tag":[1581,1589,1593,1588,1594,1596,1595,1580],"class_list":{"0":"post-4037","1":"product","2":"type-product","3":"status-publish","4":"has-post-thumbnail","6":"pwb-brand-electrobisturis-erbe","7":"product_cat-unidades-electroquirurgicas-electrobisturis","8":"product_tag-erbe","9":"product_tag-erbe-erbotom","10":"product_tag-erbe-erbotom-esu","11":"product_tag-erbe-erbotom-icc","12":"product_tag-erbe-erbotom-icc-350","13":"product_tag-erbe-erbotom-icc-350-esu","14":"product_tag-erbe-erbotom-icc-350esu","15":"product_tag-erbe-esu","17":"first","18":"instock","19":"purchasable","20":"product-type-simple"},"acf":[],"brands":[{"id":1169,"name":"ERBE","slug":"electrobisturis-erbe"}],"_links":{"self":[{"href":"https:\/\/www.somatechnology.com\/spanish\/wp-json\/wp\/v2\/product\/4037","targetHints":{"allow":["GET"]}}],"collection":[{"href":"https:\/\/www.somatechnology.com\/spanish\/wp-json\/wp\/v2\/product"}],"about":[{"href":"https:\/\/www.somatechnology.com\/spanish\/wp-json\/wp\/v2\/types\/product"}],"wp:featuredmedia":[{"embeddable":true,"href":"https:\/\/www.somatechnology.com\/spanish\/wp-json\/wp\/v2\/media\/8891"}],"wp:attachment":[{"href":"https:\/\/www.somatechnology.com\/spanish\/wp-json\/wp\/v2\/media?parent=4037"}],"wp:term":[{"taxonomy":"pwb-brand","embeddable":true,"href":"https:\/\/www.somatechnology.com\/spanish\/wp-json\/wp\/v2\/pwb-brand?post=4037"},{"taxonomy":"product_brand","embeddable":true,"href":"https:\/\/www.somatechnology.com\/spanish\/wp-json\/wp\/v2\/product_brand?post=4037"},{"taxonomy":"product_cat","embeddable":true,"href":"https:\/\/www.somatechnology.com\/spanish\/wp-json\/wp\/v2\/product_cat?post=4037"},{"taxonomy":"product_tag","embeddable":true,"href":"https:\/\/www.somatechnology.com\/spanish\/wp-json\/wp\/v2\/product_tag?post=4037"}],"curies":[{"name":"wp","href":"https:\/\/api.w.org\/{rel}","templated":true}]}}