{"id":4074,"date":"2016-07-19T21:20:12","date_gmt":"2016-07-19T21:20:12","guid":{"rendered":"http:\/\/equipomedicocentral.com\/wordpress\/product\/dyonics-arthroscope-4-0-mm\/"},"modified":"2025-12-11T02:36:27","modified_gmt":"2025-12-11T07:36:27","slug":"dyonics-4mm","status":"publish","type":"product","link":"https:\/\/www.somatechnology.com\/spanish\/equipo-medico-usado-remanufacturado\/artroscopios\/dyonics-4mm\/","title":{"rendered":"Artroscopios Dyonics 4.0mm"},"content":{"rendered":"<div class=\"wpb-content-wrapper\"><p>[vc_row][vc_column][vc_column_text css=\u00bb\u00bb]<\/p>\n<h2>Artroscopios Dyonics 4.0mm<\/h2>\n<ul>\n<li>Dise\u00f1o de la lente granangular para un campo-de-vista m\u00e1s grande brillo incomparable im\u00e1genes n\u00edtidas en todo el campo de la vista de construcci\u00f3n ligera lentes de zafiro para mejorar la resistencia a los ara\u00f1azos en comparaci\u00f3n con el vidrio convencional compatible con Smith &amp; Sobrino cabezas de c\u00e1mara autoclavables y no autoclavables validadas para las modalidades de esterilizaci\u00f3n de vapor y qu\u00edmica (ETO y SterradTM)<\/li>\n<\/ul>\n<p>&nbsp;<\/p>\n<h3>Dimensiones<\/h3>\n<ul>\n<li>\u00a0Anillo de enfoque: azul \u2022 distancia focal: 35 mm \u2022 di\u00e1metro exterior: 4.0 mm \u2022 direcci\u00f3n de visi\u00f3n: 30 \u00b0 \u2022 campo de visi\u00f3n: 115 \u00b0 \u2022 longitud de trabajo: 160m m \u2022 direcci\u00f3n de poste de luz: opuesta \u2022 conexi\u00f3n de la c\u00e1nula: J-Lock \u2022 cable de luz recomendado: 5.0 mm<\/li>\n<\/ul>\n<p>[\/vc_column_text][\/vc_column][\/vc_row]<\/p>\n<\/div>","protected":false},"excerpt":{"rendered":"<p>Artroscopio<\/p>\n","protected":false},"featured_media":9575,"template":"","meta":{"_acf_changed":false,"_relevanssi_hide_post":"","_relevanssi_hide_content":"","_relevanssi_pin_for_all":"","_relevanssi_pin_keywords":"","_relevanssi_unpin_keywords":"","_relevanssi_related_keywords":"","_relevanssi_related_include_ids":"","_relevanssi_related_exclude_ids":"","_relevanssi_related_no_append":"","_relevanssi_related_not_related":"","_relevanssi_related_posts":"","_relevanssi_noindex_reason":"","inline_featured_image":false},"pwb-brand":[1064],"product_brand":[],"product_cat":[102],"product_tag":[1425,1424,1422,1089],"class_list":{"0":"post-4074","1":"product","2":"type-product","3":"status-publish","4":"has-post-thumbnail","6":"pwb-brand-dyonics","7":"product_cat-artroscopios","8":"product_tag-4-0mm","9":"product_tag-4mm","10":"product_tag-artroscopios","11":"product_tag-dyonics","13":"first","14":"instock","15":"purchasable","16":"product-type-simple"},"acf":[],"brands":[{"id":1064,"name":"Dyonics","slug":"dyonics"}],"_links":{"self":[{"href":"https:\/\/www.somatechnology.com\/spanish\/wp-json\/wp\/v2\/product\/4074","targetHints":{"allow":["GET"]}}],"collection":[{"href":"https:\/\/www.somatechnology.com\/spanish\/wp-json\/wp\/v2\/product"}],"about":[{"href":"https:\/\/www.somatechnology.com\/spanish\/wp-json\/wp\/v2\/types\/product"}],"wp:featuredmedia":[{"embeddable":true,"href":"https:\/\/www.somatechnology.com\/spanish\/wp-json\/wp\/v2\/media\/9575"}],"wp:attachment":[{"href":"https:\/\/www.somatechnology.com\/spanish\/wp-json\/wp\/v2\/media?parent=4074"}],"wp:term":[{"taxonomy":"pwb-brand","embeddable":true,"href":"https:\/\/www.somatechnology.com\/spanish\/wp-json\/wp\/v2\/pwb-brand?post=4074"},{"taxonomy":"product_brand","embeddable":true,"href":"https:\/\/www.somatechnology.com\/spanish\/wp-json\/wp\/v2\/product_brand?post=4074"},{"taxonomy":"product_cat","embeddable":true,"href":"https:\/\/www.somatechnology.com\/spanish\/wp-json\/wp\/v2\/product_cat?post=4074"},{"taxonomy":"product_tag","embeddable":true,"href":"https:\/\/www.somatechnology.com\/spanish\/wp-json\/wp\/v2\/product_tag?post=4074"}],"curies":[{"name":"wp","href":"https:\/\/api.w.org\/{rel}","templated":true}]}}