{"id":4093,"date":"2016-07-19T21:20:12","date_gmt":"2016-07-19T21:20:12","guid":{"rendered":"http:\/\/equipomedicocentral.com\/wordpress\/product\/maquet-servo-i\/"},"modified":"2026-01-22T15:50:12","modified_gmt":"2026-01-22T20:50:12","slug":"maquet-servo-i","status":"publish","type":"product","link":"https:\/\/www.somatechnology.com\/spanish\/equipo-medico-usado-remanufacturado\/ventiladores\/maquet-servo-i\/","title":{"rendered":"Siemens Maquet Servo-i"},"content":{"rendered":"<h2>CARACTER\u00cdSTICAS DE SIEMENS MAQUET SERVO-I<\/h2>\n<p><span style=\"box-sizing: border-box; margin: 0px; padding: 0px;\">El sistema de ventilaci\u00f3n\u00a0<strong>Maquet Servo-i<\/strong> sirve para diversos pacientes, desde neonatos hasta adultos, y puede manejar fases agudas y menores de dificultad respiratoria. Ofrece tratamiento ventilatorio suave, gracias a su rendimiento, monitorizaci\u00f3n, opciones y herramientas. Es apto para entornos como UCI y UCIN, permitiendo seleccionar tratamientos seg\u00fan las necesidades sin preocuparse por las capacidades del ventilador. Compatible con ventilaci\u00f3n invasiva y no invasiva, combina rendimiento cl\u00ednico, movilidad y rentabilidad. Su f\u00e1cil formaci\u00f3n, operaci\u00f3n, mantenimiento, flexibilidad y modularidad reducen costos, evitando descartes y reinversiones para diferentes pacientes.<\/span><\/p>\n<ul>\n<li>El ventilador Servo-i es f\u00e1cil de usar y aprender. Ofrece informaci\u00f3n oportuna y acceso simple a ajustes y par\u00e1metros clave mediante mandos directos, manteniendo al cl\u00ednico informado, en control y listo para reaccionar.<\/li>\n<li>El sistema Servo-i es una plataforma avanzada para pacientes con LPA y SDRA, donde identificar patrones da\u00f1inos como el barotrauma es dif\u00edcil. Incluye el \u00cdndice de Estr\u00e9s para prevenir riesgos y analiza cambios en la conformidad respiratoria. Ofrece la opci\u00f3n Heliox, que reduce turbulencias y mejora la eliminaci\u00f3n de CO2.<\/li>\n<li>Configuraciones: infantil, adulto y universal. La infantil no incluye el \u00edndice de estr\u00e9s ni HBO, la de adultos no tiene CPAP nasal ni HBO.<\/li>\n<\/ul>\n","protected":false},"excerpt":{"rendered":"<p>El sistema de ventilaci\u00f3n Maquet Servo-i puede utilizarse en una gran variedad de pacientes, desde neonatos y pedi\u00e1tricos hasta adultos. Tiene la capacidad de manejar las fases m\u00e1s agudas de la dificultad respiratoria, a trav\u00e9s de la recuperaci\u00f3n, y hasta las fases menguantes del proceso de ventilaci\u00f3n. El Servo-i proporciona continuamente un tratamiento ventilatorio excepcional con la mayor suavidad posible. Esto se debe en parte al rendimiento, las capacidades de monitorizaci\u00f3n, las opciones de tratamiento y las herramientas que ofrece este ventilador. Dado que este ventilador puede utilizarse en una amplia variedad de pacientes, es adecuado para la mayor\u00eda de los entornos, desde la UCI hasta el departamento de la UCIN. El ventilador Maquet Servo-i le permite elegir la opci\u00f3n de tratamiento basada en las necesidades de sus pacientes sin tener que preocuparse por las capacidades del ventilador.<\/p>\n","protected":false},"featured_media":33204,"template":"","meta":{"_acf_changed":false,"_relevanssi_hide_post":"","_relevanssi_hide_content":"","_relevanssi_pin_for_all":"","_relevanssi_pin_keywords":"","_relevanssi_unpin_keywords":"","_relevanssi_related_keywords":"","_relevanssi_related_include_ids":"","_relevanssi_related_exclude_ids":"","_relevanssi_related_no_append":"","_relevanssi_related_not_related":"","_relevanssi_related_posts":"","_relevanssi_noindex_reason":"","inline_featured_image":false},"pwb-brand":[1109],"product_brand":[],"product_cat":[51],"product_tag":[519,1480,1479,1477,1478,667,1032,1469,1028,6890],"class_list":{"0":"post-4093","1":"product","2":"type-product","3":"status-publish","4":"has-post-thumbnail","6":"pwb-brand-equipo-medico-maquet","7":"product_cat-ventiladores","8":"product_tag-maquet","9":"product_tag-maquet-servo-i","10":"product_tag-maquet-servoi","11":"product_tag-servo-i","12":"product_tag-servoi","13":"product_tag-siemens","14":"product_tag-ventilador","15":"product_tag-ventiladore","16":"product_tag-ventiladores","17":"product_tag-ventiladores-maquet","19":"first","20":"instock","21":"purchasable","22":"product-type-simple"},"acf":[],"brands":[{"id":1109,"name":"Maquet","slug":"equipo-medico-maquet"}],"_links":{"self":[{"href":"https:\/\/www.somatechnology.com\/spanish\/wp-json\/wp\/v2\/product\/4093","targetHints":{"allow":["GET"]}}],"collection":[{"href":"https:\/\/www.somatechnology.com\/spanish\/wp-json\/wp\/v2\/product"}],"about":[{"href":"https:\/\/www.somatechnology.com\/spanish\/wp-json\/wp\/v2\/types\/product"}],"wp:featuredmedia":[{"embeddable":true,"href":"https:\/\/www.somatechnology.com\/spanish\/wp-json\/wp\/v2\/media\/33204"}],"wp:attachment":[{"href":"https:\/\/www.somatechnology.com\/spanish\/wp-json\/wp\/v2\/media?parent=4093"}],"wp:term":[{"taxonomy":"pwb-brand","embeddable":true,"href":"https:\/\/www.somatechnology.com\/spanish\/wp-json\/wp\/v2\/pwb-brand?post=4093"},{"taxonomy":"product_brand","embeddable":true,"href":"https:\/\/www.somatechnology.com\/spanish\/wp-json\/wp\/v2\/product_brand?post=4093"},{"taxonomy":"product_cat","embeddable":true,"href":"https:\/\/www.somatechnology.com\/spanish\/wp-json\/wp\/v2\/product_cat?post=4093"},{"taxonomy":"product_tag","embeddable":true,"href":"https:\/\/www.somatechnology.com\/spanish\/wp-json\/wp\/v2\/product_tag?post=4093"}],"curies":[{"name":"wp","href":"https:\/\/api.w.org\/{rel}","templated":true}]}}