{"id":4127,"date":"2016-07-19T21:20:46","date_gmt":"2016-07-19T21:20:46","guid":{"rendered":"http:\/\/equipomedicocentral.com\/wordpress\/product\/nellcor-n-200\/"},"modified":"2023-08-23T06:07:14","modified_gmt":"2023-08-23T10:07:14","slug":"nellcor-n-200","status":"publish","type":"product","link":"https:\/\/www.somatechnology.com\/spanish\/equipo-medico-usado-remanufacturado\/monitores-de-signos-vitales\/oximetro-de-pulso\/nellcor-n-200\/","title":{"rendered":"Nellcor N-200"},"content":{"rendered":"<h2>CARACTER\u00cdSTICAS DE NELLCOR N-200<\/h2>\n<p>El <strong>Nellcor N-200<\/strong> es un ox\u00edmetro de pulso que ofrece un medio no invasivo de medir la saturaci\u00f3n de ox\u00edgeno (SpO2) y la frecuencia del pulso de un paciente. Para ello, el m\u00e9dico colocar\u00e1 una sonda \/ sensor en el dedo del paciente y el sistema Nellcor comenzar\u00e1 a calcular la lectura. La pantalla LED del sistema muestra la saturaci\u00f3n alta y baja, la b\u00fasqueda de pulso, las alarmas de frecuencia alta y baja, la p\u00e9rdida de ECG, las alarmas sonoras y el indicador de bater\u00eda baja. El Nellcor N-200 puede utilizarse en pacientes desde neonatos hasta adultos.<\/p>\n<h2>ESPECIFICACIONES DE NELLCOR N-200<\/h2>\n<h3>Dimensiones<\/h3>\n<ul>\n<li>Altura: 2.5 pulg (64 mm)<\/li>\n<li>Anchura: 10 pulg (25 mm)<\/li>\n<li>Profundidad: 7 pulg(178 mm)<\/li>\n<li>Peso: 5 lbs (2.3 kg)<\/li>\n<\/ul>\n<h2>M\u00c1S INFORMACI\u00d3N SOBRE EL NELLCOR N-200<\/h2>\n<h3>Nellcor N-200 Reconstruido<\/h3>\n<p>Soma Tech Intl ofrece el Nellcor N-200 hasta un 50% por debajo de los precios original con el mismo servicio y garant\u00eda que los nuevos. El Nellcor N-200 no s\u00f3lo est\u00e1 t\u00e9cnicamente reconstruido, sino que tambi\u00e9n est\u00e1 cosm\u00e9ticamente reacondicionado para que funcione y se vea como nuevo. Cuando se inicia el proceso de reacondicionamiento del N-200 \u00e9sta cuidadosamente inspeccionado y probado por nuestros propios ingenieros biom\u00e9dicos quien son certificados para trabajar con pulso de ox\u00edmetro. Si es necesario, se reemplazan las piezas para asegurarse de que todos los aspectos del N-200 funcionen con eficaz. Una vez que todo est\u00e1 en orden de funcionamiento, la unidad se calibra con las especificaciones originales del fabricante. Esto asegura que la unidad est\u00e1 funcionando de la misma manera que cuando sali\u00f3 originalmente del fabricante. Despu\u00e9s de que la m\u00e1quina funciona como nuevo, se somete a un proceso especial de restauraci\u00f3n cosm\u00e9tica. Se limpia, se reparan los peque\u00f1os ara\u00f1azos y abolladuras, se pinta y se sustituyen las calcoman\u00edas si es necesario. Soma Tech Intl cuenta con la certificaci\u00f3n ISO 13485 y se asegura de que se d\u00e9 la mejor calidad a todos los equipos m\u00e9dicos que venden. Antes de que el N-200 sea etiquetado como listo para el paciente y empacado para su env\u00edo, pasa por una \u00faltima prueba de control de calidad que asegura que todos los aspectos est\u00e1n funcionando de nuevo como deber\u00edan. Si desea comprar el Nellcor N-200 reconstruido, p\u00f3ngase en contacto con nosotros en Soma@SomaTechnology.com o ll\u00e1menos al 1-800-GET-SOMA.<\/p>\n<p>Soma Tech Intl tambi\u00e9n est\u00e1 buscando activamente para comprar un Nellcor N-200. Si usted o su instalaci\u00f3n est\u00e1 buscando vender su unidad, aseg\u00farese de ponerse en contacto con Soma Tech Intl. Soma tiene un departamento de compras dedicado en ayudar a trav\u00e9s de todo el proceso. La venta de su pulso de ox\u00edmetro usado o de segunda mano a Soma Tech Intl elimina el intermediario en la ecuaci\u00f3n. Esto tambi\u00e9n asegura que su centro m\u00e9dico obtiene el mejor precio por su equipo. Soma cumple al 100% con las normas HIPPA y se asegura de que su equipo llegue a nuestras instalaciones en las mismas condiciones en que sali\u00f3 del suyo. Soma Tech Intl tambi\u00e9n da la opci\u00f3n de cr\u00e9dito de intercambio en su equipo m\u00e9dico. Si usted o su instalaci\u00f3n est\u00e1 buscando recuperar espacio para nuevos equipos, o si usted est\u00e1 buscando para actualizar su equipo actual, p\u00f3ngase en contacto con el departamento de compras en Buyer@SomaTechnology.com o env\u00edenos un mensaje en nuestro sitio web Vender a Soma.<\/p>\n","protected":false},"excerpt":{"rendered":"<p>Ox\u00edmetro de Pulso<\/p>\n","protected":false},"featured_media":21427,"template":"","meta":{"_acf_changed":false,"_relevanssi_hide_post":"","_relevanssi_hide_content":"","_relevanssi_pin_for_all":"","_relevanssi_pin_keywords":"","_relevanssi_unpin_keywords":"","_relevanssi_related_keywords":"","_relevanssi_related_include_ids":"","_relevanssi_related_exclude_ids":"","_relevanssi_related_no_append":"","_relevanssi_related_not_related":"","_relevanssi_related_posts":"","_relevanssi_noindex_reason":"","inline_featured_image":false},"pwb-brand":[1140],"product_brand":[],"product_cat":[65],"product_tag":[7026,7062,7063,7019],"class_list":{"0":"post-4127","1":"product","2":"type-product","3":"status-publish","4":"has-post-thumbnail","6":"pwb-brand-equipo-medico-nellcor","7":"product_cat-oximetro-de-pulso","8":"product_tag-nellcor","9":"product_tag-nellcor-n-200","10":"product_tag-nellcor-n-200-oximetro-de-pulso","11":"product_tag-nellcor-oximetro-de-pulso","13":"first","14":"instock","15":"purchasable","16":"product-type-simple"},"acf":[],"brands":[{"id":1140,"name":"Nellcor","slug":"equipo-medico-nellcor"}],"_links":{"self":[{"href":"https:\/\/www.somatechnology.com\/spanish\/wp-json\/wp\/v2\/product\/4127","targetHints":{"allow":["GET"]}}],"collection":[{"href":"https:\/\/www.somatechnology.com\/spanish\/wp-json\/wp\/v2\/product"}],"about":[{"href":"https:\/\/www.somatechnology.com\/spanish\/wp-json\/wp\/v2\/types\/product"}],"wp:featuredmedia":[{"embeddable":true,"href":"https:\/\/www.somatechnology.com\/spanish\/wp-json\/wp\/v2\/media\/21427"}],"wp:attachment":[{"href":"https:\/\/www.somatechnology.com\/spanish\/wp-json\/wp\/v2\/media?parent=4127"}],"wp:term":[{"taxonomy":"pwb-brand","embeddable":true,"href":"https:\/\/www.somatechnology.com\/spanish\/wp-json\/wp\/v2\/pwb-brand?post=4127"},{"taxonomy":"product_brand","embeddable":true,"href":"https:\/\/www.somatechnology.com\/spanish\/wp-json\/wp\/v2\/product_brand?post=4127"},{"taxonomy":"product_cat","embeddable":true,"href":"https:\/\/www.somatechnology.com\/spanish\/wp-json\/wp\/v2\/product_cat?post=4127"},{"taxonomy":"product_tag","embeddable":true,"href":"https:\/\/www.somatechnology.com\/spanish\/wp-json\/wp\/v2\/product_tag?post=4127"}],"curies":[{"name":"wp","href":"https:\/\/api.w.org\/{rel}","templated":true}]}}