{"id":4142,"date":"2016-07-19T21:21:23","date_gmt":"2016-07-19T21:21:23","guid":{"rendered":"http:\/\/equipomedicocentral.com\/wordpress\/product\/anspach-black-max\/"},"modified":"2024-02-29T09:51:45","modified_gmt":"2024-02-29T14:51:45","slug":"anspach-black-max","status":"publish","type":"product","link":"https:\/\/www.somatechnology.com\/spanish\/equipo-medico-usado-remanufacturado\/neurocirugia\/anspach-black-max\/","title":{"rendered":"Anspach Black Max"},"content":{"rendered":"<h2>Caracter\u00edsticas Anspach Black Max<\/h2>\n<p>El Black Max opera a 80.000 rpm a 120 psi \u2013 8,3 bar \u2013 y ofrece una disecci\u00f3n \u00f3sea suave y controlada. Al igual que con todos los instrumentos de alta velocidad Anspach, no se requieren herramientas para montar rebabas o aditamentos de corte. Caracter\u00edsticas: el sistema de conexi\u00f3n r\u00e1pida\/desconexi\u00f3n permite el cambio sin problemas de rebabas y aditamentos de corte. Un sistema de lubricaci\u00f3n de circuito cerrado patentado asegura un alto rendimiento en los casos m\u00e1s largos y prolonga la vida \u00fatil del sistema de instrumentos. Muchos estilos del accesorio est\u00e1n disponibles incluyendo anguloso, recto, y craneotom\u00edas m\u00e1s una variedad de accesorios especializados para cubrir las necesidades de la mayor\u00eda de cualquier procedimiento quir\u00fargico. Incluye: Anspach negro Max taladro pedal pies accesorios de caja.<\/p>\n","protected":false},"excerpt":{"rendered":"<p>high speed pneumatic drill<\/p>\n","protected":false},"featured_media":11265,"template":"","meta":{"_acf_changed":false,"_relevanssi_hide_post":"","_relevanssi_hide_content":"","_relevanssi_pin_for_all":"","_relevanssi_pin_keywords":"","_relevanssi_unpin_keywords":"","_relevanssi_related_keywords":"","_relevanssi_related_include_ids":"","_relevanssi_related_exclude_ids":"","_relevanssi_related_no_append":"","_relevanssi_related_not_related":"","_relevanssi_related_posts":"","_relevanssi_noindex_reason":"","inline_featured_image":false},"pwb-brand":[1144],"product_brand":[],"product_cat":[90],"product_tag":[3472,3471,3470,3469,3473],"class_list":{"0":"post-4142","1":"product","2":"type-product","3":"status-publish","4":"has-post-thumbnail","6":"pwb-brand-neurocirugia-anspach","7":"product_cat-neurocirugia","8":"product_tag-anspach","9":"product_tag-anspach-black","10":"product_tag-anspach-black-max","11":"product_tag-anspach-black-max-drill","12":"product_tag-black-max","14":"first","15":"instock","16":"purchasable","17":"product-type-simple"},"acf":[],"brands":[{"id":1144,"name":"Anspach","slug":"neurocirugia-anspach"}],"_links":{"self":[{"href":"https:\/\/www.somatechnology.com\/spanish\/wp-json\/wp\/v2\/product\/4142","targetHints":{"allow":["GET"]}}],"collection":[{"href":"https:\/\/www.somatechnology.com\/spanish\/wp-json\/wp\/v2\/product"}],"about":[{"href":"https:\/\/www.somatechnology.com\/spanish\/wp-json\/wp\/v2\/types\/product"}],"wp:featuredmedia":[{"embeddable":true,"href":"https:\/\/www.somatechnology.com\/spanish\/wp-json\/wp\/v2\/media\/11265"}],"wp:attachment":[{"href":"https:\/\/www.somatechnology.com\/spanish\/wp-json\/wp\/v2\/media?parent=4142"}],"wp:term":[{"taxonomy":"pwb-brand","embeddable":true,"href":"https:\/\/www.somatechnology.com\/spanish\/wp-json\/wp\/v2\/pwb-brand?post=4142"},{"taxonomy":"product_brand","embeddable":true,"href":"https:\/\/www.somatechnology.com\/spanish\/wp-json\/wp\/v2\/product_brand?post=4142"},{"taxonomy":"product_cat","embeddable":true,"href":"https:\/\/www.somatechnology.com\/spanish\/wp-json\/wp\/v2\/product_cat?post=4142"},{"taxonomy":"product_tag","embeddable":true,"href":"https:\/\/www.somatechnology.com\/spanish\/wp-json\/wp\/v2\/product_tag?post=4142"}],"curies":[{"name":"wp","href":"https:\/\/api.w.org\/{rel}","templated":true}]}}