{"id":4146,"date":"2016-07-19T21:21:23","date_gmt":"2016-07-19T21:21:23","guid":{"rendered":"http:\/\/equipomedicocentral.com\/wordpress\/product\/fujinon-epx-301-system\/"},"modified":"2023-08-23T06:07:27","modified_gmt":"2023-08-23T10:07:27","slug":"fujinon-epx-301-system","status":"publish","type":"product","link":"https:\/\/www.somatechnology.com\/spanish\/equipo-medico-usado-remanufacturado\/sistema-de-video-endoscopia\/fujinon-epx-301-system\/","title":{"rendered":"Fujinon EPX 301 System"},"content":{"rendered":"<h2>Especificaciones del\u00a0Fujinon EPX 301 Processor<\/h2>\n<ul>\n<li>Procesador de v\u00eddeo electr\u00f3nico y fuente de luz<\/li>\n<li>Realizar el procesamiento de v\u00eddeo electr\u00f3nico de las im\u00e1genes endosc\u00f3picas obtenidas con el CCD, y muestra im\u00e1genes de alta calidad en el monitor.<\/li>\n<li>Un filtro electr\u00f3nico incorporado se puede ajustar a cualquier tinte del color<\/li>\n<li>Utilizable como fuente de luz de xen\u00f3n de alta intensidad.<\/li>\n<li>Voltaje de entrada: CA 117V, 220V, 240V<\/li>\n<li>Frecuencia; 50\/60 Hz<\/li>\n<li>Consumo de energ\u00eda: 880 va fuente de luz 300 W tipo de l\u00e1mpara de xen\u00f3n<\/li>\n<li>Sistema de video: sistema de color secuencial RGB<\/li>\n<li>Imagen hecha salir: RGB terminal x 4; Terminal de salida codificado x 2; Sync terminal x 2<\/li>\n<li>Dimensiones: 484mm x 413mm x 195 mm; 20 \u00abx 17\u00bb x 8 \u00ab(W x D x H)<\/li>\n<li>Peso: 28 kg\/61.6 lbs.<\/li>\n<\/ul>\n","protected":false},"excerpt":{"rendered":"<p>Sistema de Endoscopia<\/p>\n","protected":false},"featured_media":8695,"template":"","meta":{"_acf_changed":false,"_relevanssi_hide_post":"","_relevanssi_hide_content":"","_relevanssi_pin_for_all":"","_relevanssi_pin_keywords":"","_relevanssi_unpin_keywords":"","_relevanssi_related_keywords":"","_relevanssi_related_include_ids":"","_relevanssi_related_exclude_ids":"","_relevanssi_related_no_append":"","_relevanssi_related_not_related":"","_relevanssi_related_posts":"","_relevanssi_noindex_reason":"","inline_featured_image":false},"pwb-brand":[1315],"product_brand":[],"product_cat":[84],"product_tag":[1349,1347,1353,1352,1354,1350],"class_list":{"0":"post-4146","1":"product","2":"type-product","3":"status-publish","4":"has-post-thumbnail","6":"pwb-brand-sistema-de-video-endoscopia-fujinon","7":"product_cat-sistema-de-video-endoscopia","8":"product_tag-fujinon","9":"product_tag-fujinon-epx","10":"product_tag-fujinon-epx-301","11":"product_tag-fujinon-epx-301-processor","12":"product_tag-fujinon-epx-processor","13":"product_tag-fujinon-processor","15":"first","16":"instock","17":"purchasable","18":"product-type-simple"},"acf":[],"brands":[{"id":1315,"name":"Fujinon","slug":"sistema-de-video-endoscopia-fujinon"}],"_links":{"self":[{"href":"https:\/\/www.somatechnology.com\/spanish\/wp-json\/wp\/v2\/product\/4146","targetHints":{"allow":["GET"]}}],"collection":[{"href":"https:\/\/www.somatechnology.com\/spanish\/wp-json\/wp\/v2\/product"}],"about":[{"href":"https:\/\/www.somatechnology.com\/spanish\/wp-json\/wp\/v2\/types\/product"}],"wp:featuredmedia":[{"embeddable":true,"href":"https:\/\/www.somatechnology.com\/spanish\/wp-json\/wp\/v2\/media\/8695"}],"wp:attachment":[{"href":"https:\/\/www.somatechnology.com\/spanish\/wp-json\/wp\/v2\/media?parent=4146"}],"wp:term":[{"taxonomy":"pwb-brand","embeddable":true,"href":"https:\/\/www.somatechnology.com\/spanish\/wp-json\/wp\/v2\/pwb-brand?post=4146"},{"taxonomy":"product_brand","embeddable":true,"href":"https:\/\/www.somatechnology.com\/spanish\/wp-json\/wp\/v2\/product_brand?post=4146"},{"taxonomy":"product_cat","embeddable":true,"href":"https:\/\/www.somatechnology.com\/spanish\/wp-json\/wp\/v2\/product_cat?post=4146"},{"taxonomy":"product_tag","embeddable":true,"href":"https:\/\/www.somatechnology.com\/spanish\/wp-json\/wp\/v2\/product_tag?post=4146"}],"curies":[{"name":"wp","href":"https:\/\/api.w.org\/{rel}","templated":true}]}}