{"id":4160,"date":"2016-07-19T21:21:23","date_gmt":"2016-07-19T21:21:23","guid":{"rendered":"http:\/\/equipomedicocentral.com\/wordpress\/product\/narkomed-gs\/"},"modified":"2023-08-23T06:07:31","modified_gmt":"2023-08-23T10:07:31","slug":"drager-narkomed-gs","status":"publish","type":"product","link":"https:\/\/www.somatechnology.com\/spanish\/equipo-medico-usado-remanufacturado\/maquinas-de-anestesia\/drager-narkomed-gs\/","title":{"rendered":"Drager Narkomed GS"},"content":{"rendered":"<h3>Drager Narkomed GS Features<\/h3>\n<p>El <strong>Drager Narkomed GS<\/strong> est\u00e1 equipado con una sola pantalla de monitor que proporciona datos de volumen, presi\u00f3n y ox\u00edgeno. Todos los par\u00e1metros monitoreados y los mensajes de alarma se muestran en una pantalla brillante y f\u00e1cil de leer. El sistema neum\u00e1tico puede administrar simult\u00e1neamente hasta cuatro gases y un agente anest\u00e9sico (de una selecci\u00f3n de hasta tres). El ox\u00edgeno y el \u00f3xido nitroso son est\u00e1ndar, mientras que el aire, el di\u00f3xido de carbono y el ox\u00edgeno-helio son gases opcionales. El gas se suministra al sistema a trav\u00e9s de tuber\u00edas y cilindros. El sistema est\u00e1 equipado con tubos de flujo iluminados para una medici\u00f3n de suministro de gas precisa en condiciones de poca luz.<\/p>\n<ul>\n<li>Elecci\u00f3n de vaporizadores 19.1.<\/li>\n<li>Ventilador electr\u00f3nico.<\/li>\n<li>Narkomed GS incorpora lo \u00faltimo en electr\u00f3nica, interfaces f\u00e1ciles de usar y controles intuitivos.<\/li>\n<li>Proporciona simplicidad, calidad y valor.<\/li>\n<\/ul>\n<h3>Drager Narkomed GS Especificaciones<\/h3>\n<h4>Dimensiones<\/h4>\n<ul>\n<li>Altura: 53 1\/4 \u00ab(135.3 cm)<\/li>\n<li>Ancho: 36 \u00ab(91.4 cm)<\/li>\n<li>Profundidad: 27 \u00ab(68,6 cm)<\/li>\n<li>Peso: 375 lbs (170 kg)<\/li>\n<\/ul>\n<h4>Fuente de alimentaci\u00f3n<\/h4>\n<p>220 \/ 240 or 117 Voltages<\/p>\n<h4>Monitoreo de Ox\u00edgeno<\/h4>\n<ul>\n<li>Rango: 10 &#8211; 100 vol%<\/li>\n<li>Resoluci\u00f3n: 1 vol%<\/li>\n<li>Precisi\u00f3n: \u00b1 3 vol%<\/li>\n<\/ul>\n<h4>Monitoreo de Presi\u00f3n de Aire<\/h4>\n<ul>\n<li>Rango: -10 &#8211; 100 cm H2O<\/li>\n<li>Resoluci\u00f3n: 1 vol%<\/li>\n<li>Precisi\u00f3n: \u00b1 3 cm H2O o \u00b1 10% de lectura, cualquiera que sea mayor.<\/li>\n<\/ul>\n<h4>Monitoreo de Volumen Tidal<\/h4>\n<ul>\n<li>Rango: 0.2 &#8211; 50 I<\/li>\n<li>Resoluci\u00f3n: 0.1 I<\/li>\n<li>Precisi\u00f3n: 0.1% o 0.1 I, lo que sea mayor.<\/li>\n<\/ul>\n<h4>Ventilator<\/h4>\n<ul>\n<li>Frecuencia: 1-99<\/li>\n<li>Relaci\u00f3n I: E: 4: 1 &#8211; 1: 4.5<\/li>\n<li>Inspiratorio:\n<ul>\n<li>Flujo: 10 &#8211; 100 I \/ min<\/li>\n<li>Tidal Vol: 50-1500 ml<\/li>\n<\/ul>\n<\/li>\n<\/ul>\n<h4>M\u00e1s caracter\u00edsticas<\/h4>\n<ul>\n<li>Cuatro opciones de visualizaci\u00f3n con controles de monitor integrados: pantalla de video en color de alta resoluci\u00f3n de 15 \u00abo 17\u00bb y pantalla LCD en color de panel plano de 10.4 \u00abo 15\u00bb.<\/li>\n<li>Pantalla de CRT de color de 17 \u00ab.<\/li>\n<li>Dise\u00f1o y colores de visualizaci\u00f3n configurables por el usuario.<\/li>\n<li>Soporte para hasta 8 formas de onda en la pantalla.<\/li>\n<li>Soporte para pantalla de usuario segunda y tercera configurable con informaci\u00f3n num\u00e9rica y de forma de onda diferente.<\/li>\n<li>Sistema de alarma dedicado a la anestesia.<\/li>\n<li>Pantalla de alarmas y p\u00e1gina de ajuste.<\/li>\n<li>Mini tendencias gr\u00e1ficas de 10 minutos referenciadas para establecer l\u00edmites de alarma.<\/li>\n<li>Funci\u00f3n de l\u00edmites de alarma autom\u00e1tica.<\/li>\n<li>Seis modos configurables por el usuario y modo de derivaci\u00f3n card\u00edaca especial.<\/li>\n<li>Tendencias num\u00e9ricas y gr\u00e1ficas de 24 horas.<\/li>\n<li>Capacidad de pantalla dividida para mostrar ST, ciclo de espirometr\u00eda, EEG, EP o mini tendencias permanentemente.<\/li>\n<li>Cuatro p\u00e1ginas de tendencias gr\u00e1ficas configurables por el usuario.<\/li>\n<li>Cursor de tendencia en tendencias gr\u00e1ficas y num\u00e9ricas.<\/li>\n<li>Instant\u00e1neas de forma de onda para almacenar y recuperar muestras de forma de onda.<\/li>\n<li>Funci\u00f3n de ayuda.<\/li>\n<li>Ayuda en l\u00ednea para funciones de men\u00fa.<\/li>\n<li>Abrir arquitectura de software y hardware.<\/li>\n<li>F\u00e1cil inserci\u00f3n \/ extracci\u00f3n de m\u00f3dulos de par\u00e1metros enchufables sin interrumpir otras monitorizaciones.<\/li>\n<li>Interfaz de usuario orientada a la anestesia.<\/li>\n<li>An\u00e1lisis opcional de arritmia extendida.<\/li>\n<li>Conector para la soluci\u00f3n de interfaz de dispositivo Datex-Ohmeda S \/ 5 .<\/li>\n<li>Barra de comandos espec\u00edficos de anestesia para un acceso intuitivo a las funciones de monitorizaci\u00f3n.<\/li>\n<li>La barra de comandos extra\u00edble acerca los controles del monitor al usuario.<\/li>\n<li>Marco con ranuras de m\u00f3dulos adicionales.<\/li>\n<li>Mueve los cables del paciente cerca del paciente.<\/li>\n<li>Un cable conecta el marco de extensi\u00f3n a la unidad central del monitor de anestesia s \/ 5.<\/li>\n<li>Reduce el desorden de cables del paciente.<\/li>\n<li>Se monta en cualquier poste vertical u horizontal.<\/li>\n<\/ul>\n<h3>Monitor<\/h3>\n<ul>\n<li>Tama\u00f1o de pantalla: 21.1 en diagonal.<\/li>\n<li>Tipo de pantalla: color de matriz activa TFT LCD.<\/li>\n<li>Resoluci\u00f3n de pantalla: resoluci\u00f3n SVGA, 800 x 600.<\/li>\n<li>N\u00famero de trazas: hasta 8.<\/li>\n<li>Dise\u00f1o y colores de pantalla: configurable por el usuario. Tarjeta de comando integrada con teclas de funci\u00f3n directa, teclas de men\u00fa y ComWheel\u00aa para selecciones y ajustes en los men\u00fas.<\/li>\n<\/ul>\n<h3>Marco<\/h3>\n<ul>\n<li>Capacidad del m\u00f3dulo: 2 + 2 ranuras para m\u00f3dulos.<\/li>\n<li>Conexiones de E \/ S: salida en serie de la computadora RS-232. 2 salidas anal\u00f3gicas. Conector de teclado externo.<\/li>\n<li>Opci\u00f3n de red: Compatible con Datex-Ohmeda Network para la comunicaci\u00f3n de monitor a monitor y visualizaci\u00f3n centralizada.<\/li>\n<li>Opci\u00f3n de red y MemCard: activa MemCards para transferir los datos de tendencia de los signos vitales del paciente.<\/li>\n<li>Impresi\u00f3n: capacidades de impresi\u00f3n l\u00e1ser con impresora en serie compatible con el lenguaje PCL5 (convertidor en red y en serie \/ paralelo).<\/li>\n<li>Opci\u00f3n de grabadora: grabadora de matriz t\u00e9rmica incorporada de tres canales.<\/li>\n<li>Opciones de montaje: soporte de cama, soporte de pared y soporte de rodillo.<\/li>\n<\/ul>\n<h3>Fuente de alimentaci\u00f3n<\/h3>\n<ul>\n<li>Rango de voltaje nominal y frecuencias: 100 a 240v \u00b1 10%, 50\/60 Hz.<\/li>\n<li>Consumo de energ\u00eda m\u00e1ximo: 140 VA.<\/li>\n<li>Clase de protecci\u00f3n: Clase I.<\/li>\n<li>Conexi\u00f3n a tierra: grado hospitalario.<\/li>\n<\/ul>\n<h3>Bateria<\/h3>\n<ul>\n<li>Tipo: bater\u00eda de NiMH incorporada. (2 piezas)<\/li>\n<li>Capacidad: hasta 1.5 h t\u00edpico con carga completa a 23 \u00b0 C.<\/li>\n<li>Recarga: cuando est\u00e1 conectado a la red el\u00e9ctrica.<\/li>\n<li>Tiempo de carga: 10 horas hasta la capacidad m\u00e1xima.<\/li>\n<li>Alarma de operaci\u00f3n de la bater\u00eda.<\/li>\n<li>Indicador: muestra barra de bateria en pantalla.<\/li>\n<\/ul>\n<h3>Tendencias<\/h3>\n<ul>\n<li>Gr\u00e1fica: todos los par\u00e1metros, tiempos seleccionables desde 30 min hasta 72 h.<\/li>\n<li>Num\u00e9rico: par\u00e1metros medidos continuamente muestreados cada 5 minutos, valores NIBP y PCWP actualizados despu\u00e9s de cada medici\u00f3n. Adem\u00e1s, el marcador activa la actualizaci\u00f3n de tendencias num\u00e9ricas.<\/li>\n<li>Cursor de tendencia: en tendencias gr\u00e1ficas y num\u00e9ricas.<\/li>\n<\/ul>\n<h4>Alarmas<\/h4>\n<ul>\n<li>Sistema de alarma clasificado en tres categor\u00edas seg\u00fan la prioridad en cuidados intensivos; color y tono de audio codificados. Pantalla central de alarmas y p\u00e1gina de ajuste. Mini tendencias gr\u00e1ficas de 10 min referenciadas para establecer l\u00edmites de alarma.<\/li>\n<\/ul>\n<p>&nbsp;<\/p>\n","protected":false},"excerpt":{"rendered":"<p>M\u00e1quina de Anestesia<\/p>\n","protected":false},"featured_media":22295,"template":"","meta":{"_acf_changed":false,"_relevanssi_hide_post":"","_relevanssi_hide_content":"","_relevanssi_pin_for_all":"","_relevanssi_pin_keywords":"","_relevanssi_unpin_keywords":"","_relevanssi_related_keywords":"","_relevanssi_related_include_ids":"","_relevanssi_related_exclude_ids":"","_relevanssi_related_no_append":"","_relevanssi_related_not_related":"","_relevanssi_related_posts":"","_relevanssi_noindex_reason":"","inline_featured_image":false},"pwb-brand":[1122],"product_brand":[],"product_cat":[48],"product_tag":[218,217,221,222,223,6845,219,220],"class_list":{"0":"post-4160","1":"product","2":"type-product","3":"status-publish","4":"has-post-thumbnail","6":"pwb-brand-equipo-medico-drager","7":"product_cat-maquinas-de-anestesia","8":"product_tag-draeger","9":"product_tag-drager","10":"product_tag-drager-narkomed-gs","11":"product_tag-gs","12":"product_tag-maquinas-de-anestesia","13":"product_tag-maquinas-de-anestesia-drager","14":"product_tag-narkomed","15":"product_tag-narkomed-gs","17":"first","18":"instock","19":"purchasable","20":"product-type-simple"},"acf":[],"brands":[{"id":1122,"name":"Drager","slug":"equipo-medico-drager"}],"_links":{"self":[{"href":"https:\/\/www.somatechnology.com\/spanish\/wp-json\/wp\/v2\/product\/4160","targetHints":{"allow":["GET"]}}],"collection":[{"href":"https:\/\/www.somatechnology.com\/spanish\/wp-json\/wp\/v2\/product"}],"about":[{"href":"https:\/\/www.somatechnology.com\/spanish\/wp-json\/wp\/v2\/types\/product"}],"wp:featuredmedia":[{"embeddable":true,"href":"https:\/\/www.somatechnology.com\/spanish\/wp-json\/wp\/v2\/media\/22295"}],"wp:attachment":[{"href":"https:\/\/www.somatechnology.com\/spanish\/wp-json\/wp\/v2\/media?parent=4160"}],"wp:term":[{"taxonomy":"pwb-brand","embeddable":true,"href":"https:\/\/www.somatechnology.com\/spanish\/wp-json\/wp\/v2\/pwb-brand?post=4160"},{"taxonomy":"product_brand","embeddable":true,"href":"https:\/\/www.somatechnology.com\/spanish\/wp-json\/wp\/v2\/product_brand?post=4160"},{"taxonomy":"product_cat","embeddable":true,"href":"https:\/\/www.somatechnology.com\/spanish\/wp-json\/wp\/v2\/product_cat?post=4160"},{"taxonomy":"product_tag","embeddable":true,"href":"https:\/\/www.somatechnology.com\/spanish\/wp-json\/wp\/v2\/product_tag?post=4160"}],"curies":[{"name":"wp","href":"https:\/\/api.w.org\/{rel}","templated":true}]}}