{"id":4180,"date":"2016-07-19T21:22:00","date_gmt":"2016-07-19T21:22:00","guid":{"rendered":"http:\/\/equipomedicocentral.com\/wordpress\/product\/ge-marquette-mac-5500\/"},"modified":"2023-08-23T06:07:43","modified_gmt":"2023-08-23T10:07:43","slug":"ge-marquette-mac-5500","status":"publish","type":"product","link":"https:\/\/www.somatechnology.com\/spanish\/equipo-medico-usado-remanufacturado\/cardiologia\/ekg-interpretativo-y-no-interpretativo\/ge-marquette-mac-5500\/","title":{"rendered":"GE Marquette Mac 5500"},"content":{"rendered":"<h2>Caracter\u00edsticas del\u00a0<strong>GE Mac 5500 EKG<\/strong><\/h2>\n<p>El <strong>MAC 5500<\/strong> es un sistema de ECG de primer nivel que brinda capacidad avanzada de gesti\u00f3n de enfermedades a trav\u00e9s de una de las redes y colecciones de algoritmos m\u00e1s avanzadas del sector. El MAC 5500 tambi\u00e9n satisface la necesidad de productividad en toda la industria, permitiendo a una amplia gama de usuarios encapsular, analizar y comunicar datos de ECG con precisi\u00f3n. Esto garantiza que los datos correctos se env\u00eden al paciente adecuado para ayudar a reducir los errores demogr\u00e1ficos, de facturaci\u00f3n y acelerar el tiempo de tratamiento.<\/p>\n<ul>\n<li>La opci\u00f3n de red Ethernet e inal\u00e1mbrica ahorra tiempo, reduce los errores y maximiza la captura de carga.<\/li>\n<li>El asesor de conexi\u00f3n minimiza el tiempo de edici\u00f3n y repite las adquisiciones de ECG.<\/li>\n<li>Operaci\u00f3n con un solo bot\u00f3n para impresi\u00f3n, almacenamiento y transmisi\u00f3n.<\/li>\n<li>El esc\u00e1ner de c\u00f3digo de barras ayuda a reducir errores administrativos.<\/li>\n<li>2SL ECG Analysis program con software espec\u00edfico de g\u00e9nero.<\/li>\n<li>An\u00e1lisis de ECG de 15 derivaciones.<\/li>\n<li>Capacidades de prueba de estr\u00e9s opcionales.<\/li>\n<li>Herramientas de estratificaci\u00f3n de riesgo opcionales, como ACI-TIPI, promediado de se\u00f1al P-Wave de potencial tard\u00edo.<\/li>\n<\/ul>\n<h2>Especificaciones del\u00a0<strong>GE Mac 5500 EKG<\/strong><\/h2>\n<h3>Informaci\u00f3n General:<\/h3>\n<ul>\n<li>Tipo de instrumento: electrocardi\u00f3grafo autom\u00e1tico con aumento de microprocesador de 15 derivaciones (14 canales).<\/li>\n<li>Frecuencia de an\u00e1lisis de ECG: 500 muestras \/ segundo. (SPS)<\/li>\n<li>Almacenamiento de ECG: 200 (m\u00e1ximo) en la memoria interna no vol\u00e1til. Instalaci\u00f3n para archivar registros de ECG en una tarjeta de medios extra\u00edbles. (Tarjeta SD)<\/li>\n<li>Frecuencia de muestreo digital: 4000 muestras \/ segundo \/ canal.<\/li>\n<li>An\u00e1lisis: Pediatr\u00eda y Vectorcardiograf\u00eda. Opcional: an\u00e1lisis de 12SL, alta resoluci\u00f3n y an\u00e1lisis de potencial tard\u00edo de PHI-Res.<\/li>\n<li>Adquisici\u00f3n previa: proporciona 10 segundos de adquisici\u00f3n de ECG instant\u00e1nea.<\/li>\n<li>Rango din\u00e1mico: diferencial CA: \u00b1 10 mV Offset DC: \u00b1 320 mV.<\/li>\n<li>Resoluci\u00f3n: 4.88 \u03bcV \/ LSB a 250 sps, 1.22 \u03bcV \/ LSB a 500 sps.<\/li>\n<li>Respuesta de frecuencia: -3 dB @ 0.01 a 150 Hz.<\/li>\n<li>Rechazo de modo com\u00fan:&gt; 140 dB. (123 dB con filtro de CA desactivado)<\/li>\n<li>Impedancia de entrada:&gt; 10M\u03a9 a 10 Hz, protegido contra desfibriladores Fuga del paciente: &lt;10 \u03bcA.<\/li>\n<li>Detecci\u00f3n de ritmo: LA ortogonal, LL y V6; 750 \u03bcV @ 50 \u03bcs.<\/li>\n<li>Funciones especiales de adquisici\u00f3n: detecci\u00f3n de plomo desconectado, impedancia del electrodo, ruido de CA excesivo, vagabundeo de l\u00ednea de base y mensajes de temblor muscular.<\/li>\n<li>Comunicaci\u00f3n: sistema MAC y MUSE compatible con RS-232. Opcional: m\u00f3dem, LAN, FAX y transmisi\u00f3n inal\u00e1mbrica, recuperaci\u00f3n remota. (consulta remota)<\/li>\n<\/ul>\n<h3>Monitor:<\/h3>\n<ul>\n<li>Tipo de pantalla: LCD diagonal con retroiluminaci\u00f3n de 264 mm (10,4 pulgadas) en diagonal.<\/li>\n<li>Resoluci\u00f3n de pantalla: 640 x 480 p\u00edxeles con mejora de forma de onda.<\/li>\n<li>Datos de pantalla: frecuencia card\u00edaca, nombre del paciente, identificaci\u00f3n, reloj, formas de onda, etiquetas de plomo, ajustes de velocidad, ganancia y filtro, mensajes de advertencia, mensajes y mensajes de ayuda.<\/li>\n<\/ul>\n<h3>Impresora:<\/h3>\n<ul>\n<li>Tecnolog\u00eda del escritor: matriz t\u00e9rmica de puntos.<\/li>\n<li>Velocidad de escritura: 5, 12.5, 25 y 50 mm \/ s. (Igual que la pantalla)<\/li>\n<li>N\u00famero de trazas: 3, 6, 12 o 15, seleccionables por el usuario. (Igual que la pantalla)<\/li>\n<li>Sensibilidad \/ ganancia del escritor: 2.5, 5, 10, 20, 10\/5 (calibraci\u00f3n dividida) mm \/ mV. (Igual que la pantalla)<\/li>\n<li>Exactitud de velocidad del escritor: \u00b1 2%.<\/li>\n<li>Precisi\u00f3n de amplitud del escritor: \u00b1 5%.<\/li>\n<li>Resoluci\u00f3n del escritor: 1000 ppp horizontales a 25 mm \/ s, 200 ppp verticales.<\/li>\n<li>Tipo de papel: T\u00e9rmico, plegado en Z, perforado, plegado en abanico, 300 hojas \/ paquete.<\/li>\n<li>Tama\u00f1o del papel: 215.9 mm x 27604 mm (8.5 in x 11 in) pliegue continuo.<\/li>\n<\/ul>\n<h3>Teclado:<\/h3>\n<ul>\n<li>Tipo: elast\u00f3mero sellado con teclas de funciones suaves, teclas alfanum\u00e9ricas, controles de escritura y controles de cursor TrimPad.<\/li>\n<\/ul>\n<h3>Fuente de alimentaci\u00f3n:<\/h3>\n<ul>\n<li>Voltaje: 100 a 240 VAC +10, -15%.<\/li>\n<li>Corriente: 0.5A a 115 VAC, 0.3 A a 240 VAC, t\u00edpica.<\/li>\n<li>Frecuencia: 50 a 60 Hz \u00b1 10%.<\/li>\n<li>Tipo de bater\u00eda: reemplazable por el usuario, 18V @ 3.5 AH \u00b1 15%, NiMH recargable.<\/li>\n<li>Capacidad de la bater\u00eda: 100 informes de una sola p\u00e1gina (t\u00edpicos) o 6 horas de visualizaci\u00f3n continua. (Sin imprimir)<\/li>\n<li>Tiempo de carga de la bater\u00eda: Aproximadamente 4.5 horas desde la descarga total. (Con la pantalla apagada)<\/li>\n<\/ul>\n<h3>Vectorcardiograf\u00eda:<\/h3>\n<ul>\n<li>Formatos de informe: bucles vectoriales de vectores componentes. (P, QRS, ST-T)<\/li>\n<li>Sensibilidad: 20, 40, 80, 160 mm \/ mV.<\/li>\n<li>Tiempo de resoluci\u00f3n: 2 ms.<\/li>\n<\/ul>\n<h3>Especificaciones f\u00edsicas:<\/h3>\n<ul>\n<li>Altura: 9.4 cm (3.7 in) * con la pantalla cerrada.<\/li>\n<li>Ancho: 38.1 cm (15.0 in) *<\/li>\n<li>Profundidad: 35.1 cm (13.8 in)*<\/li>\n<\/ul>\n<h3>Peso:<\/h3>\n<ul>\n<li>Aproximadamente 6.8 kg (15 lb) * incluyendo bater\u00eda sin papel * sin carro.<\/li>\n<\/ul>\n<p>&nbsp;<\/p>\n","protected":false},"excerpt":{"rendered":"<p>Electrocardi\u00f3grafo (EKG)<\/p>\n","protected":false},"featured_media":11941,"template":"","meta":{"_acf_changed":false,"_relevanssi_hide_post":"","_relevanssi_hide_content":"","_relevanssi_pin_for_all":"","_relevanssi_pin_keywords":"","_relevanssi_unpin_keywords":"","_relevanssi_related_keywords":"","_relevanssi_related_include_ids":"","_relevanssi_related_exclude_ids":"","_relevanssi_related_no_append":"","_relevanssi_related_not_related":"","_relevanssi_related_posts":"","_relevanssi_noindex_reason":"","inline_featured_image":false},"pwb-brand":[1100],"product_brand":[],"product_cat":[49],"product_tag":[4782,4802,224,1193,1192,4803,1191,1190,1189,4812,4806],"class_list":{"0":"post-4180","1":"product","2":"type-product","3":"status-publish","4":"has-post-thumbnail","6":"pwb-brand-equipo-medico-ge","7":"product_cat-ekg-interpretativo-y-no-interpretativo","8":"product_tag-electrocardiografos","9":"product_tag-electrocardiografos-ge","10":"product_tag-ge","11":"product_tag-ge-5500","12":"product_tag-ge-5500-ekg","13":"product_tag-ge-electrocardiografos","14":"product_tag-ge-mac","15":"product_tag-ge-mac-5500","16":"product_tag-ge-mac-5500-ekg","17":"product_tag-ge-mac-5500-electrocardiografos","18":"product_tag-ge-mac-electrocardiografos","20":"first","21":"instock","22":"purchasable","23":"product-type-simple"},"acf":[],"brands":[{"id":1100,"name":"GE","slug":"equipo-medico-ge"}],"_links":{"self":[{"href":"https:\/\/www.somatechnology.com\/spanish\/wp-json\/wp\/v2\/product\/4180","targetHints":{"allow":["GET"]}}],"collection":[{"href":"https:\/\/www.somatechnology.com\/spanish\/wp-json\/wp\/v2\/product"}],"about":[{"href":"https:\/\/www.somatechnology.com\/spanish\/wp-json\/wp\/v2\/types\/product"}],"wp:featuredmedia":[{"embeddable":true,"href":"https:\/\/www.somatechnology.com\/spanish\/wp-json\/wp\/v2\/media\/11941"}],"wp:attachment":[{"href":"https:\/\/www.somatechnology.com\/spanish\/wp-json\/wp\/v2\/media?parent=4180"}],"wp:term":[{"taxonomy":"pwb-brand","embeddable":true,"href":"https:\/\/www.somatechnology.com\/spanish\/wp-json\/wp\/v2\/pwb-brand?post=4180"},{"taxonomy":"product_brand","embeddable":true,"href":"https:\/\/www.somatechnology.com\/spanish\/wp-json\/wp\/v2\/product_brand?post=4180"},{"taxonomy":"product_cat","embeddable":true,"href":"https:\/\/www.somatechnology.com\/spanish\/wp-json\/wp\/v2\/product_cat?post=4180"},{"taxonomy":"product_tag","embeddable":true,"href":"https:\/\/www.somatechnology.com\/spanish\/wp-json\/wp\/v2\/product_tag?post=4180"}],"curies":[{"name":"wp","href":"https:\/\/api.w.org\/{rel}","templated":true}]}}