{"id":4183,"date":"2016-07-19T21:22:00","date_gmt":"2016-07-19T21:22:00","guid":{"rendered":"http:\/\/equipomedicocentral.com\/wordpress\/product\/ge-marquette-max-1\/"},"modified":"2023-08-23T06:07:45","modified_gmt":"2023-08-23T10:07:45","slug":"ge-marquette-max-1","status":"publish","type":"product","link":"https:\/\/www.somatechnology.com\/spanish\/equipo-medico-usado-remanufacturado\/cardiologia\/sistemas-de-pruebas-de-esfuerzo\/ge-marquette-max-1\/","title":{"rendered":"GE Marquette MAX 1"},"content":{"rendered":"<h2>Carasteristicas GE Marquette MAX 1<\/h2>\n<p>El sistema de Prueba de esfuerzo interpretativa <strong>Maquette MAX 1<\/strong> asegura una \u00f3ptima calidad de la se\u00f1al media actualizaci\u00f3n ayuda a asegurar todas las mediciones, incluyendo segmentos ST, se hacen sobre la interfaz amistosa del t\u00e9cnico de la morfolog\u00eda verdadera. Seleccione protocolos est\u00e1ndar o personalizados. La compatibilidad de Unity Network &#x2122; facilita el acceso inmediato al registro completo del paciente. El programa opcional del an\u00e1lisis de reclinaci\u00f3n de los ECG de Marquette agrega versatilidad cl\u00ednica. La opci\u00f3n de informe farmacol\u00f3gico ofrece informes listos y precisos para el registro m\u00e9dico. La correcci\u00f3n de l\u00ednea de base de la spline c\u00fabica elimina el deambular inicial sin el uso de filtros distorsionadores. El control TRIM Knob \u00ae elimina m\u00faltiples funciones de pulsaci\u00f3n. El dise\u00f1o intuitivo del men\u00fa elimina la necesidad de navegar a trav\u00e9s de varios men\u00fas en capas. La actualizaci\u00f3n incremental es un proceso de batir para batir que ilustra los cambios de St para la toma de decisiones en tiempo real.<\/p>\n<h2>Especificaciones de las caracter\u00edsticas GE Marquette MAX 1<\/h2>\n<h3>Dimensiones<\/h3>\n<ul>\n<li>Altura: 154,94 cm (61 pulg).<\/li>\n<li>Anchura: 62,23 cm (24,5 pulg).<\/li>\n<li>Profundidad: 71,12 cm (28 pulg.).<\/li>\n<li>Peso: 54,48 kg (120 lbs)<\/li>\n<\/ul>\n<h3>Fuente de alimentacion:<\/h3>\n<ul>\n<li>Requisitos: 90 a 135 VAC, 180 a 270 VAC, 50\/60 Hz.<\/li>\n<li>Consumo de energ\u00eda: 225 W m\u00e1ximo.<\/li>\n<\/ul>\n<h3>Monitor<\/h3>\n<ul>\n<li>Tama\u00f1o: 30,48 cm (48 in) diagonal<\/li>\n<li>Tipo: de alta resoluci\u00f3n, trama escrita.<\/li>\n<li>Respuesta de frecuencia: 0,01 a 40 Hz, 0,01 a 20 Hz, seleccionable por el usuario.<\/li>\n<li>El n\u00famero de trazas: 3 plomo del ritmo.<\/li>\n<li>Velocidad de barrido: 25 mm\/s.<\/li>\n<li>Exactitud de la velocidad del barrido: el \u00b1 2%.<\/li>\n<li>Ritmo de ECG: 7,5 s\/Lead.<\/li>\n<li>Leads: seleccionable por el usuario.<\/li>\n<li>Informes de memoria: 10s de 6 leads seleccionables por el usuario.<\/li>\n<li>Datos mostrados: frecuencia card\u00edaca, frecuencia card\u00edaca de destino, presi\u00f3n arterial, reloj de tiempo de ejercicio total, reloj de escenario, 4 punto medio actual<\/li>\n<li>complejos, velocidad de la caminadora, y grado, contador ect\u00f3pico\/minucioso ventricular, 3 canales del ritmo, protocolo y etapa del ejercicio, mensajes amonestadores y<\/li>\n<li>Indicaciones.<\/li>\n<\/ul>\n<h3>Sistema<\/h3>\n<ul>\n<li>Velocidad de muestreo digital: 250 Hz. Conversi\u00f3n A\/D: 12 bits. Corriente de fuga del chasis: &lt; 100 mA (cumple con los est\u00e1ndares de AAM I SCL 1278).<\/li>\n<li>Corriente de fuga del paciente: &lt; 10 mA. Rechazo de modo com\u00fan: 130 dB, m\u00ednimo, hasta 180 dB con procesamiento digital. Eliminaci\u00f3n de AC: filtros digitales 50\/60 Hz.<\/li>\n<li>Tolerancia de la compensaci\u00f3n del electrodo: \u00b1 320 CC. Prueba de mantenimiento interno: auto-pruebas autom\u00e1ticas. Unidad de disquete: compatible con formato de 8,89 cm (3,5 pulg), 2 MB, doble cara, cu\u00e1druple densidad y ms-dos.<\/li>\n<\/ul>\n<h3>Resultados<\/h3>\n<ul>\n<li>Salidas est\u00e1ndar: una salida anal\u00f3gica, una salida de forma de onda, una salida TTL con ancho de pulso variable, polaridad y retardo, pitido de QRS<\/li>\n<li>M\u00e9todo del escritor: arsenal termal del punto (1000 DOTS\/in horizontal en 25 mm\/s, vertical 200 DOTS\/in). Canales: 6, seleccionable por el usuario.<\/li>\n<li>Respuesta de frecuencia: 0,01 a 100 Hz, 0,01 a 40 Hz, 0,01 a 20 Hz, seleccionable por el usuario.<\/li>\n<li>Sensibilidad: 5, 10, y 20 mm\/MV. Velocidad de papel: 5, 12.5, 25 y 50 mm\/s, seleccionable por el usuario.<\/li>\n<li>Estilo de papel: termal, perforado, 21,59 CMX 27,94 cm x (8,55 \u2033 x 11 \u2033), Zfold, 300 hojas\/paquete.<\/li>\n<\/ul>\n<p>&nbsp;<\/p>\n","protected":false},"excerpt":{"rendered":"<p>Sistema de Prueba de Esfuerzo Interpretativo con Banda Sin Fin<\/p>\n","protected":false},"featured_media":12461,"template":"","meta":{"_acf_changed":false,"_relevanssi_hide_post":"","_relevanssi_hide_content":"","_relevanssi_pin_for_all":"","_relevanssi_pin_keywords":"","_relevanssi_unpin_keywords":"","_relevanssi_related_keywords":"","_relevanssi_related_include_ids":"","_relevanssi_related_exclude_ids":"","_relevanssi_related_no_append":"","_relevanssi_related_not_related":"","_relevanssi_related_posts":"","_relevanssi_noindex_reason":"","inline_featured_image":false},"pwb-brand":[1100],"product_brand":[],"product_cat":[75],"product_tag":[1207,5264,5267,5258,5263,5265,5266,5239],"class_list":{"0":"post-4183","1":"product","2":"type-product","3":"status-publish","4":"has-post-thumbnail","6":"pwb-brand-equipo-medico-ge","7":"product_cat-sistemas-de-pruebas-de-esfuerzo","8":"product_tag-ge-marquette","9":"product_tag-ge-marquette-max-1","10":"product_tag-ge-marquette-max-1-sistemas-de-pruebas-de-esfuerzo","11":"product_tag-ge-marquette-sistemas-de-pruebas-de-esfuerzo","12":"product_tag-ge-sistemas-de-pruebas-de-esfuerzo-sistemas-de-pruebas-de-esfuerzo-ge","13":"product_tag-marquette-max-1","14":"product_tag-marquette-max-1-sistemas-de-pruebas-de-esfuerzo","15":"product_tag-sistemas-de-pruebas-de-esfuerzo","17":"first","18":"instock","19":"purchasable","20":"product-type-simple"},"acf":[],"brands":[{"id":1100,"name":"GE","slug":"equipo-medico-ge"}],"_links":{"self":[{"href":"https:\/\/www.somatechnology.com\/spanish\/wp-json\/wp\/v2\/product\/4183","targetHints":{"allow":["GET"]}}],"collection":[{"href":"https:\/\/www.somatechnology.com\/spanish\/wp-json\/wp\/v2\/product"}],"about":[{"href":"https:\/\/www.somatechnology.com\/spanish\/wp-json\/wp\/v2\/types\/product"}],"wp:featuredmedia":[{"embeddable":true,"href":"https:\/\/www.somatechnology.com\/spanish\/wp-json\/wp\/v2\/media\/12461"}],"wp:attachment":[{"href":"https:\/\/www.somatechnology.com\/spanish\/wp-json\/wp\/v2\/media?parent=4183"}],"wp:term":[{"taxonomy":"pwb-brand","embeddable":true,"href":"https:\/\/www.somatechnology.com\/spanish\/wp-json\/wp\/v2\/pwb-brand?post=4183"},{"taxonomy":"product_brand","embeddable":true,"href":"https:\/\/www.somatechnology.com\/spanish\/wp-json\/wp\/v2\/product_brand?post=4183"},{"taxonomy":"product_cat","embeddable":true,"href":"https:\/\/www.somatechnology.com\/spanish\/wp-json\/wp\/v2\/product_cat?post=4183"},{"taxonomy":"product_tag","embeddable":true,"href":"https:\/\/www.somatechnology.com\/spanish\/wp-json\/wp\/v2\/product_tag?post=4183"}],"curies":[{"name":"wp","href":"https:\/\/api.w.org\/{rel}","templated":true}]}}