{"id":4225,"date":"2016-07-19T21:22:35","date_gmt":"2016-07-19T21:22:35","guid":{"rendered":"http:\/\/equipomedicocentral.com\/wordpress\/product\/ge-marquette-case\/"},"modified":"2023-08-23T06:07:57","modified_gmt":"2023-08-23T10:07:57","slug":"ge-marquette-case","status":"publish","type":"product","link":"https:\/\/www.somatechnology.com\/spanish\/equipo-medico-usado-remanufacturado\/cardiologia\/sistemas-de-pruebas-de-esfuerzo\/ge-marquette-case\/","title":{"rendered":"GE Marquette Case"},"content":{"rendered":"<h2>Carasteristicas GE Marquette Case<\/h2>\n<p>El sistema <strong>Marquette Case \u00ae<\/strong> ofrece aplicaciones que aumentan la productividad y que son m\u00e1s f\u00e1ciles de usar, y nuevas alternativas de redes innovadoras. Tecnolog\u00eda de liderazgo dise\u00f1ada para ayudar a tomar mejores decisiones cl\u00ednicas y diagn\u00f3sticos m\u00e1s seguros.<\/p>\n<p>Los nuevos algoritmos y caracter\u00edsticas de an\u00e1lisis avanzados ampl\u00edan las capacidades para evaluar la funci\u00f3n cardiaca durante el ejercicio. Y ayudar a predecir el riesgo del paciente usando las herramientas de estratificaci\u00f3n de riesgo de GE. Desde la multimodalidad, los laboratorios de estr\u00e9s de alto rendimiento hasta las peque\u00f1as oficinas que ejecutan pruebas de ejercicio menos frecuentes, el sistema de casos m\u00e1s que mantiene el ritmo de su flujo de trabajo.<\/p>\n<p>Adem\u00e1s, el sistema de casos se puede configurar f\u00e1cilmente para los desaf\u00edos de administraci\u00f3n de la informaci\u00f3n, desde soluciones de red sencillas hasta sofisticadas. El sistema de casos ofrece pruebas de ejercicio que son correctas. Conveniente. Eficiente.<\/p>\n<h3><strong>Especificaciones f\u00edsicas: <\/strong><\/h3>\n<ul>\n<li>Height: 148 cm (58 in) with no monitor installed<\/li>\n<\/ul>\n<ul>\n<li>Anchura: 62 cm (24 pulg) con la bandeja de papel quitada<\/li>\n<li>Profundidad: 75 cm (30 pulg.)<\/li>\n<li>Peso 68 kg (150 lb) sin monitor adultos y Pediatr\u00eda<\/li>\n<li>Funci\u00f3n adicional de ECG: interpretaci\u00f3n de la tensi\u00f3n de XTi; Vectorcardiography (15 transductor)<\/li>\n<\/ul>\n<h3><strong>Procesamiento de se\u00f1ales: <\/strong><\/h3>\n<ul>\n<li>Frecuencia del an\u00e1lisis de ECG: 500 hertzios<\/li>\n<li>Medidas del St: amplitudes del St, cuesta, integral, \u00edndice, cuesta de St\/HR, lazos de St\/HR, \u00edndice de St\/hr hasta 15 plomos<\/li>\n<li>Punto e, j y post-j: manual o equipo seleccionado<\/li>\n<li>Correcci\u00f3n de l\u00ednea de base: filtro residual finito (FRF) y\/o an\u00e1lisis de splines c\u00fabicos<\/li>\n<li>Detecci\u00f3n y an\u00e1lisis de QRS: selecci\u00f3n de plomo autom\u00e1tica o manual<\/li>\n<li>ECG hecho salir: ECG en tiempo real\/QRS salida de la sincronizaci\u00f3n de la se\u00f1al sonora\/TTL<\/li>\n<li>Frecuencia card\u00edaca: detecci\u00f3n autom\u00e1tica de arritmias, documentaci\u00f3n y anotaci\u00f3n<\/li>\n<li>Completo-divulgaci\u00f3n ECG: batir-a-batir el almacenaje de ECG y la revisi\u00f3n del acontecimiento<\/li>\n<li>Rean\u00e1lisis: mediciones de medios posteriores a la prueba de las selecciones de puntos E, j y post-j<\/li>\n<li>Interpretaci\u00f3n de ECG (opcional): Marquette * 12SL * descansando el programa del an\u00e1lisis de ECG para los adultos y la pediatr\u00eda<\/li>\n<\/ul>\n<p>&nbsp;<\/p>\n","protected":false},"excerpt":{"rendered":"<p>12sl interpetive Sistema de Prueba de Esfuerzo con Banda Sin Fin<\/p>\n","protected":false},"featured_media":12457,"template":"","meta":{"_acf_changed":false,"_relevanssi_hide_post":"","_relevanssi_hide_content":"","_relevanssi_pin_for_all":"","_relevanssi_pin_keywords":"","_relevanssi_unpin_keywords":"","_relevanssi_related_keywords":"","_relevanssi_related_include_ids":"","_relevanssi_related_exclude_ids":"","_relevanssi_related_no_append":"","_relevanssi_related_not_related":"","_relevanssi_related_posts":"","_relevanssi_noindex_reason":"","inline_featured_image":false},"pwb-brand":[1100],"product_brand":[],"product_cat":[75],"product_tag":[5256,5257,5254,5239,5255],"class_list":{"0":"post-4225","1":"product","2":"type-product","3":"status-publish","4":"has-post-thumbnail","6":"pwb-brand-equipo-medico-ge","7":"product_cat-sistemas-de-pruebas-de-esfuerzo","8":"product_tag-ge-marquette-case","9":"product_tag-ge-marquette-case-sistemas-de-pruebas-de-esfuerzo","10":"product_tag-ge-sistemas-de-pruebas-de-esfuerzo","11":"product_tag-sistemas-de-pruebas-de-esfuerzo","12":"product_tag-sistemas-de-pruebas-de-esfuerzo-ge","14":"first","15":"instock","16":"purchasable","17":"product-type-simple"},"acf":[],"brands":[{"id":1100,"name":"GE","slug":"equipo-medico-ge"}],"_links":{"self":[{"href":"https:\/\/www.somatechnology.com\/spanish\/wp-json\/wp\/v2\/product\/4225","targetHints":{"allow":["GET"]}}],"collection":[{"href":"https:\/\/www.somatechnology.com\/spanish\/wp-json\/wp\/v2\/product"}],"about":[{"href":"https:\/\/www.somatechnology.com\/spanish\/wp-json\/wp\/v2\/types\/product"}],"wp:featuredmedia":[{"embeddable":true,"href":"https:\/\/www.somatechnology.com\/spanish\/wp-json\/wp\/v2\/media\/12457"}],"wp:attachment":[{"href":"https:\/\/www.somatechnology.com\/spanish\/wp-json\/wp\/v2\/media?parent=4225"}],"wp:term":[{"taxonomy":"pwb-brand","embeddable":true,"href":"https:\/\/www.somatechnology.com\/spanish\/wp-json\/wp\/v2\/pwb-brand?post=4225"},{"taxonomy":"product_brand","embeddable":true,"href":"https:\/\/www.somatechnology.com\/spanish\/wp-json\/wp\/v2\/product_brand?post=4225"},{"taxonomy":"product_cat","embeddable":true,"href":"https:\/\/www.somatechnology.com\/spanish\/wp-json\/wp\/v2\/product_cat?post=4225"},{"taxonomy":"product_tag","embeddable":true,"href":"https:\/\/www.somatechnology.com\/spanish\/wp-json\/wp\/v2\/product_tag?post=4225"}],"curies":[{"name":"wp","href":"https:\/\/api.w.org\/{rel}","templated":true}]}}