{"id":4231,"date":"2016-07-19T21:23:11","date_gmt":"2016-07-19T21:23:11","guid":{"rendered":"http:\/\/equipomedicocentral.com\/wordpress\/product\/critikon-dinamap-plus-monitor\/"},"modified":"2023-08-23T06:08:00","modified_gmt":"2023-08-23T10:08:00","slug":"critikon-dinamap-plus","status":"publish","type":"product","link":"https:\/\/www.somatechnology.com\/spanish\/equipo-medico-usado-remanufacturado\/monitores-de-signos-vitales\/monitores-multiparametros\/critikon-dinamap-plus\/","title":{"rendered":"GE Critikon Dinamap Plus"},"content":{"rendered":"<h2>Caracter\u00edsticas del GE Critikon Dinamap Plus<\/h2>\n<p>Los monitores <strong>GE Critikon Dinamap Plus<\/strong> est\u00e1n dise\u00f1ados para la monitorizaci\u00f3n no invasiva e invasiva de pacientes en numerosos escenarios cl\u00ednicos. El monitor puede acompa\u00f1ar a los pacientes desde y hacia diversos departamentos hospitalarios (por ejemplo, emergencias, radiolog\u00eda, recuperaci\u00f3n, desfase card\u00edaco) y puede ser utilizado durante muchos procedimientos especializados en \u00e1reas sat\u00e9lites, o durante cirug\u00edas en consultorios m\u00e9dicos o centros de cirug\u00eda ambulatoria. Caracter\u00edsticas del monitor Critikon Dinamap Plus: ligero y port\u00e1til de alta visibilidad y claridad en la mayor\u00eda de las condiciones de iluminaci\u00f3n. Buenas vistas angulares. Los datos y las formas de onda se muestran s\u00f3lo cuando el par\u00e1metro est\u00e1 activo. El men\u00fa anterior y las teclas del men\u00fa principal permiten una f\u00e1cil navegaci\u00f3n. Indicaciones audibles y visibles si los par\u00e1metros monitorizados exceden los l\u00edmites seleccionados por el usuario. Tambi\u00e9n se indican las condiciones anormales y el fallo del hardware. Control de volumen de audio para alarmas y se\u00f1al de pulso. Volumen siempre a un nivel audible para salvaguardar. Cinco men\u00fas condujeron las llaves para hacer para el cambio conveniente de la exhibici\u00f3n.<\/p>\n<h2 dir=\"ltr\" data-placeholder=\"Translation\"><span lang=\"es\">Especificaciones<\/span> del GE Critikon Dinamap Plus<\/h2>\n<ul>\n<li>Monitor: 9.8 lb\/4.45 kg \u2013 (9.25 h x 7.2 w x 8.5 d pulgadas)<\/li>\n<li>M\u00f3dulo de la bater\u00eda: 3.85 lb\/1.75 kg \u2013 (1.5 h x 7.2 w x 8D inches)<\/li>\n<li>M\u00f3dulo de la impresora: 6lb\/2.7 kg \u2013 (3.32 h x 7.12 w x 8.13 d pulgadas)<\/li>\n<li>Entrada de CA: 88-268 VAC; 47-63 Hz<\/li>\n<li>Energ\u00eda de entrada de la CA: 20-35 vatios t\u00edpicos, incluyendo el cargador de bater\u00eda; 70 vatios m\u00e1ximo<\/li>\n<li>L\u00ednea CA fusibles 2,0 A (F2A, golpe r\u00e1pido), 250V, 3AG<\/li>\n<li>Voltaje de entrada de c.c.: 12 a 32 VDC<\/li>\n<li>Potencia de entrada de CC: 15-21 vatios t\u00edpico: 42 vatios m\u00e1x.<\/li>\n<li>5,0 A (soplo r\u00e1pido de F5A), 125V, 2AG<\/li>\n<li>Fusibles de la bater\u00eda de almacenaje: 5,0 A (F5A, golpe r\u00e1pido), 125V, 2AG<\/li>\n<li>Corriente de fuga: &lt; 100uA cable de alimentaci\u00f3n: 10ft dom\u00e9stico, desmontable, chaqueta azul, calibre 16 terminado con tap\u00f3n de grado hospitalario de 3 puntas. Internacional: 10ft, desmontable, azul con camisa, calibre 16 no terminado. Bater\u00eda del m\u00f3dulo de impresora operaci\u00f3n de la bater\u00eda del almacenaje: dos bater\u00edas; operaci\u00f3n secuencial, una hora por bater\u00eda. La clasificaci\u00f3n est\u00e1ndar de 10 horas es de 2,3 amperios por hora.<\/li>\n<\/ul>\n<p>&nbsp;<\/p>\n","protected":false},"excerpt":{"rendered":"<p>Monitores Multiparametros<\/p>\n","protected":false},"featured_media":11371,"template":"","meta":{"_acf_changed":false,"_relevanssi_hide_post":"","_relevanssi_hide_content":"","_relevanssi_pin_for_all":"","_relevanssi_pin_keywords":"","_relevanssi_unpin_keywords":"","_relevanssi_related_keywords":"","_relevanssi_related_include_ids":"","_relevanssi_related_exclude_ids":"","_relevanssi_related_no_append":"","_relevanssi_related_not_related":"","_relevanssi_related_posts":"","_relevanssi_noindex_reason":"","inline_featured_image":false},"pwb-brand":[1100],"product_brand":[],"product_cat":[50],"product_tag":[3730,3729,3727,3728,3715,3614],"class_list":{"0":"post-4231","1":"product","2":"type-product","3":"status-publish","4":"has-post-thumbnail","6":"pwb-brand-equipo-medico-ge","7":"product_cat-monitores-multiparametros","8":"product_tag-critikon-monitores-multiparametros","9":"product_tag-dinamap-monitores-multiparametros","10":"product_tag-ge-critikon-dinamap-plus","11":"product_tag-ge-critikon-dinamap-plus-monitores-multiparametros","12":"product_tag-ge-monitores-multiparametros","13":"product_tag-monitores-multiparametros","15":"first","16":"instock","17":"purchasable","18":"product-type-simple"},"acf":[],"brands":[{"id":1100,"name":"GE","slug":"equipo-medico-ge"}],"_links":{"self":[{"href":"https:\/\/www.somatechnology.com\/spanish\/wp-json\/wp\/v2\/product\/4231","targetHints":{"allow":["GET"]}}],"collection":[{"href":"https:\/\/www.somatechnology.com\/spanish\/wp-json\/wp\/v2\/product"}],"about":[{"href":"https:\/\/www.somatechnology.com\/spanish\/wp-json\/wp\/v2\/types\/product"}],"wp:featuredmedia":[{"embeddable":true,"href":"https:\/\/www.somatechnology.com\/spanish\/wp-json\/wp\/v2\/media\/11371"}],"wp:attachment":[{"href":"https:\/\/www.somatechnology.com\/spanish\/wp-json\/wp\/v2\/media?parent=4231"}],"wp:term":[{"taxonomy":"pwb-brand","embeddable":true,"href":"https:\/\/www.somatechnology.com\/spanish\/wp-json\/wp\/v2\/pwb-brand?post=4231"},{"taxonomy":"product_brand","embeddable":true,"href":"https:\/\/www.somatechnology.com\/spanish\/wp-json\/wp\/v2\/product_brand?post=4231"},{"taxonomy":"product_cat","embeddable":true,"href":"https:\/\/www.somatechnology.com\/spanish\/wp-json\/wp\/v2\/product_cat?post=4231"},{"taxonomy":"product_tag","embeddable":true,"href":"https:\/\/www.somatechnology.com\/spanish\/wp-json\/wp\/v2\/product_tag?post=4231"}],"curies":[{"name":"wp","href":"https:\/\/api.w.org\/{rel}","templated":true}]}}