{"id":4246,"date":"2016-07-19T21:23:11","date_gmt":"2016-07-19T21:23:11","guid":{"rendered":"http:\/\/equipomedicocentral.com\/wordpress\/product\/baxter-infusor\/"},"modified":"2025-01-23T15:29:14","modified_gmt":"2025-01-23T20:29:14","slug":"baxter-infusor","status":"publish","type":"product","link":"https:\/\/www.somatechnology.com\/spanish\/equipo-medico-usado-remanufacturado\/terapia-intravenosa\/bombas-intravenosas\/baxter-infusor\/","title":{"rendered":"Baxter InfusOR"},"content":{"rendered":"<h2>Caracter\u00edsticas del\u00a0Baxter InfusOR<\/h2>\n<p>La <strong><a href=\"https:\/\/www.somatechnology.com\/wp-content\/uploads\/sites\/2\/2016\/07\/baxter-infusor-spa.pdf\">Baxter InfusOR es una bomba de infusi\u00f3n<\/a><\/strong> por jeringa compacta y ligera, dise\u00f1ada para administrar una amplia gama de medicamentos intravenosos, incluidos narc\u00f3ticos, relajantes musculares y otros f\u00e1rmacos. Su sistema de etiquetas inteligentes mejora la precisi\u00f3n de las dosis al permitir que etiquetas espec\u00edficas se adjunten a la bomba, reduciendo significativamente el riesgo de errores de medicaci\u00f3n.<\/p>\n<ul>\n<li>Admite un sistema de etiquetas inteligentes<\/li>\n<li>Cambie y modifique f\u00e1cilmente las dosis de los medicamentos sin tener que reprogramarlos<\/li>\n<li>Puede administrar una variedad de medicamentos durante la anestesia: narc\u00f3ticos, relajantes musculares y vasoactivos, entre otros<\/li>\n<li>Riesgo m\u00ednimo de errores de c\u00e1lculo y medicaci\u00f3n<\/li>\n<li>Se pueden realizar ajustes durante el momento de la infusi\u00f3n<\/li>\n<li>F\u00e1cil de usar y configurar<\/li>\n<\/ul>\n","protected":false},"excerpt":{"rendered":"<p>Bomba de Jeringa<\/p>\n","protected":false},"featured_media":31675,"template":"","meta":{"_acf_changed":false,"_relevanssi_hide_post":"","_relevanssi_hide_content":"","_relevanssi_pin_for_all":"","_relevanssi_pin_keywords":"","_relevanssi_unpin_keywords":"","_relevanssi_related_keywords":"","_relevanssi_related_include_ids":"","_relevanssi_related_exclude_ids":"","_relevanssi_related_no_append":"","_relevanssi_related_not_related":"","_relevanssi_related_posts":"","_relevanssi_noindex_reason":"","inline_featured_image":false},"pwb-brand":[1321],"product_brand":[],"product_cat":[52],"product_tag":[6908,10622,2936,10613,10627,10621,10611,10625,3793,10623,10619,10633,10617,10631,10612,10626,10610,10624,10620,10634,10618,10632,10636,10635,10616,10630,10615,10614,10628,10629],"class_list":{"0":"post-4246","1":"product","2":"type-product","3":"status-publish","4":"has-post-thumbnail","6":"pwb-brand-bombas-intravenosas-baxter","7":"product_cat-bombas-intravenosas","8":"product_tag-bard","9":"product_tag-bard-reacondicionado","10":"product_tag-baxter","11":"product_tag-baxter-bard","12":"product_tag-baxter-bard-reacondicionado","13":"product_tag-baxter-reacondicionado","14":"product_tag-bomba-de-infusion-bard","15":"product_tag-bomba-de-infusion-bard-reacondicionada","16":"product_tag-bomba-de-infusion-baxter","17":"product_tag-bomba-de-infusion-baxter-reacondicionada","18":"product_tag-bomba-de-infusion-infusor-bard","19":"product_tag-bomba-de-infusion-infusor-bard-reacondicionada","20":"product_tag-bomba-de-infusion-infusor-baxter","21":"product_tag-bomba-de-infusion-infusor-baxter-reacondicionada","22":"product_tag-bombas-de-infusion-bard","23":"product_tag-bombas-de-infusion-bard-reacondicionadas","24":"product_tag-bombas-de-infusion-baxter","25":"product_tag-bombas-de-infusion-baxter-reacondicionadas","26":"product_tag-bombas-de-infusion-infusor-bard","27":"product_tag-bombas-de-infusion-infusor-bard-reacondicionadas","28":"product_tag-bombas-de-infusion-infusor-baxter","29":"product_tag-bombas-de-infusion-infusor-baxter-reacondicionadas","30":"product_tag-infus-o-r","31":"product_tag-infus-or","32":"product_tag-infusor-bard","33":"product_tag-infusor-bard-reacondicionado","34":"product_tag-infusor-baxter","35":"product_tag-infusor-baxter-bard","36":"product_tag-infusor-baxter-bard-reacondicionado","37":"product_tag-infusor-baxter-reacondicionado","39":"first","40":"instock","41":"purchasable","42":"product-type-simple"},"acf":[],"brands":[{"id":1321,"name":"Baxter","slug":"bombas-intravenosas-baxter"}],"_links":{"self":[{"href":"https:\/\/www.somatechnology.com\/spanish\/wp-json\/wp\/v2\/product\/4246","targetHints":{"allow":["GET"]}}],"collection":[{"href":"https:\/\/www.somatechnology.com\/spanish\/wp-json\/wp\/v2\/product"}],"about":[{"href":"https:\/\/www.somatechnology.com\/spanish\/wp-json\/wp\/v2\/types\/product"}],"wp:featuredmedia":[{"embeddable":true,"href":"https:\/\/www.somatechnology.com\/spanish\/wp-json\/wp\/v2\/media\/31675"}],"wp:attachment":[{"href":"https:\/\/www.somatechnology.com\/spanish\/wp-json\/wp\/v2\/media?parent=4246"}],"wp:term":[{"taxonomy":"pwb-brand","embeddable":true,"href":"https:\/\/www.somatechnology.com\/spanish\/wp-json\/wp\/v2\/pwb-brand?post=4246"},{"taxonomy":"product_brand","embeddable":true,"href":"https:\/\/www.somatechnology.com\/spanish\/wp-json\/wp\/v2\/product_brand?post=4246"},{"taxonomy":"product_cat","embeddable":true,"href":"https:\/\/www.somatechnology.com\/spanish\/wp-json\/wp\/v2\/product_cat?post=4246"},{"taxonomy":"product_tag","embeddable":true,"href":"https:\/\/www.somatechnology.com\/spanish\/wp-json\/wp\/v2\/product_tag?post=4246"}],"curies":[{"name":"wp","href":"https:\/\/api.w.org\/{rel}","templated":true}]}}