{"id":4248,"date":"2016-07-19T21:23:11","date_gmt":"2016-07-19T21:23:11","guid":{"rendered":"http:\/\/equipomedicocentral.com\/wordpress\/product\/baxter-300xl\/"},"modified":"2023-08-23T06:08:05","modified_gmt":"2023-08-23T10:08:05","slug":"baxter-300xl","status":"publish","type":"product","link":"https:\/\/www.somatechnology.com\/spanish\/equipo-medico-usado-remanufacturado\/terapia-intravenosa\/bombas-intravenosas\/baxter-300xl\/","title":{"rendered":"Baxter 300XL"},"content":{"rendered":"<h2>Caracter\u00edsticas del\u00a0Bomba de Jeringa Baxter 300XL<\/h2>\n<p>El Baxter mini-infusor <strong>300XL<\/strong> es una bomba de infusi\u00f3n de jeringas con bater\u00eda RX con una escala de tiempo activa y un selector de velocidad dise\u00f1ado para la entrega controlada de la tasa de l\u00edquidos parentales de peque\u00f1o volumen seg\u00fan lo prescrito por un m\u00e9dico.<\/p>\n<h2>Especificaciones\u00a0del\u00a0Bomba de Jeringa Baxter 300XL<\/h2>\n<ul>\n<li>Longitud: 9,50 en<\/li>\n<li>Anchura: 11,75 en<\/li>\n<li>Altura: 4,25 en<\/li>\n<li>Peso: 2,50 lb<\/li>\n<li>Tiempo de la infusi\u00f3n: encima de to116 minutos<\/li>\n<li>Bater\u00eda: cuatro C-tama\u00f1o<\/li>\n<li>Duraci\u00f3n de la bater\u00eda: 400 horas en la velocidad t\u00edpica<\/li>\n<li>Velocidades: bajo (1,8 in\/hr), bajo (2,7 in\/hr), y MED (5,5 in\/HR)<\/li>\n<\/ul>\n","protected":false},"excerpt":{"rendered":"<p>Bomba de Jeringa<\/p>\n","protected":false},"featured_media":11761,"template":"","meta":{"_acf_changed":false,"_relevanssi_hide_post":"","_relevanssi_hide_content":"","_relevanssi_pin_for_all":"","_relevanssi_pin_keywords":"","_relevanssi_unpin_keywords":"","_relevanssi_related_keywords":"","_relevanssi_related_include_ids":"","_relevanssi_related_exclude_ids":"","_relevanssi_related_no_append":"","_relevanssi_related_not_related":"","_relevanssi_related_posts":"","_relevanssi_noindex_reason":"","inline_featured_image":false},"pwb-brand":[1321],"product_brand":[],"product_cat":[52],"product_tag":[2936,3047,3046,3828,3048],"class_list":{"0":"post-4248","1":"product","2":"type-product","3":"status-publish","4":"has-post-thumbnail","6":"pwb-brand-bombas-intravenosas-baxter","7":"product_cat-bombas-intravenosas","8":"product_tag-baxter","9":"product_tag-baxter-300","10":"product_tag-baxter-300xl","11":"product_tag-bomba-de-jeringa-baxter-300xl","12":"product_tag-bombas-intravenosas","14":"first","15":"instock","16":"purchasable","17":"product-type-simple"},"acf":[],"brands":[{"id":1321,"name":"Baxter","slug":"bombas-intravenosas-baxter"}],"_links":{"self":[{"href":"https:\/\/www.somatechnology.com\/spanish\/wp-json\/wp\/v2\/product\/4248","targetHints":{"allow":["GET"]}}],"collection":[{"href":"https:\/\/www.somatechnology.com\/spanish\/wp-json\/wp\/v2\/product"}],"about":[{"href":"https:\/\/www.somatechnology.com\/spanish\/wp-json\/wp\/v2\/types\/product"}],"wp:featuredmedia":[{"embeddable":true,"href":"https:\/\/www.somatechnology.com\/spanish\/wp-json\/wp\/v2\/media\/11761"}],"wp:attachment":[{"href":"https:\/\/www.somatechnology.com\/spanish\/wp-json\/wp\/v2\/media?parent=4248"}],"wp:term":[{"taxonomy":"pwb-brand","embeddable":true,"href":"https:\/\/www.somatechnology.com\/spanish\/wp-json\/wp\/v2\/pwb-brand?post=4248"},{"taxonomy":"product_brand","embeddable":true,"href":"https:\/\/www.somatechnology.com\/spanish\/wp-json\/wp\/v2\/product_brand?post=4248"},{"taxonomy":"product_cat","embeddable":true,"href":"https:\/\/www.somatechnology.com\/spanish\/wp-json\/wp\/v2\/product_cat?post=4248"},{"taxonomy":"product_tag","embeddable":true,"href":"https:\/\/www.somatechnology.com\/spanish\/wp-json\/wp\/v2\/product_tag?post=4248"}],"curies":[{"name":"wp","href":"https:\/\/api.w.org\/{rel}","templated":true}]}}