{"id":4250,"date":"2016-07-19T21:23:11","date_gmt":"2016-07-19T21:23:11","guid":{"rendered":"http:\/\/equipomedicocentral.com\/wordpress\/product\/baxter-ap-ii\/"},"modified":"2023-08-23T06:08:06","modified_gmt":"2023-08-23T10:08:06","slug":"baxter-ap-ii","status":"publish","type":"product","link":"https:\/\/www.somatechnology.com\/spanish\/equipo-medico-usado-remanufacturado\/terapia-intravenosa\/bombas-intravenosas\/baxter-ap-ii\/","title":{"rendered":"Baxter AP II"},"content":{"rendered":"<h2>Caracter\u00edsticas del\u00a0Bomba de Infusi\u00f3n Baxter AP II<\/h2>\n<p><strong>La bomba de infusi\u00f3n de Baxter<\/strong> protocolo es una bomba peque\u00f1a, ligera, linear del perist\u00e1ltica funcionada por la bater\u00eda o la energ\u00eda de la CA. Se requiere una llave para abrir la cubierta de la bolsa de fluido y para introducir o cambiar una prescripci\u00f3n que impide el acceso no autorizado o cambios en el medicamento o la prescripci\u00f3n. Las opciones de infusi\u00f3n ofrecidas por el protocolo son infusi\u00f3n continua y\/o infusi\u00f3n de analgesia controlada por el paciente (PCA). La bomba de PCA Baxter protocolo realiza una amplia autoprueba que monitorear\u00e1 continuamente el funcionamiento de la bomba. La gama de la tarifa para esta unidad es 1-1000 mg\/hr, volumen 1-250 ml.<\/p>\n<ul>\n<li>Modos de operaci\u00f3n: PCA, basal + PCA, y continuo<\/li>\n<li>Exactitud del caudal: \u00b1 10%<\/li>\n<li>Caudales: tasa basal: 0,1 \u2013 9,9 ml\/hr<\/li>\n<li>Tarifa continua: 0,1-19,9 ml\/hr<\/li>\n<li>Dosis de PCA, bolo, y tasa de cebado: 90 ml\/hr<\/li>\n<li>Detecci\u00f3n de oclusi\u00f3n: 22 \u00b1 10 PSI medida inmediatamente distal del mecanismo de bombeo<\/li>\n<li>Selecci\u00f3n de volumen de dosis de PCA: 0,0 \u2013 9,9 ml<\/li>\n<li>Selecciones del volumen del bolo: 0,0 \u2013 9,9 ml<\/li>\n<li>Selecciones de volumen del dep\u00f3sito: 1 \u2013 1999 ml<\/li>\n<li>Selecciones de l\u00edmite de una hora: 0,1 \u2013 60,0 ml\/hr<\/li>\n<li>Selecciones de tiempo de retardo: 3 \u2013 240 minutos<\/li>\n<li>Fuente de energ\u00eda: bater\u00eda alcalina de 9 voltios o fuente de corriente alterna<\/li>\n<li>Mecanismo de impulsi\u00f3n: motor de la c.c., microprocesador controlado, mecanismo de bombeo perist\u00e1ltica linear de la precisi\u00f3n<\/li>\n<li>Carcasa: ABS resistente a golpes y vibraciones<\/li>\n<li>Dimensiones: 4,9 \u2033 H x 3,4 \u2033 W x 1,8 \u2033 D sin la cubierta fl\u00faida del bolso<\/li>\n<li>Peso: aproximadamente 1 libra<\/li>\n<\/ul>\n","protected":false},"excerpt":{"rendered":"<p>Bomba de Infusi\u00f3n<\/p>\n","protected":false},"featured_media":11769,"template":"","meta":{"_acf_changed":false,"_relevanssi_hide_post":"","_relevanssi_hide_content":"","_relevanssi_pin_for_all":"","_relevanssi_pin_keywords":"","_relevanssi_unpin_keywords":"","_relevanssi_related_keywords":"","_relevanssi_related_include_ids":"","_relevanssi_related_exclude_ids":"","_relevanssi_related_no_append":"","_relevanssi_related_not_related":"","_relevanssi_related_posts":"","_relevanssi_noindex_reason":"","inline_featured_image":false},"pwb-brand":[1321],"product_brand":[],"product_cat":[52],"product_tag":[2936,4729,4730,3670,3611,3793,3830,3048,3671],"class_list":{"0":"post-4250","1":"product","2":"type-product","3":"status-publish","4":"has-post-thumbnail","6":"pwb-brand-bombas-intravenosas-baxter","7":"product_cat-bombas-intravenosas","8":"product_tag-baxter","9":"product_tag-baxter-ap-ii","10":"product_tag-baxter-ap-ii-bombas-intravenosas","11":"product_tag-baxter-bombas-intravenosas","12":"product_tag-bomba-de-infusion","13":"product_tag-bomba-de-infusion-baxter","14":"product_tag-bomba-de-infusion-baxter-ap-ii","15":"product_tag-bombas-intravenosas","16":"product_tag-bombas-intravenosas-baxter","18":"first","19":"instock","20":"purchasable","21":"product-type-simple"},"acf":[],"brands":[{"id":1321,"name":"Baxter","slug":"bombas-intravenosas-baxter"}],"_links":{"self":[{"href":"https:\/\/www.somatechnology.com\/spanish\/wp-json\/wp\/v2\/product\/4250","targetHints":{"allow":["GET"]}}],"collection":[{"href":"https:\/\/www.somatechnology.com\/spanish\/wp-json\/wp\/v2\/product"}],"about":[{"href":"https:\/\/www.somatechnology.com\/spanish\/wp-json\/wp\/v2\/types\/product"}],"wp:featuredmedia":[{"embeddable":true,"href":"https:\/\/www.somatechnology.com\/spanish\/wp-json\/wp\/v2\/media\/11769"}],"wp:attachment":[{"href":"https:\/\/www.somatechnology.com\/spanish\/wp-json\/wp\/v2\/media?parent=4250"}],"wp:term":[{"taxonomy":"pwb-brand","embeddable":true,"href":"https:\/\/www.somatechnology.com\/spanish\/wp-json\/wp\/v2\/pwb-brand?post=4250"},{"taxonomy":"product_brand","embeddable":true,"href":"https:\/\/www.somatechnology.com\/spanish\/wp-json\/wp\/v2\/product_brand?post=4250"},{"taxonomy":"product_cat","embeddable":true,"href":"https:\/\/www.somatechnology.com\/spanish\/wp-json\/wp\/v2\/product_cat?post=4250"},{"taxonomy":"product_tag","embeddable":true,"href":"https:\/\/www.somatechnology.com\/spanish\/wp-json\/wp\/v2\/product_tag?post=4250"}],"curies":[{"name":"wp","href":"https:\/\/api.w.org\/{rel}","templated":true}]}}