{"id":4252,"date":"2016-07-19T21:23:11","date_gmt":"2016-07-19T21:23:11","guid":{"rendered":"http:\/\/equipomedicocentral.com\/wordpress\/product\/alaris-imed-gemini-pc-2tx\/"},"modified":"2025-09-23T13:19:53","modified_gmt":"2025-09-23T17:19:53","slug":"alaris-imed-gemini-pc-2tx","status":"publish","type":"product","link":"https:\/\/www.somatechnology.com\/spanish\/equipo-medico-usado-remanufacturado\/terapia-intravenosa\/bombas-intravenosas\/alaris-imed-gemini-pc-2tx\/","title":{"rendered":"BD CareFusion Alaris IMED Gemini PC-2TX"},"content":{"rendered":"<h2>Bomba de Infusi\u00f3n BD CareFusion Alaris IMED Gemini PC-2TX<\/h2>\n<p>La bomba de infusi\u00f3n de Imed Gemini PC 2-TX es un sistema de doble canal de infusi\u00f3n est\u00e1 dise\u00f1ado para ayudar a mejorar la eficiencia del m\u00e9dico y para proporcionar el mayor valor de cualquier bomba de dos canales.<\/p>\n","protected":false},"excerpt":{"rendered":"<p>Bomba de Infusi\u00f3n<\/p>\n","protected":false},"featured_media":11791,"template":"","meta":{"_acf_changed":false,"_relevanssi_hide_post":"","_relevanssi_hide_content":"","_relevanssi_pin_for_all":"","_relevanssi_pin_keywords":"","_relevanssi_unpin_keywords":"","_relevanssi_related_keywords":"","_relevanssi_related_include_ids":"","_relevanssi_related_exclude_ids":"","_relevanssi_related_no_append":"","_relevanssi_related_not_related":"","_relevanssi_related_posts":"","_relevanssi_noindex_reason":"","inline_featured_image":false},"pwb-brand":[1327],"product_brand":[],"product_cat":[52],"product_tag":[3073,3070,3071,3611,3807,3806,3799,3805,3072],"class_list":{"0":"post-4252","1":"product","2":"type-product","3":"status-publish","4":"has-post-thumbnail","6":"pwb-brand-equipo-medico-bd-becton-dickinson","7":"product_cat-bombas-intravenosas","8":"product_tag-alaris-imed-gemini-pc-2tx","9":"product_tag-bd-carefusion-alaris-imed-gemini-pc-2tx","10":"product_tag-bd-carefusion-imed-gemini-pc-2tx","11":"product_tag-bomba-de-infusion","12":"product_tag-bomba-de-infusion-bd","13":"product_tag-bomba-de-infusion-bd-carefusion","14":"product_tag-bomba-de-infusion-bd-carefusion-alaris","15":"product_tag-bomba-de-infusion-bd-carefusion-alaris-imed-gemini-pc-2tx","16":"product_tag-carefusion-alaris-imed-gemini-pc-2tx-alaris-imed-gemini-pc-2tx","18":"first","19":"instock","20":"purchasable","21":"product-type-simple"},"acf":[],"brands":[{"id":1327,"name":"BD","slug":"equipo-medico-bd-becton-dickinson"}],"_links":{"self":[{"href":"https:\/\/www.somatechnology.com\/spanish\/wp-json\/wp\/v2\/product\/4252","targetHints":{"allow":["GET"]}}],"collection":[{"href":"https:\/\/www.somatechnology.com\/spanish\/wp-json\/wp\/v2\/product"}],"about":[{"href":"https:\/\/www.somatechnology.com\/spanish\/wp-json\/wp\/v2\/types\/product"}],"wp:featuredmedia":[{"embeddable":true,"href":"https:\/\/www.somatechnology.com\/spanish\/wp-json\/wp\/v2\/media\/11791"}],"wp:attachment":[{"href":"https:\/\/www.somatechnology.com\/spanish\/wp-json\/wp\/v2\/media?parent=4252"}],"wp:term":[{"taxonomy":"pwb-brand","embeddable":true,"href":"https:\/\/www.somatechnology.com\/spanish\/wp-json\/wp\/v2\/pwb-brand?post=4252"},{"taxonomy":"product_brand","embeddable":true,"href":"https:\/\/www.somatechnology.com\/spanish\/wp-json\/wp\/v2\/product_brand?post=4252"},{"taxonomy":"product_cat","embeddable":true,"href":"https:\/\/www.somatechnology.com\/spanish\/wp-json\/wp\/v2\/product_cat?post=4252"},{"taxonomy":"product_tag","embeddable":true,"href":"https:\/\/www.somatechnology.com\/spanish\/wp-json\/wp\/v2\/product_tag?post=4252"}],"curies":[{"name":"wp","href":"https:\/\/api.w.org\/{rel}","templated":true}]}}