{"id":4256,"date":"2016-07-19T21:23:11","date_gmt":"2016-07-19T21:23:11","guid":{"rendered":"http:\/\/equipomedicocentral.com\/wordpress\/product\/alaris-imed-gemini-pc-4\/"},"modified":"2025-09-23T13:20:06","modified_gmt":"2025-09-23T17:20:06","slug":"alaris-imed-gemini-pc-4","status":"publish","type":"product","link":"https:\/\/www.somatechnology.com\/spanish\/equipo-medico-usado-remanufacturado\/terapia-intravenosa\/bombas-intravenosas\/alaris-imed-gemini-pc-4\/","title":{"rendered":"BD CareFusion Alaris IMED Gemini PC 4"},"content":{"rendered":"<h2>Caracter\u00edsticas del Bomba de Infusi\u00f3n BD CareFusion Alaris IMED Gemini PC 4<\/h2>\n<ul>\n<li>Proporciona la fusi\u00f3n exacta y autom\u00e1tica de drogas intravasculares, de l\u00edquidos, de sangre entera y de gl\u00f3bulos rojos llenos<\/li>\n<li>Bomba y regulador volum\u00e9tricos de la infusi\u00f3n de cuatro canales<\/li>\n<\/ul>\n","protected":false},"excerpt":{"rendered":"<p>Bomba de Infusi\u00f3n<\/p>\n","protected":false},"featured_media":11788,"template":"","meta":{"_acf_changed":false,"_relevanssi_hide_post":"","_relevanssi_hide_content":"","_relevanssi_pin_for_all":"","_relevanssi_pin_keywords":"","_relevanssi_unpin_keywords":"","_relevanssi_related_keywords":"","_relevanssi_related_include_ids":"","_relevanssi_related_exclude_ids":"","_relevanssi_related_no_append":"","_relevanssi_related_not_related":"","_relevanssi_related_posts":"","_relevanssi_noindex_reason":"","inline_featured_image":false},"pwb-brand":[1327],"product_brand":[],"product_cat":[52],"product_tag":[2899,3059,2933,2932,3057,3056,3055,3058,3799,3798,3060,3800],"class_list":{"0":"post-4256","1":"product","2":"type-product","3":"status-publish","4":"has-post-thumbnail","6":"pwb-brand-equipo-medico-bd-becton-dickinson","7":"product_cat-bombas-intravenosas","8":"product_tag-bd","9":"product_tag-bd-alaris-imed-gemini-pc-4","10":"product_tag-bd-carefusion","11":"product_tag-bd-carefusion-alaris","12":"product_tag-bd-carefusion-alaris-imed","13":"product_tag-bd-carefusion-alaris-imed-gemini-p","14":"product_tag-bd-carefusion-alaris-imed-gemini-pc-4","15":"product_tag-bd-carefusion-imed-gemini-pc-4","16":"product_tag-bomba-de-infusion-bd-carefusion-alaris","17":"product_tag-bomba-de-infusion-bd-carefusion-alaris-imed-gemini-pc-4","18":"product_tag-carefusion-alaris-imed-gemini-pc-4","19":"product_tag-imed-gemini-pc-4","21":"first","22":"instock","23":"purchasable","24":"product-type-simple"},"acf":[],"brands":[{"id":1327,"name":"BD","slug":"equipo-medico-bd-becton-dickinson"}],"_links":{"self":[{"href":"https:\/\/www.somatechnology.com\/spanish\/wp-json\/wp\/v2\/product\/4256","targetHints":{"allow":["GET"]}}],"collection":[{"href":"https:\/\/www.somatechnology.com\/spanish\/wp-json\/wp\/v2\/product"}],"about":[{"href":"https:\/\/www.somatechnology.com\/spanish\/wp-json\/wp\/v2\/types\/product"}],"wp:featuredmedia":[{"embeddable":true,"href":"https:\/\/www.somatechnology.com\/spanish\/wp-json\/wp\/v2\/media\/11788"}],"wp:attachment":[{"href":"https:\/\/www.somatechnology.com\/spanish\/wp-json\/wp\/v2\/media?parent=4256"}],"wp:term":[{"taxonomy":"pwb-brand","embeddable":true,"href":"https:\/\/www.somatechnology.com\/spanish\/wp-json\/wp\/v2\/pwb-brand?post=4256"},{"taxonomy":"product_brand","embeddable":true,"href":"https:\/\/www.somatechnology.com\/spanish\/wp-json\/wp\/v2\/product_brand?post=4256"},{"taxonomy":"product_cat","embeddable":true,"href":"https:\/\/www.somatechnology.com\/spanish\/wp-json\/wp\/v2\/product_cat?post=4256"},{"taxonomy":"product_tag","embeddable":true,"href":"https:\/\/www.somatechnology.com\/spanish\/wp-json\/wp\/v2\/product_tag?post=4256"}],"curies":[{"name":"wp","href":"https:\/\/api.w.org\/{rel}","templated":true}]}}