{"id":4277,"date":"2016-07-19T21:23:44","date_gmt":"2016-07-19T21:23:44","guid":{"rendered":"http:\/\/equipomedicocentral.com\/wordpress\/product\/puritan-bennett-840\/"},"modified":"2025-09-23T13:15:58","modified_gmt":"2025-09-23T17:15:58","slug":"puritan-bennett-840","status":"publish","type":"product","link":"https:\/\/www.somatechnology.com\/spanish\/equipo-medico-usado-remanufacturado\/terapia-respiratoria\/puritan-bennett-840\/","title":{"rendered":"Medtronic Covidien Puritan Bennett 840"},"content":{"rendered":"<h2>CARACTER\u00cdSTICAS DE PURITAN BENNETT 840<\/h2>\n<p>El <strong>Medtronic Covidien Puritain Bennett 840<\/strong> es un sistema de ventilaci\u00f3n que puede ayudar a pacientes desde neonatos hasta adultos. El PB 840 cuenta con un sistema PAV que ayuda a mantener un ritmo de respiraci\u00f3n m\u00e1s natural, facilitando la respiraci\u00f3n del paciente. El ventilador tiene una pantalla t\u00e1ctil LCD para la monitorizaci\u00f3n donde se pueden ver los datos y los ajustes de ventilaci\u00f3n al mismo tiempo.<\/p>\n<ul>\n<li>Tecnolog\u00eda avanzada: Pantallas t\u00e1ctiles DualView, neum\u00e1tica de alto rendimiento y electr\u00f3nica de doble microprocesador.<\/li>\n<li>Actualizaciones sencillas: El software puede actualizarse y personalizarse para satisfacer una variedad de necesidades cl\u00ednicas futuras.<\/li>\n<li>Ventilaci\u00f3n no invasiva (NIV) mejorada para su uso con una unidad respiratoria estable.<\/li>\n<li>Integraci\u00f3n de datos: Admite la comunicaci\u00f3n con los principales sistemas de monitorizaci\u00f3n de pacientes y de informaci\u00f3n hospitalaria para su uso en la transferencia electr\u00f3nica de datos.<\/li>\n<li>El software opcional Clinivision Mobile Patient Charting ofrece la posibilidad de practicar una medicina basada en la evidencia.<\/li>\n<li>Bajo coste total de propiedad: El ventilador Puritan Bennett 840 est\u00e1 dise\u00f1ado para entornos de gran volumen. Es duradero, fiable y de f\u00e1cil mantenimiento.<\/li>\n<\/ul>\n","protected":false},"excerpt":{"rendered":"<p>El Medtronic Covidien Puritain Bennett 840 es un sistema de ventilaci\u00f3n que puede ayudar a pacientes desde neonatos hasta adultos. El PB 840 cuenta con un sistema PAV que ayuda a mantener un ritmo de respiraci\u00f3n m\u00e1s natural, facilitando la respiraci\u00f3n del paciente. El ventilador tiene una pantalla t\u00e1ctil LCD para la monitorizaci\u00f3n donde se pueden ver los datos y los ajustes de ventilaci\u00f3n al mismo tiempo.<\/p>\n","protected":false},"featured_media":20468,"template":"","meta":{"_acf_changed":false,"_relevanssi_hide_post":"","_relevanssi_hide_content":"","_relevanssi_pin_for_all":"","_relevanssi_pin_keywords":"","_relevanssi_unpin_keywords":"","_relevanssi_related_keywords":"","_relevanssi_related_include_ids":"","_relevanssi_related_exclude_ids":"","_relevanssi_related_no_append":"","_relevanssi_related_not_related":"","_relevanssi_related_posts":"","_relevanssi_noindex_reason":"","inline_featured_image":false},"pwb-brand":[1107],"product_brand":[],"product_cat":[7009,51],"product_tag":[1495,352,1499,1498,466,1494,1497,1493,1496,1032,1469,1028,6886],"class_list":{"0":"post-4277","1":"product","2":"type-product","3":"status-publish","4":"has-post-thumbnail","6":"pwb-brand-equipo-medico-medtronic","7":"product_cat-terapia-respiratoria","8":"product_cat-ventiladores","9":"product_tag-1495","10":"product_tag-covidien","11":"product_tag-covidien-pb-840","12":"product_tag-covidien-puritan-bennett-840","13":"product_tag-medtronic","14":"product_tag-pb","15":"product_tag-pb-840","16":"product_tag-puritan-bennett","17":"product_tag-puritan-bennett-840","18":"product_tag-ventilador","19":"product_tag-ventiladore","20":"product_tag-ventiladores","21":"product_tag-ventiladores-medtronic-y-puritan-bennett","23":"first","24":"instock","25":"featured","26":"purchasable","27":"product-type-simple"},"acf":[],"brands":[{"id":1107,"name":"Medtronic","slug":"equipo-medico-medtronic"}],"_links":{"self":[{"href":"https:\/\/www.somatechnology.com\/spanish\/wp-json\/wp\/v2\/product\/4277","targetHints":{"allow":["GET"]}}],"collection":[{"href":"https:\/\/www.somatechnology.com\/spanish\/wp-json\/wp\/v2\/product"}],"about":[{"href":"https:\/\/www.somatechnology.com\/spanish\/wp-json\/wp\/v2\/types\/product"}],"wp:featuredmedia":[{"embeddable":true,"href":"https:\/\/www.somatechnology.com\/spanish\/wp-json\/wp\/v2\/media\/20468"}],"wp:attachment":[{"href":"https:\/\/www.somatechnology.com\/spanish\/wp-json\/wp\/v2\/media?parent=4277"}],"wp:term":[{"taxonomy":"pwb-brand","embeddable":true,"href":"https:\/\/www.somatechnology.com\/spanish\/wp-json\/wp\/v2\/pwb-brand?post=4277"},{"taxonomy":"product_brand","embeddable":true,"href":"https:\/\/www.somatechnology.com\/spanish\/wp-json\/wp\/v2\/product_brand?post=4277"},{"taxonomy":"product_cat","embeddable":true,"href":"https:\/\/www.somatechnology.com\/spanish\/wp-json\/wp\/v2\/product_cat?post=4277"},{"taxonomy":"product_tag","embeddable":true,"href":"https:\/\/www.somatechnology.com\/spanish\/wp-json\/wp\/v2\/product_tag?post=4277"}],"curies":[{"name":"wp","href":"https:\/\/api.w.org\/{rel}","templated":true}]}}